{"id":9121,"date":"2025-10-28T10:38:15","date_gmt":"2025-10-28T10:38:15","guid":{"rendered":""},"modified":"2026-02-24T09:52:33","modified_gmt":"2026-02-24T08:52:33","slug":"porto-vintage-2017-fonseca","status":"publish","type":"product","link":"https:\/\/petitecave.ch\/de\/product\/porto-vintage-2017-fonseca\/","title":{"rendered":"Porto Vintage 2017 &#8211; Fonseca"},"content":{"rendered":"<p><strong>NOTE DE D\u00c9GUSTATION<\/strong><\/p>\n<p>Un anneau magenta \u00e9troit autour d\u2019un noyau de noir pourpre d\u2019encre.<\/p>\n<p>Le nez s\u2019ouvre sur une rafale de fruits sombres et bois\u00e9s, denses et succulents, m\u00e9lang\u00e9s \u00e0 des ar\u00f4mes de baies rouges plus frais et plus vibrants. Une min\u00e9ralit\u00e9 ardoise tient en \u00e9chec ce fruit\u00e9 exub\u00e9rant. A ce stade, le nez est encore r\u00e9serv\u00e9 et discr\u00e8tement aromatique, r\u00e9v\u00e9lant des senteurs feuillues, balsamiques et des notes c\u00e9dantes de bois sci\u00e9.<\/p>\n<p>La premi\u00e8re impression en bouche, comme au nez, est de fruits noirs denses et serr\u00e9s, qui explosent ensuite au milieu du palais et se jettent dans la finale longue. La texture est ronde et velout\u00e9e, mais les tanins tendus et tendres et un brin d\u2019acidit\u00e9 croustillante apportent fermet\u00e9 et structure. Le fruit complexe et stratifi\u00e9 typique de Fonseca l\u2019influence sur ce vin lourd et puissant.<\/p>","protected":false},"excerpt":{"rendered":"<p><strong>Fonseca Vintage Porto 2017 &#8211; Maison Fonseca\u00a0<\/strong><\/p>\n<p>\u00a0<\/p>\n<p><i>Fonseca appartient au premier rang des producteurs de Porto Vintage depuis le XIXe si\u00e8cle. Ses Portos Vintage sont r\u00e9put\u00e9s pour leur fruit\u00e9 succulent qui d\u00e9veloppe une grande opulence et complexit\u00e9 avec l\u2019\u00e2ge.\u00a0<\/i><\/p>","protected":false},"featured_media":12519,"comment_status":"open","ping_status":"open","template":"","meta":[],"product_cat":[278],"product_tag":[],"class_list":{"0":"post-9121","1":"product","2":"type-product","3":"status-publish","4":"has-post-thumbnail","6":"product_cat-porto","7":"pa_country-portugal","8":"pa_volume-70-cl","9":"_wholesalex wsx-wholesalex-product","11":"first","12":"instock","13":"taxable","14":"shipping-taxable","15":"purchasable","16":"product-type-simple"},"_links":{"self":[{"href":"https:\/\/petitecave.ch\/de\/wp-json\/wp\/v2\/product\/9121","targetHints":{"allow":["GET"]}}],"collection":[{"href":"https:\/\/petitecave.ch\/de\/wp-json\/wp\/v2\/product"}],"about":[{"href":"https:\/\/petitecave.ch\/de\/wp-json\/wp\/v2\/types\/product"}],"replies":[{"embeddable":true,"href":"https:\/\/petitecave.ch\/de\/wp-json\/wp\/v2\/comments?post=9121"}],"wp:featuredmedia":[{"embeddable":true,"href":"https:\/\/petitecave.ch\/de\/wp-json\/wp\/v2\/media\/12519"}],"wp:attachment":[{"href":"https:\/\/petitecave.ch\/de\/wp-json\/wp\/v2\/media?parent=9121"}],"wp:term":[{"taxonomy":"product_cat","embeddable":true,"href":"https:\/\/petitecave.ch\/de\/wp-json\/wp\/v2\/product_cat?post=9121"},{"taxonomy":"product_tag","embeddable":true,"href":"https:\/\/petitecave.ch\/de\/wp-json\/wp\/v2\/product_tag?post=9121"}],"curies":[{"name":"wp","href":"https:\/\/api.w.org\/{rel}","templated":true}]}}