{"id":9117,"date":"2025-10-28T10:38:11","date_gmt":"2025-10-28T10:38:11","guid":{"rendered":""},"modified":"2026-02-20T16:33:52","modified_gmt":"2026-02-20T15:33:52","slug":"williams-honig-appenzeller-50cl","status":"publish","type":"product","link":"https:\/\/petitecave.ch\/de\/product\/williams-honig-appenzeller-50cl\/","title":{"rendered":"Williams Honig &#8211; Appenzeller 50cl"},"content":{"rendered":"<p>Williams Honig 35% Appenzeller 50Cl<\/p>","protected":false},"excerpt":{"rendered":"<p><strong>Williams Honig &#8211; Appenzeller Alpenbitter AG<\/strong><\/p>\n<p><strong><\/strong><\/p>\n<p><i>Le m\u00e9lange de la v\u00e9ritable eau-de-vie de poires Williams suisse et du miel le plus fin conf\u00e8re \u00e0 ce produit son caract\u00e8re doux et fruit\u00e9.<\/i><\/p>","protected":false},"featured_media":12515,"comment_status":"open","ping_status":"open","template":"","meta":[],"product_cat":[269],"product_tag":[],"class_list":{"0":"post-9117","1":"product","2":"type-product","3":"status-publish","4":"has-post-thumbnail","6":"product_cat-liqueurs","7":"pa_country-suisse","8":"pa_volume-50cl","9":"_wholesalex wsx-wholesalex-product","11":"first","12":"instock","13":"taxable","14":"shipping-taxable","15":"purchasable","16":"product-type-simple"},"_links":{"self":[{"href":"https:\/\/petitecave.ch\/de\/wp-json\/wp\/v2\/product\/9117","targetHints":{"allow":["GET"]}}],"collection":[{"href":"https:\/\/petitecave.ch\/de\/wp-json\/wp\/v2\/product"}],"about":[{"href":"https:\/\/petitecave.ch\/de\/wp-json\/wp\/v2\/types\/product"}],"replies":[{"embeddable":true,"href":"https:\/\/petitecave.ch\/de\/wp-json\/wp\/v2\/comments?post=9117"}],"wp:featuredmedia":[{"embeddable":true,"href":"https:\/\/petitecave.ch\/de\/wp-json\/wp\/v2\/media\/12515"}],"wp:attachment":[{"href":"https:\/\/petitecave.ch\/de\/wp-json\/wp\/v2\/media?parent=9117"}],"wp:term":[{"taxonomy":"product_cat","embeddable":true,"href":"https:\/\/petitecave.ch\/de\/wp-json\/wp\/v2\/product_cat?post=9117"},{"taxonomy":"product_tag","embeddable":true,"href":"https:\/\/petitecave.ch\/de\/wp-json\/wp\/v2\/product_tag?post=9117"}],"curies":[{"name":"wp","href":"https:\/\/api.w.org\/{rel}","templated":true}]}}