{"id":9116,"date":"2025-10-28T10:38:10","date_gmt":"2025-10-28T10:38:10","guid":{"rendered":""},"modified":"2026-02-20T16:29:54","modified_gmt":"2026-02-20T15:29:54","slug":"liqueur-de-williamine-morand-70cl","status":"publish","type":"product","link":"https:\/\/petitecave.ch\/de\/product\/liqueur-de-williamine-morand-70cl\/","title":{"rendered":"Liqueur de Williamine &#8211; Morand 70cl"},"content":{"rendered":"<p>Tr\u00e8s pratique \u00e0 utiliser en cocktails, notamment dans le Williamine\u00ae Mojito ou le \u00ab Moiti\u00e9-Moiti\u00e9 \u00bb o\u00f9 elle est m\u00e9lang\u00e9e \u00e0 part \u00e9gale avec la Williamine\u00ae.<\/p>","protected":false},"excerpt":{"rendered":"<p><strong>Liqueur de Williamine\u00a0 &#8211; Distillerie Morand &#8211; Martigny\u00a0<\/strong><\/p>\n<p><strong><\/strong><\/p>\n<p><i>Liqueur de poires Williams du Valais AOC de haute qualit\u00e9, au nez typique du fruit et au go\u00fbt riche, complexe, long en bouche et bien \u00e9quilibr\u00e9.<\/i><\/p>","protected":false},"featured_media":12514,"comment_status":"open","ping_status":"open","template":"","meta":[],"product_cat":[269],"product_tag":[],"class_list":{"0":"post-9116","1":"product","2":"type-product","3":"status-publish","4":"has-post-thumbnail","6":"product_cat-liqueurs","7":"pa_country-suisse","8":"pa_volume-70-cl","9":"_wholesalex wsx-wholesalex-product","11":"first","12":"instock","13":"taxable","14":"shipping-taxable","15":"purchasable","16":"product-type-simple"},"_links":{"self":[{"href":"https:\/\/petitecave.ch\/de\/wp-json\/wp\/v2\/product\/9116","targetHints":{"allow":["GET"]}}],"collection":[{"href":"https:\/\/petitecave.ch\/de\/wp-json\/wp\/v2\/product"}],"about":[{"href":"https:\/\/petitecave.ch\/de\/wp-json\/wp\/v2\/types\/product"}],"replies":[{"embeddable":true,"href":"https:\/\/petitecave.ch\/de\/wp-json\/wp\/v2\/comments?post=9116"}],"wp:featuredmedia":[{"embeddable":true,"href":"https:\/\/petitecave.ch\/de\/wp-json\/wp\/v2\/media\/12514"}],"wp:attachment":[{"href":"https:\/\/petitecave.ch\/de\/wp-json\/wp\/v2\/media?parent=9116"}],"wp:term":[{"taxonomy":"product_cat","embeddable":true,"href":"https:\/\/petitecave.ch\/de\/wp-json\/wp\/v2\/product_cat?post=9116"},{"taxonomy":"product_tag","embeddable":true,"href":"https:\/\/petitecave.ch\/de\/wp-json\/wp\/v2\/product_tag?post=9116"}],"curies":[{"name":"wp","href":"https:\/\/api.w.org\/{rel}","templated":true}]}}