{"id":9115,"date":"2025-10-28T10:38:09","date_gmt":"2025-10-28T10:38:09","guid":{"rendered":""},"modified":"2026-02-20T14:55:22","modified_gmt":"2026-02-20T13:55:22","slug":"williamine-carafe-avec-poire-60cl","status":"publish","type":"product","link":"https:\/\/petitecave.ch\/de\/product\/williamine-carafe-avec-poire-60cl\/","title":{"rendered":"Williamine Carafe avec Poire 60cl"},"content":{"rendered":"<p>Se d\u00e9guste id\u00e9alement en digestif, \u00e0 temp\u00e9rature ambiante, fra\u00eeche voire frapp\u00e9e, selon les go\u00fbts.<\/p>\n<\/p>\n<p>Se marie tr\u00e8s bien en long drink avec du Tonic ou du grapefruit. En dessert sur un sorbet poire, sur une boule de glace vanille ou pour souligner un nappage au chocolat. Comme ingr\u00e9dient pour divers cocktails.<\/p>","protected":false},"excerpt":{"rendered":"<p><strong>Williamine Carafe Avec Poire &#8211; Distillerie Morand &#8211;\u00a0Martigny<\/strong><\/p>\n<p>\u00a0<\/p>\n<p><i>Carafe Williamine\u00ae Morand avec la vraie poire. La bouteille Williamine avec sa poire naturelle est un objet d\u00e9licat et culte transmis de g\u00e9n\u00e9ration en g\u00e9n\u00e9ration.<\/i><\/p>\n<p><i>La Williamine\u00ae Morand est une marque d\u00e9pos\u00e9e internationalement depuis 1953.<\/i><\/p>\n<p><i>Eau-de-vie de poires Williams du Valais AOP de haute qualit\u00e9, au nez typique du fruit et au go\u00fbt riche, complexe, long en bouche et bien \u00e9quilibr\u00e9. 12Kg de poires Williams pour 1 litre de Williamine. Saveur intense et fruit\u00e9e.<\/i><\/p>\n<p>\u00a0<\/p>\n<p><b>Rupture de stock chez le fournisseur jusqu&rsquo;\u00e0 d\u00e9but octobre<\/b><\/p>","protected":false},"featured_media":12513,"comment_status":"open","ping_status":"open","template":"","meta":[],"product_cat":[270],"product_tag":[],"class_list":{"0":"post-9115","1":"product","2":"type-product","3":"status-publish","4":"has-post-thumbnail","6":"product_cat-eau-de-vie","7":"pa_country-suisse","8":"pa_volume-62-cl","9":"_wholesalex wsx-wholesalex-product","11":"first","12":"instock","13":"taxable","14":"shipping-taxable","15":"purchasable","16":"product-type-simple"},"_links":{"self":[{"href":"https:\/\/petitecave.ch\/de\/wp-json\/wp\/v2\/product\/9115","targetHints":{"allow":["GET"]}}],"collection":[{"href":"https:\/\/petitecave.ch\/de\/wp-json\/wp\/v2\/product"}],"about":[{"href":"https:\/\/petitecave.ch\/de\/wp-json\/wp\/v2\/types\/product"}],"replies":[{"embeddable":true,"href":"https:\/\/petitecave.ch\/de\/wp-json\/wp\/v2\/comments?post=9115"}],"wp:featuredmedia":[{"embeddable":true,"href":"https:\/\/petitecave.ch\/de\/wp-json\/wp\/v2\/media\/12513"}],"wp:attachment":[{"href":"https:\/\/petitecave.ch\/de\/wp-json\/wp\/v2\/media?parent=9115"}],"wp:term":[{"taxonomy":"product_cat","embeddable":true,"href":"https:\/\/petitecave.ch\/de\/wp-json\/wp\/v2\/product_cat?post=9115"},{"taxonomy":"product_tag","embeddable":true,"href":"https:\/\/petitecave.ch\/de\/wp-json\/wp\/v2\/product_tag?post=9115"}],"curies":[{"name":"wp","href":"https:\/\/api.w.org\/{rel}","templated":true}]}}