{"id":9111,"date":"2025-10-28T10:38:06","date_gmt":"2025-10-28T10:38:06","guid":{"rendered":""},"modified":"2026-02-20T16:20:50","modified_gmt":"2026-02-20T15:20:50","slug":"liqueur-de-coco-tucano-coquito-70cl","status":"publish","type":"product","link":"https:\/\/petitecave.ch\/de\/product\/liqueur-de-coco-tucano-coquito-70cl\/","title":{"rendered":"Liqueur de Coco &#8211; Tucano Coquito 70cl"},"content":{"rendered":"<p><strong>Nez :<\/strong> Ar\u00f4me de noix de coco<\/p>\n<p><strong>Bouche :<\/strong> Go\u00fbt doux de noix de coco<\/p>\n<p><strong>Finale :<\/strong> Longue finale au go\u00fbt de noix de coco<\/p>","protected":false},"excerpt":{"rendered":"<p><strong>Liqueur de Coco &#8211; Tucano Coquito\u00a0<\/strong><\/p>\n<p><strong><\/strong><\/p>\n<p><i>La Tucano Liqueur Coquito est une liqueur de noix de coco \u00e0 utiliser pour faire des cocktails exotiques, ou \u00e0 consommer pure.<\/i><\/p>\n<p><i>Coquito veut dire \u00abpetite noix de coco\u00bb \u2013 \u00e0 Puerto Rico on boit surtout la liqueur de noix de coco traditionnelle \u00e0 No\u00ebl. Les ingr\u00e9dients de base du Coquito sont le rhum, le lait et la cr\u00e8me de coco. S\u2019y ajoutent des \u00e9pices et des ar\u00f4mes naturels qui viennent parfaire son go\u00fbt d\u00e9licat.<\/i><\/p>\n<p><i>Il existe dans les Cara\u00efbes d\u2019innombrables liqueurs de noix de coco diff\u00e9rentes, qui ne se distinguent la plupart du temps que par d\u2019infimes nuances. Dans les Cara\u00efbes, le Coquito est tr\u00e8s appr\u00e9ci\u00e9 et est consomm\u00e9 la plupart du temps pur, avec de la glace. Mais m\u00e9lang\u00e9 \u00e0 diff\u00e9rents jus de fruits ou \u00e0 d\u2019autres liqueurs et spiritueux, il permet aussi de cr\u00e9er des cocktails. La liqueur de noix de coco donne aux drinks une petite touche tropicale et exotique.<\/i><\/p><\/p>","protected":false},"featured_media":12509,"comment_status":"open","ping_status":"open","template":"","meta":[],"product_cat":[269],"product_tag":[],"class_list":{"0":"post-9111","1":"product","2":"type-product","3":"status-publish","4":"has-post-thumbnail","6":"product_cat-liqueurs","7":"pa_country-suisse","8":"pa_volume-70-cl","9":"_wholesalex wsx-wholesalex-product","11":"first","12":"instock","13":"taxable","14":"shipping-taxable","15":"purchasable","16":"product-type-simple"},"_links":{"self":[{"href":"https:\/\/petitecave.ch\/de\/wp-json\/wp\/v2\/product\/9111","targetHints":{"allow":["GET"]}}],"collection":[{"href":"https:\/\/petitecave.ch\/de\/wp-json\/wp\/v2\/product"}],"about":[{"href":"https:\/\/petitecave.ch\/de\/wp-json\/wp\/v2\/types\/product"}],"replies":[{"embeddable":true,"href":"https:\/\/petitecave.ch\/de\/wp-json\/wp\/v2\/comments?post=9111"}],"wp:featuredmedia":[{"embeddable":true,"href":"https:\/\/petitecave.ch\/de\/wp-json\/wp\/v2\/media\/12509"}],"wp:attachment":[{"href":"https:\/\/petitecave.ch\/de\/wp-json\/wp\/v2\/media?parent=9111"}],"wp:term":[{"taxonomy":"product_cat","embeddable":true,"href":"https:\/\/petitecave.ch\/de\/wp-json\/wp\/v2\/product_cat?post=9111"},{"taxonomy":"product_tag","embeddable":true,"href":"https:\/\/petitecave.ch\/de\/wp-json\/wp\/v2\/product_tag?post=9111"}],"curies":[{"name":"wp","href":"https:\/\/api.w.org\/{rel}","templated":true}]}}