{"id":9110,"date":"2025-10-28T10:38:05","date_gmt":"2025-10-28T10:38:05","guid":{"rendered":""},"modified":"2026-02-20T16:29:54","modified_gmt":"2026-02-20T15:29:54","slug":"swiss-rock-coffee-mix-williamine-50cl","status":"publish","type":"product","link":"https:\/\/petitecave.ch\/de\/product\/swiss-rock-coffee-mix-williamine-50cl\/","title":{"rendered":"Swiss Rock Coffee Mix Williamine 50cl"},"content":{"rendered":"<p>Verser 2cl de pr\u00e9mix dans un verre. Ensuite tirer un expresso bien serr\u00e9 au-dessus du pr\u00e9mix et couvrir le caf\u00e9 de cr\u00e8me fouett\u00e9e dans un mouvement circulaire.<\/p>\n<p>Une paille courte ou une petite cuill\u00e8re permet de m\u00e9langer les 3 couches avant de consommer le Swiss Rock.<\/p>","protected":false},"excerpt":{"rendered":"<p><strong>Swiss Rock Coffee Mix Williamine &#8211; Distillerie Morand &#8211; Martigny\u00a0<\/strong><\/p>\n<p><strong><\/strong><\/p>\n<p><i>Le \u00ab Swiss\u00a0Rock\u00ae Williamine\u00ae \u00bb est un pr\u00e9mix. Ce produit est compos\u00e9 d\u2019un m\u00e9lange d\u2019eau-de-vie de Poire Williams du Valais AOP et de sirop de sucre.<\/i><\/p>\n<p><i>Moderne et petit, l&rsquo;Irish revisit\u00e9<\/i><\/p>","protected":false},"featured_media":12508,"comment_status":"open","ping_status":"open","template":"","meta":[],"product_cat":[269],"product_tag":[],"class_list":{"0":"post-9110","1":"product","2":"type-product","3":"status-publish","4":"has-post-thumbnail","6":"product_cat-liqueurs","7":"pa_country-suisse","8":"pa_volume-50cl","9":"_wholesalex wsx-wholesalex-product","11":"first","12":"instock","13":"taxable","14":"shipping-taxable","15":"purchasable","16":"product-type-simple"},"_links":{"self":[{"href":"https:\/\/petitecave.ch\/de\/wp-json\/wp\/v2\/product\/9110","targetHints":{"allow":["GET"]}}],"collection":[{"href":"https:\/\/petitecave.ch\/de\/wp-json\/wp\/v2\/product"}],"about":[{"href":"https:\/\/petitecave.ch\/de\/wp-json\/wp\/v2\/types\/product"}],"replies":[{"embeddable":true,"href":"https:\/\/petitecave.ch\/de\/wp-json\/wp\/v2\/comments?post=9110"}],"wp:featuredmedia":[{"embeddable":true,"href":"https:\/\/petitecave.ch\/de\/wp-json\/wp\/v2\/media\/12508"}],"wp:attachment":[{"href":"https:\/\/petitecave.ch\/de\/wp-json\/wp\/v2\/media?parent=9110"}],"wp:term":[{"taxonomy":"product_cat","embeddable":true,"href":"https:\/\/petitecave.ch\/de\/wp-json\/wp\/v2\/product_cat?post=9110"},{"taxonomy":"product_tag","embeddable":true,"href":"https:\/\/petitecave.ch\/de\/wp-json\/wp\/v2\/product_tag?post=9110"}],"curies":[{"name":"wp","href":"https:\/\/api.w.org\/{rel}","templated":true}]}}