{"id":9108,"date":"2025-10-28T10:38:02","date_gmt":"2025-10-28T10:38:02","guid":{"rendered":""},"modified":"2026-02-20T16:29:54","modified_gmt":"2026-02-20T15:29:54","slug":"liqueur-de-sureau-saint-germain-70cl","status":"publish","type":"product","link":"https:\/\/petitecave.ch\/de\/product\/liqueur-de-sureau-saint-germain-70cl\/","title":{"rendered":"Liqueur de Sureau &#8211; Saint-Germain 70cl"},"content":{"rendered":"<p>Une liqueur aux notes sucr\u00e9es et florales.<\/p>\n<p>Id\u00e9al pour les cocktails comme le Hugo par exemple.<\/p>","protected":false},"excerpt":{"rendered":"<p><strong>Liqueur de Sureau &#8211; Saint-Germain &#8211; Dijon<\/strong><\/p>\n<p><\/p>\n<p><i>Cette liqueur de sureau est fabriqu\u00e9e \u00e0 100% avec des fleurs de sureau fra\u00eeches et tri\u00e9es sur le volet, r\u00e9colt\u00e9es seulement une fois par ann\u00e9e pendant une certaine p\u00e9riode. Elle est mac\u00e9r\u00e9e avec de l\u2019eau-de-vie et de la canne \u00e0 sucre pure, ce qui pr\u00e9serve la note fra\u00eeche de sureau dans le produit final. Compar\u00e9e \u00e0 d&rsquo;autres liqueurs, la \u00ab\u00a0St. Germain Elderflower\u00a0\u00bb a une faible teneur en sucre; en outre, la distillerie fran\u00e7aise se passe de l&rsquo;ajout de conservateurs artificiels. Ce caract\u00e8re naturel est soulign\u00e9 par la mention de l&rsquo;ann\u00e9e durant laquelle les fleurs de sureau ont \u00e9t\u00e9 r\u00e9colt\u00e9es. La liqueur est embouteill\u00e9e dans une bouteille monolithique \u00e0 huit faces qui rend hommage aux temps de l&rsquo;Art D\u00e9co et de la Belle Epoque dans le quartier parisien de Saint-Germain-des-Pr\u00e9s.<\/i><\/p>\n<p><\/p>","protected":false},"featured_media":12506,"comment_status":"open","ping_status":"open","template":"","meta":[],"product_cat":[269],"product_tag":[],"class_list":{"0":"post-9108","1":"product","2":"type-product","3":"status-publish","4":"has-post-thumbnail","6":"product_cat-liqueurs","7":"pa_country-france","8":"pa_volume-70-cl","9":"_wholesalex wsx-wholesalex-product","11":"first","12":"instock","13":"taxable","14":"shipping-taxable","15":"purchasable","16":"product-type-simple"},"_links":{"self":[{"href":"https:\/\/petitecave.ch\/de\/wp-json\/wp\/v2\/product\/9108","targetHints":{"allow":["GET"]}}],"collection":[{"href":"https:\/\/petitecave.ch\/de\/wp-json\/wp\/v2\/product"}],"about":[{"href":"https:\/\/petitecave.ch\/de\/wp-json\/wp\/v2\/types\/product"}],"replies":[{"embeddable":true,"href":"https:\/\/petitecave.ch\/de\/wp-json\/wp\/v2\/comments?post=9108"}],"wp:featuredmedia":[{"embeddable":true,"href":"https:\/\/petitecave.ch\/de\/wp-json\/wp\/v2\/media\/12506"}],"wp:attachment":[{"href":"https:\/\/petitecave.ch\/de\/wp-json\/wp\/v2\/media?parent=9108"}],"wp:term":[{"taxonomy":"product_cat","embeddable":true,"href":"https:\/\/petitecave.ch\/de\/wp-json\/wp\/v2\/product_cat?post=9108"},{"taxonomy":"product_tag","embeddable":true,"href":"https:\/\/petitecave.ch\/de\/wp-json\/wp\/v2\/product_tag?post=9108"}],"curies":[{"name":"wp","href":"https:\/\/api.w.org\/{rel}","templated":true}]}}