{"id":9105,"date":"2025-10-28T10:38:00","date_gmt":"2025-10-28T10:38:00","guid":{"rendered":""},"modified":"2026-02-20T16:04:25","modified_gmt":"2026-02-20T15:04:25","slug":"liqueur-de-melon-joseph-cartron-50cl","status":"publish","type":"product","link":"https:\/\/petitecave.ch\/de\/product\/liqueur-de-melon-joseph-cartron-50cl\/","title":{"rendered":"Liqueur de Melon &#8211; Joseph Cartron 50cl"},"content":{"rendered":"<p><strong>Nez :<\/strong> Intense avec une fra\u00eecheur aromatique et une grande puret\u00e9 du fruit. Belle d\u00e9finition du fruit sans lourdeur<\/p>\n<p><strong>Bouche :<\/strong> Elle montre une sucrosit\u00e9 bien enrob\u00e9e \u00e0 la chair du fruit avec une fine amertume en fin de bouche qui rehausse la persistance<\/p>","protected":false},"excerpt":{"rendered":"<p><strong>Liqueur de Melon &#8211; Joseph Cartron &#8211; Bourgogne<\/strong><\/p>\n<p>\u00a0<\/p>\n<p><i>Cr\u00e9\u00e9e en 1882, la maison Cartron est situ\u00e9e des vignobles bourguignons.<\/i><i> C&rsquo;est \u00e0 Nuits-Saint-Georges, pr\u00e9cis\u00e9ment, que les eaux-de-vie de fruits, les liqueurs, les cr\u00e8mes et d\u2019autres spiritueux haut de gamme sont produits selon d&rsquo;anciennes recettes, des techniques traditionnelles et avec des fruits de haute qualit\u00e9. La famille Cartron, qui dirige encore aujourd&rsquo;hui la distillerie, s&rsquo;appuie sur la tradition : tous les fruits utilis\u00e9s proviennent des m\u00eames fermes depuis des g\u00e9n\u00e9rations, \u00e0 20 km de Nuits-Saint-Georges. Cela garantit une qualit\u00e9 constante et \u00e9lev\u00e9e &#8211; et donc des produits finis, qui sont embouteill\u00e9s dans d&rsquo;\u00e9l\u00e9gantes bouteilles.<\/i><\/p>","protected":false},"featured_media":12503,"comment_status":"open","ping_status":"open","template":"","meta":[],"product_cat":[269],"product_tag":[],"class_list":{"0":"post-9105","1":"product","2":"type-product","3":"status-publish","4":"has-post-thumbnail","6":"product_cat-liqueurs","7":"pa_country-france","8":"pa_volume-50cl","9":"_wholesalex wsx-wholesalex-product","11":"first","12":"instock","13":"taxable","14":"shipping-taxable","15":"purchasable","16":"product-type-simple"},"_links":{"self":[{"href":"https:\/\/petitecave.ch\/de\/wp-json\/wp\/v2\/product\/9105","targetHints":{"allow":["GET"]}}],"collection":[{"href":"https:\/\/petitecave.ch\/de\/wp-json\/wp\/v2\/product"}],"about":[{"href":"https:\/\/petitecave.ch\/de\/wp-json\/wp\/v2\/types\/product"}],"replies":[{"embeddable":true,"href":"https:\/\/petitecave.ch\/de\/wp-json\/wp\/v2\/comments?post=9105"}],"wp:featuredmedia":[{"embeddable":true,"href":"https:\/\/petitecave.ch\/de\/wp-json\/wp\/v2\/media\/12503"}],"wp:attachment":[{"href":"https:\/\/petitecave.ch\/de\/wp-json\/wp\/v2\/media?parent=9105"}],"wp:term":[{"taxonomy":"product_cat","embeddable":true,"href":"https:\/\/petitecave.ch\/de\/wp-json\/wp\/v2\/product_cat?post=9105"},{"taxonomy":"product_tag","embeddable":true,"href":"https:\/\/petitecave.ch\/de\/wp-json\/wp\/v2\/product_tag?post=9105"}],"curies":[{"name":"wp","href":"https:\/\/api.w.org\/{rel}","templated":true}]}}