{"id":9100,"date":"2025-10-28T10:37:55","date_gmt":"2025-10-28T10:37:55","guid":{"rendered":""},"modified":"2026-02-20T16:29:54","modified_gmt":"2026-02-20T15:29:54","slug":"liqueur-framboise-morand-70cl","status":"publish","type":"product","link":"https:\/\/petitecave.ch\/de\/product\/liqueur-framboise-morand-70cl\/","title":{"rendered":"Liqueur Framboise &#8211; Morand 70cl"},"content":{"rendered":"<p>Se d\u00e9guste id\u00e9alement en digestif, fra\u00eeche, sur glace ou \u00e0 temp\u00e9rature ambiante, selon les go\u00fbts.<\/p>\n<p>Se marie tr\u00e8s bien avec du mousseux sous forme de kir, en cocktail ou en moiti\u00e9 moiti\u00e9 avec l\u2019eau-de-vie de Framboise sur un lit de glace pil\u00e9e. En dessert sur une boule de glace vanille ou pour souligner une salade de fruits.<\/p>","protected":false},"excerpt":{"rendered":"<p><strong>Liqueur Framboise &#8211; Distillerie Morand &#8211; Martigny\u00a0<\/strong><\/p>\n<p><strong><\/strong><\/p>\n<p><i>Liqueur de framboises du Valais et d\u2019Europe, au nez envo\u00fbtant et tr\u00e8s aromatique, et au go\u00fbt \u00e9voquant la douceur du coulis de framboises, long en bouche et bien \u00e9quilibr\u00e9.<\/i><\/p>","protected":false},"featured_media":12498,"comment_status":"open","ping_status":"open","template":"","meta":[],"product_cat":[269],"product_tag":[],"class_list":{"0":"post-9100","1":"product","2":"type-product","3":"status-publish","4":"has-post-thumbnail","6":"product_cat-liqueurs","7":"pa_country-suisse","8":"_wholesalex wsx-wholesalex-product","10":"first","11":"instock","12":"taxable","13":"shipping-taxable","14":"purchasable","15":"product-type-simple"},"_links":{"self":[{"href":"https:\/\/petitecave.ch\/de\/wp-json\/wp\/v2\/product\/9100","targetHints":{"allow":["GET"]}}],"collection":[{"href":"https:\/\/petitecave.ch\/de\/wp-json\/wp\/v2\/product"}],"about":[{"href":"https:\/\/petitecave.ch\/de\/wp-json\/wp\/v2\/types\/product"}],"replies":[{"embeddable":true,"href":"https:\/\/petitecave.ch\/de\/wp-json\/wp\/v2\/comments?post=9100"}],"wp:featuredmedia":[{"embeddable":true,"href":"https:\/\/petitecave.ch\/de\/wp-json\/wp\/v2\/media\/12498"}],"wp:attachment":[{"href":"https:\/\/petitecave.ch\/de\/wp-json\/wp\/v2\/media?parent=9100"}],"wp:term":[{"taxonomy":"product_cat","embeddable":true,"href":"https:\/\/petitecave.ch\/de\/wp-json\/wp\/v2\/product_cat?post=9100"},{"taxonomy":"product_tag","embeddable":true,"href":"https:\/\/petitecave.ch\/de\/wp-json\/wp\/v2\/product_tag?post=9100"}],"curies":[{"name":"wp","href":"https:\/\/api.w.org\/{rel}","templated":true}]}}