{"id":9099,"date":"2025-10-28T10:37:54","date_gmt":"2025-10-28T10:37:54","guid":{"rendered":""},"modified":"2026-02-20T16:29:54","modified_gmt":"2026-02-20T15:29:54","slug":"liqueur-de-p-che-jardins-secrets","status":"publish","type":"product","link":"https:\/\/petitecave.ch\/de\/product\/liqueur-de-p-che-jardins-secrets\/","title":{"rendered":"Liqueur de P\u00eache &#8211; Jardins Secrets 70cl"},"content":{"rendered":"<p>Nez frais et agr\u00e9able, effluves d&rsquo;un fruit bien m\u00fbr fra\u00eechement cueilli. Bouche vive et fruit\u00e9e. Intensit\u00e9 aromatique marqu\u00e9e par des notes compot\u00e9es de fruit frais. Le noyau du fruit se fait ressentir en fin de d\u00e9gustation.<\/p>\n<p>\u00c0 servir \u00e0 l&rsquo;ap\u00e9ritif avec un vin blanc sec, un vin mousseux, ou en cocktails. En coulis sur un sorbet melon ou past\u00e8que ou sur une glace vanille.<\/p>","protected":false},"excerpt":{"rendered":"<p><strong>Liqueur de P\u00eache &#8211; Jardins Secrets<\/strong><\/p>","protected":false},"featured_media":12497,"comment_status":"open","ping_status":"open","template":"","meta":[],"product_cat":[269],"product_tag":[],"class_list":{"0":"post-9099","1":"product","2":"type-product","3":"status-publish","4":"has-post-thumbnail","6":"product_cat-liqueurs","7":"pa_country-france","8":"pa_volume-70-cl","9":"_wholesalex wsx-wholesalex-product","11":"first","12":"instock","13":"taxable","14":"shipping-taxable","15":"purchasable","16":"product-type-simple"},"_links":{"self":[{"href":"https:\/\/petitecave.ch\/de\/wp-json\/wp\/v2\/product\/9099","targetHints":{"allow":["GET"]}}],"collection":[{"href":"https:\/\/petitecave.ch\/de\/wp-json\/wp\/v2\/product"}],"about":[{"href":"https:\/\/petitecave.ch\/de\/wp-json\/wp\/v2\/types\/product"}],"replies":[{"embeddable":true,"href":"https:\/\/petitecave.ch\/de\/wp-json\/wp\/v2\/comments?post=9099"}],"wp:featuredmedia":[{"embeddable":true,"href":"https:\/\/petitecave.ch\/de\/wp-json\/wp\/v2\/media\/12497"}],"wp:attachment":[{"href":"https:\/\/petitecave.ch\/de\/wp-json\/wp\/v2\/media?parent=9099"}],"wp:term":[{"taxonomy":"product_cat","embeddable":true,"href":"https:\/\/petitecave.ch\/de\/wp-json\/wp\/v2\/product_cat?post=9099"},{"taxonomy":"product_tag","embeddable":true,"href":"https:\/\/petitecave.ch\/de\/wp-json\/wp\/v2\/product_tag?post=9099"}],"curies":[{"name":"wp","href":"https:\/\/api.w.org\/{rel}","templated":true}]}}