{"id":9098,"date":"2025-10-28T10:37:53","date_gmt":"2025-10-28T10:37:53","guid":{"rendered":""},"modified":"2026-02-20T16:29:54","modified_gmt":"2026-02-20T15:29:54","slug":"nocciola-liqueur-de-noisette-psenner-70cl","status":"publish","type":"product","link":"https:\/\/petitecave.ch\/de\/product\/nocciola-liqueur-de-noisette-psenner-70cl\/","title":{"rendered":"Nocciola &#8211; Liqueur De Noisette &#8211; Psenner 70cl"},"content":{"rendered":"<p>Un d\u00e9lice tout particulier. Cette liqueur de noisettes \u00e9quilibr\u00e9e se distingue par sa part d\u2019eau-de-vie de noisettes, m\u00eal\u00e9e \u00e0 la l\u00e9g\u00e8ret\u00e9 et \u00e0 la douceur des notes de vanille.<\/p>","protected":false},"excerpt":{"rendered":"<p><strong>Nocciola &#8211; Liqueur De Noisette &#8211; Psenner<\/strong><\/p>\n<\/p>\n<p><i>Un d\u00e9lice tout particulier. Cette liqueur de noisettes \u00e9quilibr\u00e9e se distingue par sa part d\u2019eau-de-vie de noisettes, m\u00eal\u00e9e \u00e0 la l\u00e9g\u00e8ret\u00e9 et \u00e0 la douceur des notes de vanille.<\/i><\/p>","protected":false},"featured_media":12496,"comment_status":"open","ping_status":"open","template":"","meta":[],"product_cat":[269],"product_tag":[],"class_list":{"0":"post-9098","1":"product","2":"type-product","3":"status-publish","4":"has-post-thumbnail","6":"product_cat-liqueurs","7":"pa_country-suisse","8":"pa_volume-70-cl","9":"_wholesalex wsx-wholesalex-product","11":"first","12":"instock","13":"taxable","14":"shipping-taxable","15":"purchasable","16":"product-type-simple"},"_links":{"self":[{"href":"https:\/\/petitecave.ch\/de\/wp-json\/wp\/v2\/product\/9098","targetHints":{"allow":["GET"]}}],"collection":[{"href":"https:\/\/petitecave.ch\/de\/wp-json\/wp\/v2\/product"}],"about":[{"href":"https:\/\/petitecave.ch\/de\/wp-json\/wp\/v2\/types\/product"}],"replies":[{"embeddable":true,"href":"https:\/\/petitecave.ch\/de\/wp-json\/wp\/v2\/comments?post=9098"}],"wp:featuredmedia":[{"embeddable":true,"href":"https:\/\/petitecave.ch\/de\/wp-json\/wp\/v2\/media\/12496"}],"wp:attachment":[{"href":"https:\/\/petitecave.ch\/de\/wp-json\/wp\/v2\/media?parent=9098"}],"wp:term":[{"taxonomy":"product_cat","embeddable":true,"href":"https:\/\/petitecave.ch\/de\/wp-json\/wp\/v2\/product_cat?post=9098"},{"taxonomy":"product_tag","embeddable":true,"href":"https:\/\/petitecave.ch\/de\/wp-json\/wp\/v2\/product_tag?post=9098"}],"curies":[{"name":"wp","href":"https:\/\/api.w.org\/{rel}","templated":true}]}}