{"id":9091,"date":"2025-10-28T10:37:47","date_gmt":"2025-10-28T10:37:47","guid":{"rendered":""},"modified":"2026-02-20T16:05:26","modified_gmt":"2026-02-20T15:05:26","slug":"licor-43-70cl","status":"publish","type":"product","link":"https:\/\/petitecave.ch\/de\/product\/licor-43-70cl\/","title":{"rendered":"Licor 43 70cl"},"content":{"rendered":"","protected":false},"excerpt":{"rendered":"<p><b>Licor 43 &#8211;\u00a0Zamora International &#8211; Madrid<\/b><\/p>\n<p>\u00a0<\/p>\n<div class=\"mb-4\"><i>Si vous pr\u00e9f\u00e9rez les cocktails sucr\u00e9s et cr\u00e9meux \u00e0 base de lait, cette liqueur est faite pour vous. Licor 43 (souvent appel\u00e9e \u00ab\u00a0Cuarenta y tres\u00a0\u00bb) est produite depuis 1924 par la distillerie Diego Zamora \u00e0 Carthag\u00e8ne, en Espagne, en utilisant exactement 43 ingr\u00e9dients secrets. La plupart d&rsquo;entre eux sont des \u00e9pices, dont la vanille est la plus \u00e9vidente au go\u00fbt. Le \u00ab\u00a0lait 43\u00a0\u00bb est un cocktail facile \u00e0 pr\u00e9parer, qui combine la liqueur avec du lait froid, dans un rapport de 1:3. Si vous la pr\u00e9f\u00e9rez fruit\u00e9e, vous pouvez utiliser du jus de fruit de la passion ou du jus d&rsquo;orange \u00e0 la place. Vous pouvez \u00e9galement verser la liqueur dans le caf\u00e9, l\u2019utiliser comme ingr\u00e9dient dans divers desserts ou la boire pure sur des gla\u00e7ons.<\/i><\/div>","protected":false},"featured_media":12489,"comment_status":"open","ping_status":"open","template":"","meta":[],"product_cat":[269],"product_tag":[],"class_list":{"0":"post-9091","1":"product","2":"type-product","3":"status-publish","4":"has-post-thumbnail","6":"product_cat-liqueurs","7":"pa_country-espagne","8":"pa_volume-70-cl","9":"_wholesalex wsx-wholesalex-product","11":"first","12":"instock","13":"taxable","14":"shipping-taxable","15":"purchasable","16":"product-type-simple"},"yoast_head":"<!-- This site is optimized with the Yoast SEO plugin v27.4 - https:\/\/yoast.com\/product\/yoast-seo-wordpress\/ -->\n<title>Licor 43 70cl | La Petite Cave du Chablais<\/title>\n<meta name=\"robots\" content=\"index, follow, max-snippet:-1, max-image-preview:large, max-video-preview:-1\" \/>\n<link rel=\"canonical\" href=\"https:\/\/petitecave.ch\/de\/product\/licor-43-70cl\/\" \/>\n<meta property=\"og:locale\" content=\"de_DE\" \/>\n<meta property=\"og:type\" content=\"article\" \/>\n<meta property=\"og:title\" content=\"Licor 43 70cl | La Petite Cave du Chablais\" \/>\n<meta property=\"og:description\" content=\"Licor 43 -\u00a0Zamora International - Madrid \u00a0 Si vous pr\u00e9f\u00e9rez les cocktails sucr\u00e9s et cr\u00e9meux \u00e0 base de lait, cette liqueur est faite pour vous. Licor 43 (souvent appel\u00e9e &quot;Cuarenta y tres&quot;) est produite depuis 1924 par la distillerie Diego Zamora \u00e0 Carthag\u00e8ne, en Espagne, en utilisant exactement 43 ingr\u00e9dients secrets. La plupart d&#039;entre eux sont des \u00e9pices, dont la vanille est la plus \u00e9vidente au go\u00fbt. Le &quot;lait 43&quot; est un cocktail facile \u00e0 pr\u00e9parer, qui combine la liqueur avec du lait froid, dans un rapport de 1:3. Si vous la pr\u00e9f\u00e9rez fruit\u00e9e, vous pouvez utiliser du jus de fruit de la passion ou du jus d&#039;orange \u00e0 la place. Vous pouvez \u00e9galement verser la liqueur dans le caf\u00e9, l\u2019utiliser comme ingr\u00e9dient dans divers desserts ou la boire pure sur des gla\u00e7ons.\" \/>\n<meta property=\"og:url\" content=\"https:\/\/petitecave.ch\/de\/product\/licor-43-70cl\/\" \/>\n<meta property=\"og:site_name\" content=\"La Petite Cave du Chablais\" \/>\n<meta property=\"article:publisher\" content=\"https:\/\/www.facebook.com\/LaPetiteCaveDuChablais\" \/>\n<meta property=\"article:modified_time\" content=\"2026-02-20T15:05:26+00:00\" \/>\n<meta property=\"og:image\" content=\"https:\/\/petitecave.ch\/wp-content\/uploads\/2025\/10\/9091_4661_cover.png\" \/>\n\t<meta property=\"og:image:width\" content=\"1000\" \/>\n\t<meta property=\"og:image:height\" content=\"1700\" \/>\n\t<meta property=\"og:image:type\" content=\"image\/png\" \/>\n<meta name=\"twitter:card\" content=\"summary_large_image\" \/>\n<script type=\"application\/ld+json\" class=\"yoast-schema-graph\">{\"@context\":\"https:\\\/\\\/schema.org\",\"@graph\":[{\"@type\":\"WebPage\",\"@id\":\"https:\\\/\\\/petitecave.ch\\\/de\\\/product\\\/licor-43-70cl\\\/\",\"url\":\"https:\\\/\\\/petitecave.ch\\\/de\\\/product\\\/licor-43-70cl\\\/\",\"name\":\"Licor 43 70cl | La Petite Cave du Chablais\",\"isPartOf\":{\"@id\":\"https:\\\/\\\/petitecave.ch\\\/de\\\/#website\"},\"primaryImageOfPage\":{\"@id\":\"https:\\\/\\\/petitecave.ch\\\/de\\\/product\\\/licor-43-70cl\\\/#primaryimage\"},\"image\":{\"@id\":\"https:\\\/\\\/petitecave.ch\\\/de\\\/product\\\/licor-43-70cl\\\/#primaryimage\"},\"thumbnailUrl\":\"https:\\\/\\\/petitecave.ch\\\/wp-content\\\/uploads\\\/2025\\\/10\\\/9091_4661_cover.png\",\"datePublished\":\"2025-10-28T10:37:47+00:00\",\"dateModified\":\"2026-02-20T15:05:26+00:00\",\"breadcrumb\":{\"@id\":\"https:\\\/\\\/petitecave.ch\\\/de\\\/product\\\/licor-43-70cl\\\/#breadcrumb\"},\"inLanguage\":\"de-CH\",\"potentialAction\":[{\"@type\":\"ReadAction\",\"target\":[\"https:\\\/\\\/petitecave.ch\\\/de\\\/product\\\/licor-43-70cl\\\/\"]}]},{\"@type\":\"ImageObject\",\"inLanguage\":\"de-CH\",\"@id\":\"https:\\\/\\\/petitecave.ch\\\/de\\\/product\\\/licor-43-70cl\\\/#primaryimage\",\"url\":\"https:\\\/\\\/petitecave.ch\\\/wp-content\\\/uploads\\\/2025\\\/10\\\/9091_4661_cover.png\",\"contentUrl\":\"https:\\\/\\\/petitecave.ch\\\/wp-content\\\/uploads\\\/2025\\\/10\\\/9091_4661_cover.png\",\"width\":1000,\"height\":1700},{\"@type\":\"BreadcrumbList\",\"@id\":\"https:\\\/\\\/petitecave.ch\\\/de\\\/product\\\/licor-43-70cl\\\/#breadcrumb\",\"itemListElement\":[{\"@type\":\"ListItem\",\"position\":1,\"name\":\"Accueil\",\"item\":\"https:\\\/\\\/petitecave.ch\\\/\"},{\"@type\":\"ListItem\",\"position\":2,\"name\":\"Produkte\",\"item\":\"https:\\\/\\\/petitecave.ch\\\/de\\\/shop\\\/\"},{\"@type\":\"ListItem\",\"position\":3,\"name\":\"Licor 43 70cl\"}]},{\"@type\":\"WebSite\",\"@id\":\"https:\\\/\\\/petitecave.ch\\\/de\\\/#website\",\"url\":\"https:\\\/\\\/petitecave.ch\\\/de\\\/\",\"name\":\"La Petite Cave du Chablais\",\"description\":\"Vins, bi\u00e8res et spiritueux en ligne !\",\"publisher\":{\"@id\":\"https:\\\/\\\/petitecave.ch\\\/de\\\/#organization\"},\"alternateName\":\"La Petite Cave\",\"potentialAction\":[{\"@type\":\"SearchAction\",\"target\":{\"@type\":\"EntryPoint\",\"urlTemplate\":\"https:\\\/\\\/petitecave.ch\\\/de\\\/?s={search_term_string}\"},\"query-input\":{\"@type\":\"PropertyValueSpecification\",\"valueRequired\":true,\"valueName\":\"search_term_string\"}}],\"inLanguage\":\"de-CH\"},{\"@type\":\"Organization\",\"@id\":\"https:\\\/\\\/petitecave.ch\\\/de\\\/#organization\",\"name\":\"La Petite Cave du Chablais S\u00e0rl\",\"url\":\"https:\\\/\\\/petitecave.ch\\\/de\\\/\",\"logo\":{\"@type\":\"ImageObject\",\"inLanguage\":\"de-CH\",\"@id\":\"https:\\\/\\\/petitecave.ch\\\/de\\\/#\\\/schema\\\/logo\\\/image\\\/\",\"url\":\"https:\\\/\\\/petitecave.ch\\\/wp-content\\\/uploads\\\/2025\\\/10\\\/petitecavelogo-removebg-preview.png\",\"contentUrl\":\"https:\\\/\\\/petitecave.ch\\\/wp-content\\\/uploads\\\/2025\\\/10\\\/petitecavelogo-removebg-preview.png\",\"width\":800,\"height\":200,\"caption\":\"La Petite Cave du Chablais S\u00e0rl\"},\"image\":{\"@id\":\"https:\\\/\\\/petitecave.ch\\\/de\\\/#\\\/schema\\\/logo\\\/image\\\/\"},\"sameAs\":[\"https:\\\/\\\/www.facebook.com\\\/LaPetiteCaveDuChablais\",\"https:\\\/\\\/www.instagram.com\\\/lapetitecaveduchablais\",\"https:\\\/\\\/www.linkedin.com\\\/company\\\/la-petite-cave-du-chablais\"]}]}<\/script>\n<!-- \/ Yoast SEO plugin. -->","yoast_head_json":{"title":"Licor 43 70cl | La Petite Cave du Chablais","robots":{"index":"index","follow":"follow","max-snippet":"max-snippet:-1","max-image-preview":"max-image-preview:large","max-video-preview":"max-video-preview:-1"},"canonical":"https:\/\/petitecave.ch\/de\/product\/licor-43-70cl\/","og_locale":"de_DE","og_type":"article","og_title":"Licor 43 70cl | La Petite Cave du Chablais","og_description":"Licor 43 -\u00a0Zamora International - Madrid \u00a0 Si vous pr\u00e9f\u00e9rez les cocktails sucr\u00e9s et cr\u00e9meux \u00e0 base de lait, cette liqueur est faite pour vous. Licor 43 (souvent appel\u00e9e \"Cuarenta y tres\") est produite depuis 1924 par la distillerie Diego Zamora \u00e0 Carthag\u00e8ne, en Espagne, en utilisant exactement 43 ingr\u00e9dients secrets. La plupart d'entre eux sont des \u00e9pices, dont la vanille est la plus \u00e9vidente au go\u00fbt. Le \"lait 43\" est un cocktail facile \u00e0 pr\u00e9parer, qui combine la liqueur avec du lait froid, dans un rapport de 1:3. Si vous la pr\u00e9f\u00e9rez fruit\u00e9e, vous pouvez utiliser du jus de fruit de la passion ou du jus d'orange \u00e0 la place. Vous pouvez \u00e9galement verser la liqueur dans le caf\u00e9, l\u2019utiliser comme ingr\u00e9dient dans divers desserts ou la boire pure sur des gla\u00e7ons.","og_url":"https:\/\/petitecave.ch\/de\/product\/licor-43-70cl\/","og_site_name":"La Petite Cave du Chablais","article_publisher":"https:\/\/www.facebook.com\/LaPetiteCaveDuChablais","article_modified_time":"2026-02-20T15:05:26+00:00","og_image":[{"width":1000,"height":1700,"url":"https:\/\/petitecave.ch\/wp-content\/uploads\/2025\/10\/9091_4661_cover.png","type":"image\/png"}],"twitter_card":"summary_large_image","schema":{"@context":"https:\/\/schema.org","@graph":[{"@type":"WebPage","@id":"https:\/\/petitecave.ch\/de\/product\/licor-43-70cl\/","url":"https:\/\/petitecave.ch\/de\/product\/licor-43-70cl\/","name":"Licor 43 70cl | La Petite Cave du Chablais","isPartOf":{"@id":"https:\/\/petitecave.ch\/de\/#website"},"primaryImageOfPage":{"@id":"https:\/\/petitecave.ch\/de\/product\/licor-43-70cl\/#primaryimage"},"image":{"@id":"https:\/\/petitecave.ch\/de\/product\/licor-43-70cl\/#primaryimage"},"thumbnailUrl":"https:\/\/petitecave.ch\/wp-content\/uploads\/2025\/10\/9091_4661_cover.png","datePublished":"2025-10-28T10:37:47+00:00","dateModified":"2026-02-20T15:05:26+00:00","breadcrumb":{"@id":"https:\/\/petitecave.ch\/de\/product\/licor-43-70cl\/#breadcrumb"},"inLanguage":"de-CH","potentialAction":[{"@type":"ReadAction","target":["https:\/\/petitecave.ch\/de\/product\/licor-43-70cl\/"]}]},{"@type":"ImageObject","inLanguage":"de-CH","@id":"https:\/\/petitecave.ch\/de\/product\/licor-43-70cl\/#primaryimage","url":"https:\/\/petitecave.ch\/wp-content\/uploads\/2025\/10\/9091_4661_cover.png","contentUrl":"https:\/\/petitecave.ch\/wp-content\/uploads\/2025\/10\/9091_4661_cover.png","width":1000,"height":1700},{"@type":"BreadcrumbList","@id":"https:\/\/petitecave.ch\/de\/product\/licor-43-70cl\/#breadcrumb","itemListElement":[{"@type":"ListItem","position":1,"name":"Accueil","item":"https:\/\/petitecave.ch\/"},{"@type":"ListItem","position":2,"name":"Produkte","item":"https:\/\/petitecave.ch\/de\/shop\/"},{"@type":"ListItem","position":3,"name":"Licor 43 70cl"}]},{"@type":"WebSite","@id":"https:\/\/petitecave.ch\/de\/#website","url":"https:\/\/petitecave.ch\/de\/","name":"Die kleine Keller des Chablais","description":"Vins, bi\u00e8res et spiritueux en ligne !","publisher":{"@id":"https:\/\/petitecave.ch\/de\/#organization"},"alternateName":"La Petite Cave","potentialAction":[{"@type":"SearchAction","target":{"@type":"EntryPoint","urlTemplate":"https:\/\/petitecave.ch\/de\/?s={search_term_string}"},"query-input":{"@type":"PropertyValueSpecification","valueRequired":true,"valueName":"search_term_string"}}],"inLanguage":"de-CH"},{"@type":"Organization","@id":"https:\/\/petitecave.ch\/de\/#organization","name":"La Petite Cave du Chablais S\u00e0rl","url":"https:\/\/petitecave.ch\/de\/","logo":{"@type":"ImageObject","inLanguage":"de-CH","@id":"https:\/\/petitecave.ch\/de\/#\/schema\/logo\/image\/","url":"https:\/\/petitecave.ch\/wp-content\/uploads\/2025\/10\/petitecavelogo-removebg-preview.png","contentUrl":"https:\/\/petitecave.ch\/wp-content\/uploads\/2025\/10\/petitecavelogo-removebg-preview.png","width":800,"height":200,"caption":"La Petite Cave du Chablais S\u00e0rl"},"image":{"@id":"https:\/\/petitecave.ch\/de\/#\/schema\/logo\/image\/"},"sameAs":["https:\/\/www.facebook.com\/LaPetiteCaveDuChablais","https:\/\/www.instagram.com\/lapetitecaveduchablais","https:\/\/www.linkedin.com\/company\/la-petite-cave-du-chablais"]}]}},"_links":{"self":[{"href":"https:\/\/petitecave.ch\/de\/wp-json\/wp\/v2\/product\/9091","targetHints":{"allow":["GET"]}}],"collection":[{"href":"https:\/\/petitecave.ch\/de\/wp-json\/wp\/v2\/product"}],"about":[{"href":"https:\/\/petitecave.ch\/de\/wp-json\/wp\/v2\/types\/product"}],"replies":[{"embeddable":true,"href":"https:\/\/petitecave.ch\/de\/wp-json\/wp\/v2\/comments?post=9091"}],"wp:featuredmedia":[{"embeddable":true,"href":"https:\/\/petitecave.ch\/de\/wp-json\/wp\/v2\/media\/12489"}],"wp:attachment":[{"href":"https:\/\/petitecave.ch\/de\/wp-json\/wp\/v2\/media?parent=9091"}],"wp:term":[{"taxonomy":"product_cat","embeddable":true,"href":"https:\/\/petitecave.ch\/de\/wp-json\/wp\/v2\/product_cat?post=9091"},{"taxonomy":"product_tag","embeddable":true,"href":"https:\/\/petitecave.ch\/de\/wp-json\/wp\/v2\/product_tag?post=9091"}],"curies":[{"name":"wp","href":"https:\/\/api.w.org\/{rel}","templated":true}]}}