{"id":9085,"date":"2025-10-28T10:37:42","date_gmt":"2025-10-28T10:37:42","guid":{"rendered":""},"modified":"2026-02-20T16:19:29","modified_gmt":"2026-02-20T15:19:29","slug":"kahl-a-coffee-liqueur-70cl","status":"publish","type":"product","link":"https:\/\/petitecave.ch\/de\/product\/kahl-a-coffee-liqueur-70cl\/","title":{"rendered":"Kahl\u00faa Coffee Liqueur 70cl"},"content":{"rendered":"<p>Ar\u00f4me de caf\u00e9 fra\u00eechement moulu avec des facettes sucr\u00e9es, vanill\u00e9es et des notes subtiles de rhum\u00a0<\/p>","protected":false},"excerpt":{"rendered":"<p><b>Kahl\u00faa<\/b><strong>\u00a0Coffee Liqueur &#8211; Liqueur de caf\u00e9\u00a0<\/strong><\/p>\n<\/p>\n<p><em>La c\u00e9l\u00e8bre liqueur de caf\u00e9 Kahl\u00faa est produite au Mexique depuis les ann\u00e9es 1950. Les grains de caf\u00e9 Arabica utilis\u00e9s \u00e0 cet effet prosp\u00e8rent dans les montagnes subtropicales \u00e0 une altitude de 900 \u00e0 1400 m\u00e8tres et sont cueillis \u00e0 la main. Dans un processus sp\u00e9cial de brassage et de filtrage, le caf\u00e9 est d\u2019abord produit, qui est ensuite m\u00e9lang\u00e9 avec un distillat de canne \u00e0 sucre et de la vanille. Aujourd\u2019hui, Kahl\u00faa est consid\u00e9r\u00e9e comme la liqueur de caf\u00e9 la plus vendue au monde et fait partie de plus de 250 cr\u00e9ations de boissons et de cocktails, y compris des classiques tels que le White Russian ou le B52.<\/em><\/p>","protected":false},"featured_media":12483,"comment_status":"open","ping_status":"open","template":"","meta":[],"product_cat":[269],"product_tag":[],"class_list":{"0":"post-9085","1":"product","2":"type-product","3":"status-publish","4":"has-post-thumbnail","6":"product_cat-liqueurs","7":"pa_country-mexique","8":"pa_volume-70-cl","9":"_wholesalex wsx-wholesalex-product","11":"first","12":"instock","13":"taxable","14":"shipping-taxable","15":"purchasable","16":"product-type-simple"},"_links":{"self":[{"href":"https:\/\/petitecave.ch\/de\/wp-json\/wp\/v2\/product\/9085","targetHints":{"allow":["GET"]}}],"collection":[{"href":"https:\/\/petitecave.ch\/de\/wp-json\/wp\/v2\/product"}],"about":[{"href":"https:\/\/petitecave.ch\/de\/wp-json\/wp\/v2\/types\/product"}],"replies":[{"embeddable":true,"href":"https:\/\/petitecave.ch\/de\/wp-json\/wp\/v2\/comments?post=9085"}],"wp:featuredmedia":[{"embeddable":true,"href":"https:\/\/petitecave.ch\/de\/wp-json\/wp\/v2\/media\/12483"}],"wp:attachment":[{"href":"https:\/\/petitecave.ch\/de\/wp-json\/wp\/v2\/media?parent=9085"}],"wp:term":[{"taxonomy":"product_cat","embeddable":true,"href":"https:\/\/petitecave.ch\/de\/wp-json\/wp\/v2\/product_cat?post=9085"},{"taxonomy":"product_tag","embeddable":true,"href":"https:\/\/petitecave.ch\/de\/wp-json\/wp\/v2\/product_tag?post=9085"}],"curies":[{"name":"wp","href":"https:\/\/api.w.org\/{rel}","templated":true}]}}