{"id":9083,"date":"2025-10-28T10:37:40","date_gmt":"2025-10-28T10:37:40","guid":{"rendered":""},"modified":"2026-02-20T16:14:13","modified_gmt":"2026-02-20T15:14:13","slug":"frangelico-70cl","status":"publish","type":"product","link":"https:\/\/petitecave.ch\/de\/product\/frangelico-70cl\/","title":{"rendered":"Frangelico 70cl"},"content":{"rendered":"<p>Au nez avec un ar\u00f4me intense de noix. En bouche avec noisette, avec des notes sucr\u00e9es de vanille et de chocolat. Finale longue.<\/p>","protected":false},"excerpt":{"rendered":"<p><b>Frangelico<\/b><\/p>\n<p>\u00a0<\/p>\n<div class=\"mb-4\"><i>La prise de conscience que les infusions de noisettes sauvages peuvent \u00eatre distill\u00e9es et que des liqueurs savoureuses peuvent \u00eatre d\u00e9velopp\u00e9es \u00e0 partir d\u2019elles est due aux moines du Pi\u00e9mont, qui ont cr\u00e9\u00e9 la recette de base du Frangelico il y a plus de 300 ans. Dans ce cas, le distillat de noisettes de culture r\u00e9gionale de la vari\u00e9t\u00e9 Tonda Gentile est combin\u00e9 avec des extraits et des distillats de f\u00e8ves de cacao, de gousses de vanille, de grains de caf\u00e9 torr\u00e9fi\u00e9s et d\u2019autres agents aromatisants. Le concentr\u00e9 m\u00e9lang\u00e9 \u00e0 de l\u2019alcool pur, du sucre et de l\u2019eau est finalement stock\u00e9 pendant six \u00e0 huit semaines avant d\u2019\u00eatre rempli dans les bouteilles aux formes \u00e9tranges. En fait, ceux-ci sont cens\u00e9s rappeler un moine franciscain. La liqueur Frangelico peut \u00eatre bue comme un coup, avec des gla\u00e7ons ou comme soda et citron vert.<\/i><\/div>","protected":false},"featured_media":12481,"comment_status":"open","ping_status":"open","template":"","meta":[],"product_cat":[269],"product_tag":[],"class_list":{"0":"post-9083","1":"product","2":"type-product","3":"status-publish","4":"has-post-thumbnail","6":"product_cat-liqueurs","7":"pa_country-italie","8":"pa_volume-70-cl","9":"_wholesalex wsx-wholesalex-product","11":"first","12":"instock","13":"taxable","14":"shipping-taxable","15":"purchasable","16":"product-type-simple"},"_links":{"self":[{"href":"https:\/\/petitecave.ch\/de\/wp-json\/wp\/v2\/product\/9083","targetHints":{"allow":["GET"]}}],"collection":[{"href":"https:\/\/petitecave.ch\/de\/wp-json\/wp\/v2\/product"}],"about":[{"href":"https:\/\/petitecave.ch\/de\/wp-json\/wp\/v2\/types\/product"}],"replies":[{"embeddable":true,"href":"https:\/\/petitecave.ch\/de\/wp-json\/wp\/v2\/comments?post=9083"}],"wp:featuredmedia":[{"embeddable":true,"href":"https:\/\/petitecave.ch\/de\/wp-json\/wp\/v2\/media\/12481"}],"wp:attachment":[{"href":"https:\/\/petitecave.ch\/de\/wp-json\/wp\/v2\/media?parent=9083"}],"wp:term":[{"taxonomy":"product_cat","embeddable":true,"href":"https:\/\/petitecave.ch\/de\/wp-json\/wp\/v2\/product_cat?post=9083"},{"taxonomy":"product_tag","embeddable":true,"href":"https:\/\/petitecave.ch\/de\/wp-json\/wp\/v2\/product_tag?post=9083"}],"curies":[{"name":"wp","href":"https:\/\/api.w.org\/{rel}","templated":true}]}}