{"id":9080,"date":"2025-10-28T10:37:37","date_gmt":"2025-10-28T10:37:37","guid":{"rendered":""},"modified":"2026-02-20T15:14:07","modified_gmt":"2026-02-20T14:14:07","slug":"c-ur-de-coing-morand","status":"publish","type":"product","link":"https:\/\/petitecave.ch\/de\/product\/c-ur-de-coing-morand\/","title":{"rendered":"C\u0153ur de Coing &#8211; Morand"},"content":{"rendered":"<p>Ar\u00f4me de fruits tr\u00e8s intense au nez, explosion de saveur de fruit en bouche, finesse et souplesse, persistance en finale.<\/p>","protected":false},"excerpt":{"rendered":"<p><strong>C\u0153ur De Coing &#8211; Morand &#8211; Martigny<\/strong><\/p>\n<\/p>\n<p><em>Au milieu du processus, lorsque le c\u0153ur de chauffe s&rsquo;\u00e9coule de l&rsquo;alambic, une s\u00e9quence tr\u00e8s pr\u00e9cise est pr\u00e9lev\u00e9e pour constituer ce produit.<\/em><\/p>","protected":false},"featured_media":12478,"comment_status":"open","ping_status":"open","template":"","meta":[],"product_cat":[270],"product_tag":[],"class_list":{"0":"post-9080","1":"product","2":"type-product","3":"status-publish","4":"has-post-thumbnail","6":"product_cat-eau-de-vie","7":"pa_country-suisse","8":"pa_volume-50cl","9":"_wholesalex wsx-wholesalex-product","11":"first","12":"instock","13":"taxable","14":"shipping-taxable","15":"purchasable","16":"product-type-simple"},"_links":{"self":[{"href":"https:\/\/petitecave.ch\/de\/wp-json\/wp\/v2\/product\/9080","targetHints":{"allow":["GET"]}}],"collection":[{"href":"https:\/\/petitecave.ch\/de\/wp-json\/wp\/v2\/product"}],"about":[{"href":"https:\/\/petitecave.ch\/de\/wp-json\/wp\/v2\/types\/product"}],"replies":[{"embeddable":true,"href":"https:\/\/petitecave.ch\/de\/wp-json\/wp\/v2\/comments?post=9080"}],"wp:featuredmedia":[{"embeddable":true,"href":"https:\/\/petitecave.ch\/de\/wp-json\/wp\/v2\/media\/12478"}],"wp:attachment":[{"href":"https:\/\/petitecave.ch\/de\/wp-json\/wp\/v2\/media?parent=9080"}],"wp:term":[{"taxonomy":"product_cat","embeddable":true,"href":"https:\/\/petitecave.ch\/de\/wp-json\/wp\/v2\/product_cat?post=9080"},{"taxonomy":"product_tag","embeddable":true,"href":"https:\/\/petitecave.ch\/de\/wp-json\/wp\/v2\/product_tag?post=9080"}],"curies":[{"name":"wp","href":"https:\/\/api.w.org\/{rel}","templated":true}]}}