{"id":9077,"date":"2025-10-28T10:37:35","date_gmt":"2025-10-28T10:37:35","guid":{"rendered":""},"modified":"2026-02-20T16:07:24","modified_gmt":"2026-02-20T15:07:24","slug":"liqueur-vanille-bols-70cl","status":"publish","type":"product","link":"https:\/\/petitecave.ch\/de\/product\/liqueur-vanille-bols-70cl\/","title":{"rendered":"Liqueur Vanille &#8211; Bols 70cl"},"content":{"rendered":"<p>Cette liqueur a une riche saveur de vanille et des notes subtiles d&rsquo;agrumes, soutenues par le chocolat et le d&rsquo;amandes des noyaux d&rsquo;abricot broy\u00e9s. Il est bas\u00e9 sur de la vraie vanille Bourbon de l&rsquo;\u00eele de Madagascar qui offre un go\u00fbt et une texture merveilleusement cr\u00e9meux.<\/p>","protected":false},"excerpt":{"rendered":"<p><strong>Liqueur Vanille &#8211; Bols\u00a0<\/strong><\/p>\n<p><strong><\/strong><\/p>\n<p><em>Cette liqueur a une riche saveur de vanille et des notes subtiles d&rsquo;agrumes, soutenues par le chocolat et le d&rsquo;amandes des noyaux d&rsquo;abricot broy\u00e9s. Il est bas\u00e9 sur de la vraie vanille Bourbon de l&rsquo;\u00eele de Madagascar qui offre un go\u00fbt et une texture merveilleusement cr\u00e9meux.<\/em><\/p>","protected":false},"featured_media":12475,"comment_status":"open","ping_status":"open","template":"","meta":[],"product_cat":[269],"product_tag":[],"class_list":{"0":"post-9077","1":"product","2":"type-product","3":"status-publish","4":"has-post-thumbnail","6":"product_cat-liqueurs","7":"pa_country-pays-bas","8":"pa_volume-70-cl","9":"_wholesalex wsx-wholesalex-product","11":"first","12":"instock","13":"taxable","14":"shipping-taxable","15":"purchasable","16":"product-type-simple"},"_links":{"self":[{"href":"https:\/\/petitecave.ch\/de\/wp-json\/wp\/v2\/product\/9077","targetHints":{"allow":["GET"]}}],"collection":[{"href":"https:\/\/petitecave.ch\/de\/wp-json\/wp\/v2\/product"}],"about":[{"href":"https:\/\/petitecave.ch\/de\/wp-json\/wp\/v2\/types\/product"}],"replies":[{"embeddable":true,"href":"https:\/\/petitecave.ch\/de\/wp-json\/wp\/v2\/comments?post=9077"}],"wp:featuredmedia":[{"embeddable":true,"href":"https:\/\/petitecave.ch\/de\/wp-json\/wp\/v2\/media\/12475"}],"wp:attachment":[{"href":"https:\/\/petitecave.ch\/de\/wp-json\/wp\/v2\/media?parent=9077"}],"wp:term":[{"taxonomy":"product_cat","embeddable":true,"href":"https:\/\/petitecave.ch\/de\/wp-json\/wp\/v2\/product_cat?post=9077"},{"taxonomy":"product_tag","embeddable":true,"href":"https:\/\/petitecave.ch\/de\/wp-json\/wp\/v2\/product_tag?post=9077"}],"curies":[{"name":"wp","href":"https:\/\/api.w.org\/{rel}","templated":true}]}}