{"id":9076,"date":"2026-04-09T09:37:34","date_gmt":"2026-04-09T07:37:34","guid":{"rendered":""},"modified":"2026-04-09T10:43:07","modified_gmt":"2026-04-09T08:43:07","slug":"appenzeller-cr-me-liqueur-70cl","status":"publish","type":"product","link":"https:\/\/petitecave.ch\/de\/product\/appenzeller-cr-me-liqueur-70cl\/","title":{"rendered":"Appenzeller Cr\u00e8me Liqueur 70cl"},"content":{"rendered":"","protected":false},"excerpt":{"rendered":"<p data-start=\"154\" data-end=\"419\"><span style=\"color: #000000;\">Laisse-toi tenter par l\u2019<strong data-start=\"178\" data-end=\"207\">Appenzeller Cr\u00e8me Liqueur<\/strong>, une liqueur onctueuse qui marie \u00e0 la perfection <strong data-start=\"257\" data-end=\"332\">douceur, notes fruit\u00e9es et une touche subtile d\u2019Appenzeller Alpenbitter<\/strong>. Une alliance unique qui apporte caract\u00e8re et originalit\u00e9 \u00e0 cette sp\u00e9cialit\u00e9 suisse.<\/span><\/p>\n<p data-start=\"421\" data-end=\"645\"><span style=\"color: #000000;\">Au nez, elle s\u00e9duit par ses <strong data-start=\"449\" data-end=\"493\">ar\u00f4mes gourmands et d\u00e9licatement fruit\u00e9s<\/strong>. En bouche, c\u2019est un v\u00e9ritable plaisir : <strong data-start=\"535\" data-end=\"577\">texture cr\u00e9meuse, douceur enveloppante<\/strong>, relev\u00e9e par une l\u00e9g\u00e8re pointe herbac\u00e9e qui \u00e9quilibre l\u2019ensemble.<\/span><\/p>\n<p data-start=\"421\" data-end=\"645\"><span style=\"color: #000000;\"><strong data-start=\"848\" data-end=\"879\">Suggestion de d\u00e9gustation :<\/strong><\/span><br data-start=\"879\" data-end=\"882\" \/><span style=\"color: #000000;\">\u00c0 savourer <strong data-start=\"893\" data-end=\"928\">pure, sur glace ou dans un caf\u00e9<\/strong>, pour un moment de plaisir r\u00e9confortant<\/span><\/p>","protected":false},"featured_media":19320,"comment_status":"open","ping_status":"closed","template":"","meta":[],"product_cat":[269],"product_tag":[],"class_list":{"0":"post-9076","1":"product","2":"type-product","3":"status-publish","4":"has-post-thumbnail","6":"product_cat-liqueurs","7":"pa_categorie-608-liqueurs","8":"pa_country-suisse","9":"pa_type-digestif","10":"pa_volume-70-cl","11":"_wholesalex wsx-wholesalex-product","13":"first","14":"instock","15":"taxable","16":"shipping-taxable","17":"purchasable","18":"product-type-simple"},"_links":{"self":[{"href":"https:\/\/petitecave.ch\/de\/wp-json\/wp\/v2\/product\/9076","targetHints":{"allow":["GET"]}}],"collection":[{"href":"https:\/\/petitecave.ch\/de\/wp-json\/wp\/v2\/product"}],"about":[{"href":"https:\/\/petitecave.ch\/de\/wp-json\/wp\/v2\/types\/product"}],"replies":[{"embeddable":true,"href":"https:\/\/petitecave.ch\/de\/wp-json\/wp\/v2\/comments?post=9076"}],"wp:featuredmedia":[{"embeddable":true,"href":"https:\/\/petitecave.ch\/de\/wp-json\/wp\/v2\/media\/19320"}],"wp:attachment":[{"href":"https:\/\/petitecave.ch\/de\/wp-json\/wp\/v2\/media?parent=9076"}],"wp:term":[{"taxonomy":"product_cat","embeddable":true,"href":"https:\/\/petitecave.ch\/de\/wp-json\/wp\/v2\/product_cat?post=9076"},{"taxonomy":"product_tag","embeddable":true,"href":"https:\/\/petitecave.ch\/de\/wp-json\/wp\/v2\/product_tag?post=9076"}],"curies":[{"name":"wp","href":"https:\/\/api.w.org\/{rel}","templated":true}]}}