{"id":9075,"date":"2025-10-28T10:37:33","date_gmt":"2025-10-28T10:37:33","guid":{"rendered":""},"modified":"2026-02-20T16:21:57","modified_gmt":"2026-02-20T15:21:57","slug":"liqueur-d-abricot-morand","status":"publish","type":"product","link":"https:\/\/petitecave.ch\/de\/product\/liqueur-d-abricot-morand\/","title":{"rendered":"Liqueur D&rsquo;Abricot &#8211; Morand 70cl"},"content":{"rendered":"<p>Liqueur d&rsquo;abricot de Valais de haute qualit\u00e9, au nez typique du fruit et au go\u00fbt riche, complexe, long en bouche et bien \u00e9quilibr\u00e9.<\/p>\n<p>Se d\u00e9guste id\u00e9alement en digestif, \u00e0 temp\u00e9rature ambiante, fra\u00eeche ou sur glace, selon les go\u00fbts.<\/p>","protected":false},"excerpt":{"rendered":"<p><strong>Liqueur d&rsquo;Abricot Morand &#8211; Distillerie Morand &#8211; Martigny<\/strong><\/p>\n<p><strong><\/strong><\/p>\n<p><i>Liqueur d\u2019abricots du Valais de haute qualit\u00e9, au nez typique du fruit et au go\u00fbt riche, complexe, long en bouche et bien \u00e9quilibr\u00e9.<\/i><\/p>","protected":false},"featured_media":12473,"comment_status":"open","ping_status":"open","template":"","meta":[],"product_cat":[269],"product_tag":[],"class_list":{"0":"post-9075","1":"product","2":"type-product","3":"status-publish","4":"has-post-thumbnail","6":"product_cat-liqueurs","7":"pa_country-suisse","8":"_wholesalex wsx-wholesalex-product","10":"first","11":"instock","12":"taxable","13":"shipping-taxable","14":"purchasable","15":"product-type-simple"},"_links":{"self":[{"href":"https:\/\/petitecave.ch\/de\/wp-json\/wp\/v2\/product\/9075","targetHints":{"allow":["GET"]}}],"collection":[{"href":"https:\/\/petitecave.ch\/de\/wp-json\/wp\/v2\/product"}],"about":[{"href":"https:\/\/petitecave.ch\/de\/wp-json\/wp\/v2\/types\/product"}],"replies":[{"embeddable":true,"href":"https:\/\/petitecave.ch\/de\/wp-json\/wp\/v2\/comments?post=9075"}],"wp:featuredmedia":[{"embeddable":true,"href":"https:\/\/petitecave.ch\/de\/wp-json\/wp\/v2\/media\/12473"}],"wp:attachment":[{"href":"https:\/\/petitecave.ch\/de\/wp-json\/wp\/v2\/media?parent=9075"}],"wp:term":[{"taxonomy":"product_cat","embeddable":true,"href":"https:\/\/petitecave.ch\/de\/wp-json\/wp\/v2\/product_cat?post=9075"},{"taxonomy":"product_tag","embeddable":true,"href":"https:\/\/petitecave.ch\/de\/wp-json\/wp\/v2\/product_tag?post=9075"}],"curies":[{"name":"wp","href":"https:\/\/api.w.org\/{rel}","templated":true}]}}