{"id":9074,"date":"2025-10-28T10:37:32","date_gmt":"2025-10-28T10:37:32","guid":{"rendered":""},"modified":"2026-02-20T15:47:06","modified_gmt":"2026-02-20T14:47:06","slug":"gin-thomas-dakin-70cl","status":"publish","type":"product","link":"https:\/\/petitecave.ch\/de\/product\/gin-thomas-dakin-70cl\/","title":{"rendered":"Gin Thomas Dakin 70cl"},"content":{"rendered":"<p><strong>Go\u00fbt :<\/strong> Mariage de geni\u00e8vre et de raifort. Plus tard, les notes d&rsquo;agrumes peuvent \u00eatre d\u00e9gust\u00e9es avec de la coriandre et de la r\u00e9glisse la finale est longue, avec une l\u00e9g\u00e8re \u00e9pice poivr\u00e9e<\/p>","protected":false},"excerpt":{"rendered":"<p><strong>Thomas Dakin Gin &#8211; Quintessential Brands<\/strong><\/p>\n<\/p>\n<p><em>En 1761, l&rsquo;Anglais Thomas Dakin a commenc\u00e9 \u00e0 distiller du gin d\u00e8s l&rsquo;\u00e2ge de 25 ans. A Warrington, une ville du nord de l&rsquo;Angleterre, l&rsquo;ouverture du canal de Bridgewater, qui devait relier Manchester \u00e0 Liverpool, \u00e9tait pr\u00e9vue durant la m\u00eame ann\u00e9e.<\/em><\/p>\n<p><em>Le gin Thomas Dakin, un gin dans le style classique London Dry, est distill\u00e9 avec onze plantes &#8211; y compris du geni\u00e8vre, des zestes d&rsquo;orange et de pamplemousse, de la coriandre, du poivre cub\u00e8be, de la r\u00e9glisse et de la racine d&rsquo;ang\u00e9lique. Mais l&rsquo;ajout d&rsquo;un peu de raifort lui donne une touche extraordinaire \u2013 la ma\u00eetre-distillateur Joanne Moore aurait \u00e9t\u00e9 influenc\u00e9e par sa grossesse lors du choix de cette plante.<\/em><\/p>","protected":false},"featured_media":12472,"comment_status":"open","ping_status":"open","template":"","meta":[],"product_cat":[279],"product_tag":[],"class_list":{"0":"post-9074","1":"product","2":"type-product","3":"status-publish","4":"has-post-thumbnail","6":"product_cat-gin","7":"pa_country-angleterre","8":"pa_volume-70-cl","9":"_wholesalex wsx-wholesalex-product","11":"first","12":"instock","13":"taxable","14":"shipping-taxable","15":"purchasable","16":"product-type-simple"},"_links":{"self":[{"href":"https:\/\/petitecave.ch\/de\/wp-json\/wp\/v2\/product\/9074","targetHints":{"allow":["GET"]}}],"collection":[{"href":"https:\/\/petitecave.ch\/de\/wp-json\/wp\/v2\/product"}],"about":[{"href":"https:\/\/petitecave.ch\/de\/wp-json\/wp\/v2\/types\/product"}],"replies":[{"embeddable":true,"href":"https:\/\/petitecave.ch\/de\/wp-json\/wp\/v2\/comments?post=9074"}],"wp:featuredmedia":[{"embeddable":true,"href":"https:\/\/petitecave.ch\/de\/wp-json\/wp\/v2\/media\/12472"}],"wp:attachment":[{"href":"https:\/\/petitecave.ch\/de\/wp-json\/wp\/v2\/media?parent=9074"}],"wp:term":[{"taxonomy":"product_cat","embeddable":true,"href":"https:\/\/petitecave.ch\/de\/wp-json\/wp\/v2\/product_cat?post=9074"},{"taxonomy":"product_tag","embeddable":true,"href":"https:\/\/petitecave.ch\/de\/wp-json\/wp\/v2\/product_tag?post=9074"}],"curies":[{"name":"wp","href":"https:\/\/api.w.org\/{rel}","templated":true}]}}