{"id":9069,"date":"2025-10-28T10:37:28","date_gmt":"2025-10-28T10:37:28","guid":{"rendered":""},"modified":"2026-02-20T15:40:00","modified_gmt":"2026-02-20T14:40:00","slug":"gin-sul-50cl","status":"publish","type":"product","link":"https:\/\/petitecave.ch\/de\/product\/gin-sul-50cl\/","title":{"rendered":"Gin Sul 50cl"},"content":{"rendered":"<p>Go\u00fbt rafra\u00eechissant avec des notes d&rsquo;agrumes, d&rsquo;\u00e9pices florales, de notes am\u00e8res et herbac\u00e9es et de notes sucr\u00e9es.<\/p>","protected":false},"excerpt":{"rendered":"<p><strong>Gin Sul &#8211; Altonaer Spirituosen Manufaktur &#8211;\u00a0Hambourg<\/strong><\/p>\n<\/p>\n<p><em>Un gin botanique fabriqu\u00e9 \u00e0 la main, du nord de l&rsquo;Allemagne, avec des influences portugaises.<\/em><\/p>\n<p><em>La petite Altonaer Spirituosen Manufaktur a \u00e9t\u00e9 fond\u00e9e en 2013. L&rsquo;alambic en cuivre de la distillerie ne peut contenir que 100 litres, car vous n&rsquo;avez pas besoin de plus pour le processus artisanal qui est soigneusement ex\u00e9cut\u00e9. La base pour le Gin Sul est distill\u00e9e tr\u00e8s lentement et dans de petites quantit\u00e9s, afin de permettre aux ar\u00f4mes de se d\u00e9velopper pleinement. Les plantes incluses sont le romarin, les p\u00e9tales de rose, le zeste de citron et le ciste, une plante \u00e9trange provenant de la c\u00f4te atlantique portugaise.<\/em><\/p>","protected":false},"featured_media":12467,"comment_status":"open","ping_status":"open","template":"","meta":[],"product_cat":[279],"product_tag":[],"class_list":{"0":"post-9069","1":"product","2":"type-product","3":"status-publish","4":"has-post-thumbnail","6":"product_cat-gin","7":"pa_country-allemagne","8":"pa_volume-50cl","9":"_wholesalex wsx-wholesalex-product","11":"first","12":"instock","13":"taxable","14":"shipping-taxable","15":"purchasable","16":"product-type-simple"},"_links":{"self":[{"href":"https:\/\/petitecave.ch\/de\/wp-json\/wp\/v2\/product\/9069","targetHints":{"allow":["GET"]}}],"collection":[{"href":"https:\/\/petitecave.ch\/de\/wp-json\/wp\/v2\/product"}],"about":[{"href":"https:\/\/petitecave.ch\/de\/wp-json\/wp\/v2\/types\/product"}],"replies":[{"embeddable":true,"href":"https:\/\/petitecave.ch\/de\/wp-json\/wp\/v2\/comments?post=9069"}],"wp:featuredmedia":[{"embeddable":true,"href":"https:\/\/petitecave.ch\/de\/wp-json\/wp\/v2\/media\/12467"}],"wp:attachment":[{"href":"https:\/\/petitecave.ch\/de\/wp-json\/wp\/v2\/media?parent=9069"}],"wp:term":[{"taxonomy":"product_cat","embeddable":true,"href":"https:\/\/petitecave.ch\/de\/wp-json\/wp\/v2\/product_cat?post=9069"},{"taxonomy":"product_tag","embeddable":true,"href":"https:\/\/petitecave.ch\/de\/wp-json\/wp\/v2\/product_tag?post=9069"}],"curies":[{"name":"wp","href":"https:\/\/api.w.org\/{rel}","templated":true}]}}