{"id":9067,"date":"2025-10-28T10:37:26","date_gmt":"2025-10-28T10:37:26","guid":{"rendered":""},"modified":"2026-02-20T15:55:14","modified_gmt":"2026-02-20T14:55:14","slug":"gin-st-laurent-citrus-70cl","status":"publish","type":"product","link":"https:\/\/petitecave.ch\/de\/product\/gin-st-laurent-citrus-70cl\/","title":{"rendered":"Gin St Laurent Citrus 70cl"},"content":{"rendered":"<p>Un Gin vif et acidul\u00e9, d\u2019une fraicheur nette, o\u00f9 les bouquets de geni\u00e8vre et d\u2019agrumes s\u2019entrem\u00ealent et c\u00e8dent \u00e0 une finale finement menthol\u00e9e. Texture onctueuse provenant de l\u2019abondance des huiles essentielles d\u2019agrumes.<\/p>","protected":false},"excerpt":{"rendered":"<p><strong>Gin St Laurent Citrus &#8211; Distillerie du Saint-Laurent\u00a0<\/strong><\/p>\n<\/p>\n<p><em>Qu\u2019arrive-t-il quand les cr\u00e9ateurs de l&rsquo;improbable St. Laurent Gin infus\u00e9 aux algues repartent \u00e0 la chasse aux aromates et aux m\u00e9thodes de distillation insolites? Le St. Laurent Gin Citrus repr\u00e9sente l\u2019aboutissement de cette exp\u00e9rimentation d\u00e9lirante! Inspir\u00e9s par leurs d\u00e9couvertes sur les c\u00f4tes du Japon et du Vietnam, les artisans de la Distillerie du St. Laurent pr\u00e9sentent un Gin aux agrumes distill\u00e9s \u00e0 froid dans un alambic vacuum exp\u00e9rimental. Les ar\u00f4mes des meilleurs ingr\u00e9dients du monde distill\u00e9s sous vide avec savoir-faire et passion \u00e0 Rimouski.<\/em><\/p>","protected":false},"featured_media":12465,"comment_status":"open","ping_status":"open","template":"","meta":[],"product_cat":[279],"product_tag":[],"class_list":{"0":"post-9067","1":"product","2":"type-product","3":"status-publish","4":"has-post-thumbnail","6":"product_cat-gin","7":"pa_country-canada","8":"pa_volume-70-cl","9":"_wholesalex wsx-wholesalex-product","11":"first","12":"instock","13":"taxable","14":"shipping-taxable","15":"purchasable","16":"product-type-simple"},"_links":{"self":[{"href":"https:\/\/petitecave.ch\/de\/wp-json\/wp\/v2\/product\/9067","targetHints":{"allow":["GET"]}}],"collection":[{"href":"https:\/\/petitecave.ch\/de\/wp-json\/wp\/v2\/product"}],"about":[{"href":"https:\/\/petitecave.ch\/de\/wp-json\/wp\/v2\/types\/product"}],"replies":[{"embeddable":true,"href":"https:\/\/petitecave.ch\/de\/wp-json\/wp\/v2\/comments?post=9067"}],"wp:featuredmedia":[{"embeddable":true,"href":"https:\/\/petitecave.ch\/de\/wp-json\/wp\/v2\/media\/12465"}],"wp:attachment":[{"href":"https:\/\/petitecave.ch\/de\/wp-json\/wp\/v2\/media?parent=9067"}],"wp:term":[{"taxonomy":"product_cat","embeddable":true,"href":"https:\/\/petitecave.ch\/de\/wp-json\/wp\/v2\/product_cat?post=9067"},{"taxonomy":"product_tag","embeddable":true,"href":"https:\/\/petitecave.ch\/de\/wp-json\/wp\/v2\/product_tag?post=9067"}],"curies":[{"name":"wp","href":"https:\/\/api.w.org\/{rel}","templated":true}]}}