{"id":9063,"date":"2025-10-28T10:37:23","date_gmt":"2025-10-28T10:37:23","guid":{"rendered":""},"modified":"2026-02-20T13:17:57","modified_gmt":"2026-02-20T12:17:57","slug":"monkey-47-schwarzwald-dry-gin-50cl","status":"publish","type":"product","link":"https:\/\/petitecave.ch\/de\/product\/monkey-47-schwarzwald-dry-gin-50cl\/","title":{"rendered":"Monkey 47 Schwarzwald Dry Gin 50cl"},"content":{"rendered":"<p><strong>Nez :<\/strong> Ar\u00f4mes tr\u00e8s complexe avec beaucoup d&rsquo;\u00e9pices, de fruits et d&rsquo;herbes<\/p>\n<p><strong>Go\u00fbt :<\/strong> On peut d\u00e9celer des ar\u00f4mes de canneberge, d&rsquo;agrumes, d&rsquo;\u00e9pinette et de bois\u00a0<\/p>","protected":false},"excerpt":{"rendered":"<p><strong>Monkey 47 Schwarzwald Dry Gin<\/strong><\/p>\n<\/p>\n<p><em>Le Monkey 47 tirerait son nom d&rsquo;un singe javanais du zoo de Berlin, que parrainait l&rsquo;inventeur de ce gin. Apr\u00e8s sa mort, une malle a \u00e9t\u00e9 retrouv\u00e9e, contenant le Monkey Schwarzwald Dry Gin, accompagn\u00e9 d\u2019une vieille recette manuscrite. Alexander Stein et Christoph Keller l&rsquo;ont utilis\u00e9e comme base pour leur Monkey 47 Gin, le produit phare des Black Forest Distillers. Il est produit en lots \u00e0 base de m\u00e9lasse de betterave sucri\u00e8re et aromatis\u00e9 avec 47 plantes mac\u00e9r\u00e9es. Ces plantes, dont certaines proviennent \u00e9galement de la For\u00eat-Noire. Apr\u00e8s la distillation, le Monkey 47 repose pendant trois mois dans des r\u00e9cipients en terre cuite, puis son taux d\u2019alcool est r\u00e9duit.\u00a0<\/em><\/p>","protected":false},"featured_media":12461,"comment_status":"open","ping_status":"open","template":"","meta":[],"product_cat":[279],"product_tag":[],"class_list":{"0":"post-9063","1":"product","2":"type-product","3":"status-publish","4":"has-post-thumbnail","6":"product_cat-gin","7":"pa_country-allemagne","8":"pa_volume-50cl","9":"_wholesalex wsx-wholesalex-product","11":"first","12":"instock","13":"taxable","14":"shipping-taxable","15":"purchasable","16":"product-type-simple"},"_links":{"self":[{"href":"https:\/\/petitecave.ch\/de\/wp-json\/wp\/v2\/product\/9063","targetHints":{"allow":["GET"]}}],"collection":[{"href":"https:\/\/petitecave.ch\/de\/wp-json\/wp\/v2\/product"}],"about":[{"href":"https:\/\/petitecave.ch\/de\/wp-json\/wp\/v2\/types\/product"}],"replies":[{"embeddable":true,"href":"https:\/\/petitecave.ch\/de\/wp-json\/wp\/v2\/comments?post=9063"}],"wp:featuredmedia":[{"embeddable":true,"href":"https:\/\/petitecave.ch\/de\/wp-json\/wp\/v2\/media\/12461"}],"wp:attachment":[{"href":"https:\/\/petitecave.ch\/de\/wp-json\/wp\/v2\/media?parent=9063"}],"wp:term":[{"taxonomy":"product_cat","embeddable":true,"href":"https:\/\/petitecave.ch\/de\/wp-json\/wp\/v2\/product_cat?post=9063"},{"taxonomy":"product_tag","embeddable":true,"href":"https:\/\/petitecave.ch\/de\/wp-json\/wp\/v2\/product_tag?post=9063"}],"curies":[{"name":"wp","href":"https:\/\/api.w.org\/{rel}","templated":true}]}}