{"id":9057,"date":"2025-10-28T10:37:17","date_gmt":"2025-10-28T10:37:17","guid":{"rendered":""},"modified":"2026-02-20T15:42:19","modified_gmt":"2026-02-20T14:42:19","slug":"gin-liqueur-grenade-rose-edinburgh-50cl","status":"publish","type":"product","link":"https:\/\/petitecave.ch\/de\/product\/gin-liqueur-grenade-rose-edinburgh-50cl\/","title":{"rendered":"Gin Liqueur Grenade &#038; Rose &#8211; Edinburgh 50cl"},"content":{"rendered":"<p><strong>Nez :<\/strong> Des notes florales douces, avec douceur et une l\u00e9g\u00e8re finale d\u2019agrumes<\/p>\n<p><strong>Go\u00fbt :<\/strong> Confit, avec des saveurs juteuses fourr\u00e9es aux fruits et une touche de zeste, la finale se fait sur une saveur persistante de rose, \u00e9quilibr\u00e9e par la saveur de fruits vifs de la grenade<\/p>","protected":false},"excerpt":{"rendered":"<p><strong>Grenade &amp; Rose Gin Liqueur Edinburgh &#8211; Edinburgh Gin Distillery\u00a0<\/strong><\/p>\n<\/p>\n<p><em>Inspir\u00e9e des grands bazars, remplie de bout en bout de d\u00e9licatesses et de saveurs, cette d\u00e9licieuse liqueur de gin combine nos plantes classiques avec des aromates doux \u00e0 la rose et une extraordinaire pop de grenade.<\/em><\/p>\n<p><em>R\u00eaver de villes cosmopolites baign\u00e9es de soleil \u00e0 l\u2019est de nous, anim\u00e9es de vues, de sons et de go\u00fbts diff\u00e9rents, nous a amen\u00e9s \u00e0 explorer la combinaison engoulante de la grenade et de la rose.<\/em><\/p>\n<p><em>C\u2019est une liqueur de gin qui convoque des souvenirs chaleureux et des id\u00e9es d\u2019envie de fumer. Vous pouvez choisir de secouer dans un martini, mais une longue boisson d\u2019\u00e9t\u00e9, garnie de soda, est tout aussi merveilleuse<\/em><\/p>","protected":false},"featured_media":12455,"comment_status":"open","ping_status":"open","template":"","meta":[],"product_cat":[279,269],"product_tag":[],"class_list":{"0":"post-9057","1":"product","2":"type-product","3":"status-publish","4":"has-post-thumbnail","6":"product_cat-gin","7":"product_cat-liqueurs","8":"pa_country-ecosse","9":"pa_volume-50cl","10":"_wholesalex wsx-wholesalex-product","12":"first","13":"instock","14":"taxable","15":"shipping-taxable","16":"purchasable","17":"product-type-simple"},"_links":{"self":[{"href":"https:\/\/petitecave.ch\/de\/wp-json\/wp\/v2\/product\/9057","targetHints":{"allow":["GET"]}}],"collection":[{"href":"https:\/\/petitecave.ch\/de\/wp-json\/wp\/v2\/product"}],"about":[{"href":"https:\/\/petitecave.ch\/de\/wp-json\/wp\/v2\/types\/product"}],"replies":[{"embeddable":true,"href":"https:\/\/petitecave.ch\/de\/wp-json\/wp\/v2\/comments?post=9057"}],"wp:featuredmedia":[{"embeddable":true,"href":"https:\/\/petitecave.ch\/de\/wp-json\/wp\/v2\/media\/12455"}],"wp:attachment":[{"href":"https:\/\/petitecave.ch\/de\/wp-json\/wp\/v2\/media?parent=9057"}],"wp:term":[{"taxonomy":"product_cat","embeddable":true,"href":"https:\/\/petitecave.ch\/de\/wp-json\/wp\/v2\/product_cat?post=9057"},{"taxonomy":"product_tag","embeddable":true,"href":"https:\/\/petitecave.ch\/de\/wp-json\/wp\/v2\/product_tag?post=9057"}],"curies":[{"name":"wp","href":"https:\/\/api.w.org\/{rel}","templated":true}]}}