{"id":9056,"date":"2025-10-28T10:37:17","date_gmt":"2025-10-28T10:37:17","guid":{"rendered":""},"modified":"2026-02-20T15:40:54","modified_gmt":"2026-02-20T14:40:54","slug":"gin-liqueur-fleur-d-oranger-mandarine-edinburgh-50cl","status":"publish","type":"product","link":"https:\/\/petitecave.ch\/de\/product\/gin-liqueur-fleur-d-oranger-mandarine-edinburgh-50cl\/","title":{"rendered":"Gin Liqueur Fleur d&rsquo;Oranger &#038; Mandarine &#8211; Edinburgh 50cl"},"content":{"rendered":"<p><strong>Nez :<\/strong> D\u00e9licate fleur d\u2019oranger aromatique associ\u00e9e \u00e0 des notes de mandarine douce\u00a0<\/p>\n<p><strong>Go\u00fbt :<\/strong> Un m\u00e9lange de fleurs exotiques et de gen\u00e9vrier avec une touche distincte d\u2019\u00e9corce d\u2019orange brunie, la finale est fruit\u00e9e sur le zeste d\u2019orange, suivie d\u2019une douceur persistante<\/p>","protected":false},"excerpt":{"rendered":"<p><strong>Fleur d&rsquo;Oranger &amp; Mandarine Gin Liqueur Edinburgh &#8211; Edinburgh Gin Distillery\u00a0<\/strong><\/p>\n<\/p>\n<p><em>La saveur d\u00e9licate de la fleur d\u2019oranger naturelle et la saveur confite de la mandarine sont infus\u00e9es avec notre Edinburgh Classic Gin prim\u00e9 pour cr\u00e9er une liqueur de gin rafra\u00eechissante et fruit\u00e9e, parfaite pour les longues journ\u00e9es d\u2019\u00e9t\u00e9 \u00e0 profiter du soleil.<\/em><\/p>\n<p><em>M\u00e9lange parfaitement en plus longues, garni d\u2019une touche orange et servi sur de la glace.<\/em><\/p>","protected":false},"featured_media":12454,"comment_status":"open","ping_status":"open","template":"","meta":[],"product_cat":[279,269],"product_tag":[],"class_list":{"0":"post-9056","1":"product","2":"type-product","3":"status-publish","4":"has-post-thumbnail","6":"product_cat-gin","7":"product_cat-liqueurs","8":"pa_country-ecosse","9":"pa_volume-50cl","10":"_wholesalex wsx-wholesalex-product","12":"first","13":"instock","14":"taxable","15":"shipping-taxable","16":"purchasable","17":"product-type-simple"},"_links":{"self":[{"href":"https:\/\/petitecave.ch\/de\/wp-json\/wp\/v2\/product\/9056","targetHints":{"allow":["GET"]}}],"collection":[{"href":"https:\/\/petitecave.ch\/de\/wp-json\/wp\/v2\/product"}],"about":[{"href":"https:\/\/petitecave.ch\/de\/wp-json\/wp\/v2\/types\/product"}],"replies":[{"embeddable":true,"href":"https:\/\/petitecave.ch\/de\/wp-json\/wp\/v2\/comments?post=9056"}],"wp:featuredmedia":[{"embeddable":true,"href":"https:\/\/petitecave.ch\/de\/wp-json\/wp\/v2\/media\/12454"}],"wp:attachment":[{"href":"https:\/\/petitecave.ch\/de\/wp-json\/wp\/v2\/media?parent=9056"}],"wp:term":[{"taxonomy":"product_cat","embeddable":true,"href":"https:\/\/petitecave.ch\/de\/wp-json\/wp\/v2\/product_cat?post=9056"},{"taxonomy":"product_tag","embeddable":true,"href":"https:\/\/petitecave.ch\/de\/wp-json\/wp\/v2\/product_tag?post=9056"}],"curies":[{"name":"wp","href":"https:\/\/api.w.org\/{rel}","templated":true}]}}