{"id":9049,"date":"2025-10-28T10:37:11","date_gmt":"2025-10-28T10:37:11","guid":{"rendered":""},"modified":"2026-02-20T15:46:49","modified_gmt":"2026-02-20T14:46:49","slug":"indian-craft-gin-jaisalmer-70cl","status":"publish","type":"product","link":"https:\/\/petitecave.ch\/de\/product\/indian-craft-gin-jaisalmer-70cl\/","title":{"rendered":"Indian Craft Gin Jaisalmer 70cl"},"content":{"rendered":"<p><strong>Nez :\u00a0<\/strong>Ar\u00f4mes classiques, qui sont accompagn\u00e9es par un peu d&rsquo;\u00e9pices piquantes<\/p>\n<p><strong>Go\u00fbt :\u00a0<\/strong>Notes herbac\u00e9es-fra\u00eeches, terreuses et \u00e9pic\u00e9es, o\u00f9 le geni\u00e8vre, les agrumes, la racine d&rsquo;ang\u00e9lique, le poivre cub\u00e8be et la r\u00e9glisse ressortent<\/p>","protected":false},"excerpt":{"rendered":"<p><strong>Jaisalmer Indian Craft Gin &#8211;\u00a0Rampur Distillery Uttar Pradesh<\/strong><\/p>\n<\/p>\n<p><em>Jaisalmer est le nom d&rsquo;une ville d\u00e9sertique, fond\u00e9e au 12\u00e8me si\u00e8cle dans le nord-ouest du Rajasthan, qui a connu son apog\u00e9e durant le commerce des caravanes entre l&rsquo;Inde et l&rsquo;Arabie. Elle fut \u00e9galement la capitale de l&rsquo;\u00c9tat princier du m\u00eame nom jusqu&rsquo;en 1818. La forteresse m\u00e9di\u00e9vale dominant la ville basse, utilis\u00e9e pour vivre et travailler, fait de Jaisalmer une destination touristique populaire. D\u00e8s 2018, les amateurs de gin appr\u00e9cient la ville sous un autre aspect int\u00e9ressant, car elle pr\u00eate son nom \u00e0 l&rsquo;Indian Craft Gin de Radico Khaitan.<\/em><\/p>\n<p><em>Le gin se compose d&rsquo;un alcool de base triplement distill\u00e9, qui est ensuite enrichi avec onze plantes. Sept d&rsquo;entre elles proviennent de tous les coins de l&rsquo;Inde.<\/em><\/p>","protected":false},"featured_media":12447,"comment_status":"open","ping_status":"open","template":"","meta":[],"product_cat":[279],"product_tag":[],"class_list":{"0":"post-9049","1":"product","2":"type-product","3":"status-publish","4":"has-post-thumbnail","6":"product_cat-gin","7":"pa_country-inde","8":"pa_volume-70-cl","9":"_wholesalex wsx-wholesalex-product","11":"first","12":"instock","13":"taxable","14":"shipping-taxable","15":"purchasable","16":"product-type-simple"},"_links":{"self":[{"href":"https:\/\/petitecave.ch\/de\/wp-json\/wp\/v2\/product\/9049","targetHints":{"allow":["GET"]}}],"collection":[{"href":"https:\/\/petitecave.ch\/de\/wp-json\/wp\/v2\/product"}],"about":[{"href":"https:\/\/petitecave.ch\/de\/wp-json\/wp\/v2\/types\/product"}],"replies":[{"embeddable":true,"href":"https:\/\/petitecave.ch\/de\/wp-json\/wp\/v2\/comments?post=9049"}],"wp:featuredmedia":[{"embeddable":true,"href":"https:\/\/petitecave.ch\/de\/wp-json\/wp\/v2\/media\/12447"}],"wp:attachment":[{"href":"https:\/\/petitecave.ch\/de\/wp-json\/wp\/v2\/media?parent=9049"}],"wp:term":[{"taxonomy":"product_cat","embeddable":true,"href":"https:\/\/petitecave.ch\/de\/wp-json\/wp\/v2\/product_cat?post=9049"},{"taxonomy":"product_tag","embeddable":true,"href":"https:\/\/petitecave.ch\/de\/wp-json\/wp\/v2\/product_tag?post=9049"}],"curies":[{"name":"wp","href":"https:\/\/api.w.org\/{rel}","templated":true}]}}