{"id":9042,"date":"2025-10-28T10:37:05","date_gmt":"2025-10-28T10:37:05","guid":{"rendered":""},"modified":"2026-02-20T15:52:36","modified_gmt":"2026-02-20T14:52:36","slug":"few-american-breakfast-gin-70cl","status":"publish","type":"product","link":"https:\/\/petitecave.ch\/de\/product\/few-american-breakfast-gin-70cl\/","title":{"rendered":"Few American Breakfast Gin 70cl"},"content":{"rendered":"<p><strong>Nez :<\/strong>\u00a0Il s\u2019ouvre sur la coriandre, la m\u00e9lisse et la feuille de riz. Le th\u00e9 Earl Grey fait alors son apparition, riche et g\u00e9n\u00e9reux<\/p>\n<p><strong>Go\u00fbt :<\/strong> El\u00e9gant et rafra\u00eechissant, le th\u00e9 est bien mis en valeur accompagn\u00e9 par la bergamote et la fra\u00eecheur du geni\u00e8vre. En milieu de bouche, la violette et la menthe poivr\u00e9e se font remarquer la finale est douce et persistante, sur des notes de cannelle<\/p>","protected":false},"excerpt":{"rendered":"<p><b>Few American Breakfast Gin<\/b><\/p>","protected":false},"featured_media":12440,"comment_status":"open","ping_status":"open","template":"","meta":[],"product_cat":[279],"product_tag":[],"class_list":{"0":"post-9042","1":"product","2":"type-product","3":"status-publish","4":"has-post-thumbnail","6":"product_cat-gin","7":"pa_country-usa","8":"pa_volume-70-cl","9":"_wholesalex wsx-wholesalex-product","11":"first","12":"instock","13":"taxable","14":"shipping-taxable","15":"purchasable","16":"product-type-simple"},"_links":{"self":[{"href":"https:\/\/petitecave.ch\/de\/wp-json\/wp\/v2\/product\/9042","targetHints":{"allow":["GET"]}}],"collection":[{"href":"https:\/\/petitecave.ch\/de\/wp-json\/wp\/v2\/product"}],"about":[{"href":"https:\/\/petitecave.ch\/de\/wp-json\/wp\/v2\/types\/product"}],"replies":[{"embeddable":true,"href":"https:\/\/petitecave.ch\/de\/wp-json\/wp\/v2\/comments?post=9042"}],"wp:featuredmedia":[{"embeddable":true,"href":"https:\/\/petitecave.ch\/de\/wp-json\/wp\/v2\/media\/12440"}],"wp:attachment":[{"href":"https:\/\/petitecave.ch\/de\/wp-json\/wp\/v2\/media?parent=9042"}],"wp:term":[{"taxonomy":"product_cat","embeddable":true,"href":"https:\/\/petitecave.ch\/de\/wp-json\/wp\/v2\/product_cat?post=9042"},{"taxonomy":"product_tag","embeddable":true,"href":"https:\/\/petitecave.ch\/de\/wp-json\/wp\/v2\/product_tag?post=9042"}],"curies":[{"name":"wp","href":"https:\/\/api.w.org\/{rel}","templated":true}]}}