{"id":9039,"date":"2025-10-28T10:37:02","date_gmt":"2025-10-28T10:37:02","guid":{"rendered":""},"modified":"2026-02-20T15:52:35","modified_gmt":"2026-02-20T14:52:35","slug":"elephant-german-sloe-gin-50cl","status":"publish","type":"product","link":"https:\/\/petitecave.ch\/de\/product\/elephant-german-sloe-gin-50cl\/","title":{"rendered":"Elephant German Sloe Gin 50cl"},"content":{"rendered":"<p><strong>Nez :<\/strong> On d\u00e9couvre des notes de noisettes et de pain d&rsquo;\u00e9pices<\/p>\n<p><strong>Go\u00fbt :<\/strong> Les saveurs de baies sont bien pr\u00e9sentes, bien que l\u2019on sente \u00e9galement des \u00e9pices comme le poivre noir. La finale est douce, non sucr\u00e9e avec des ar\u00f4mes de m\u00fbre qui de am\u00e8nent de la fra\u00eecheur<\/p>","protected":false},"excerpt":{"rendered":"<p><b>German Sloe Gin &#8211; Elephant Distillery\u00a0<\/b><\/p>","protected":false},"featured_media":12437,"comment_status":"open","ping_status":"open","template":"","meta":[],"product_cat":[279],"product_tag":[],"class_list":{"0":"post-9039","1":"product","2":"type-product","3":"status-publish","4":"has-post-thumbnail","6":"product_cat-gin","7":"pa_country-allemagne","8":"pa_style-sloe-gin","9":"pa_volume-50cl","10":"_wholesalex wsx-wholesalex-product","12":"first","13":"instock","14":"taxable","15":"shipping-taxable","16":"purchasable","17":"product-type-simple"},"_links":{"self":[{"href":"https:\/\/petitecave.ch\/de\/wp-json\/wp\/v2\/product\/9039","targetHints":{"allow":["GET"]}}],"collection":[{"href":"https:\/\/petitecave.ch\/de\/wp-json\/wp\/v2\/product"}],"about":[{"href":"https:\/\/petitecave.ch\/de\/wp-json\/wp\/v2\/types\/product"}],"replies":[{"embeddable":true,"href":"https:\/\/petitecave.ch\/de\/wp-json\/wp\/v2\/comments?post=9039"}],"wp:featuredmedia":[{"embeddable":true,"href":"https:\/\/petitecave.ch\/de\/wp-json\/wp\/v2\/media\/12437"}],"wp:attachment":[{"href":"https:\/\/petitecave.ch\/de\/wp-json\/wp\/v2\/media?parent=9039"}],"wp:term":[{"taxonomy":"product_cat","embeddable":true,"href":"https:\/\/petitecave.ch\/de\/wp-json\/wp\/v2\/product_cat?post=9039"},{"taxonomy":"product_tag","embeddable":true,"href":"https:\/\/petitecave.ch\/de\/wp-json\/wp\/v2\/product_tag?post=9039"}],"curies":[{"name":"wp","href":"https:\/\/api.w.org\/{rel}","templated":true}]}}