{"id":9038,"date":"2025-10-28T10:37:01","date_gmt":"2025-10-28T10:37:01","guid":{"rendered":""},"modified":"2026-02-20T15:52:35","modified_gmt":"2026-02-20T14:52:35","slug":"elephant-london-dry-gin-50cl","status":"publish","type":"product","link":"https:\/\/petitecave.ch\/de\/product\/elephant-london-dry-gin-50cl\/","title":{"rendered":"Elephant London Dry Gin 50cl"},"content":{"rendered":"<p><b>Nez :<\/b> Intense et frais aux notes de citron, d&rsquo;\u00e9pices avec le piment de Jama\u00efque et de r\u00e9sine d\u00fb au soup\u00e7on de pin de montagne.<\/p>\n<p><b>Bouche :<\/b> Cr\u00e9meux, floral et doux en bouche avec un arri\u00e8re-go\u00fbt exotique et des notes de geni\u00e8vre plut\u00f4t subtiles pour un London Dry Gin.<\/p>","protected":false},"excerpt":{"rendered":"<p><b>London Dry Gin &#8211; Elephant Distillery (D)<\/b><\/p>","protected":false},"featured_media":12436,"comment_status":"open","ping_status":"open","template":"","meta":[],"product_cat":[279],"product_tag":[],"class_list":{"0":"post-9038","1":"product","2":"type-product","3":"status-publish","4":"has-post-thumbnail","6":"product_cat-gin","7":"pa_country-allemagne","8":"pa_volume-50cl","9":"_wholesalex wsx-wholesalex-product","11":"first","12":"instock","13":"taxable","14":"shipping-taxable","15":"purchasable","16":"product-type-simple"},"_links":{"self":[{"href":"https:\/\/petitecave.ch\/de\/wp-json\/wp\/v2\/product\/9038","targetHints":{"allow":["GET"]}}],"collection":[{"href":"https:\/\/petitecave.ch\/de\/wp-json\/wp\/v2\/product"}],"about":[{"href":"https:\/\/petitecave.ch\/de\/wp-json\/wp\/v2\/types\/product"}],"replies":[{"embeddable":true,"href":"https:\/\/petitecave.ch\/de\/wp-json\/wp\/v2\/comments?post=9038"}],"wp:featuredmedia":[{"embeddable":true,"href":"https:\/\/petitecave.ch\/de\/wp-json\/wp\/v2\/media\/12436"}],"wp:attachment":[{"href":"https:\/\/petitecave.ch\/de\/wp-json\/wp\/v2\/media?parent=9038"}],"wp:term":[{"taxonomy":"product_cat","embeddable":true,"href":"https:\/\/petitecave.ch\/de\/wp-json\/wp\/v2\/product_cat?post=9038"},{"taxonomy":"product_tag","embeddable":true,"href":"https:\/\/petitecave.ch\/de\/wp-json\/wp\/v2\/product_tag?post=9038"}],"curies":[{"name":"wp","href":"https:\/\/api.w.org\/{rel}","templated":true}]}}