{"id":9037,"date":"2025-10-28T10:37:00","date_gmt":"2025-10-28T10:37:00","guid":{"rendered":""},"modified":"2026-02-20T13:18:55","modified_gmt":"2026-02-20T12:18:55","slug":"gin-edinburgh-seaside-70cl","status":"publish","type":"product","link":"https:\/\/petitecave.ch\/de\/product\/gin-edinburgh-seaside-70cl\/","title":{"rendered":"Gin Edinburgh Seaside 70cl"},"content":{"rendered":"<p><strong>Nez :<\/strong> Ar\u00f4mes frais et l\u00e9g\u00e8rement floraux\u00a0<\/p>\n<p><strong>Go\u00fbt :<\/strong> Un gin \u00e9quilibr\u00e9 avec une min\u00e9ralit\u00e9 douce, des notes herbeuses et un soup\u00e7on d\u2019\u00e9pice, une finale agr\u00e9ablement croustillante et l\u00e9g\u00e8rement sucr\u00e9e<\/p>","protected":false},"excerpt":{"rendered":"<p>Gin Edinburgh Seaside<\/p>\n<p><\/p>\n<p>Lanc\u00e9 en 2015, Seaside est le r\u00e9sultat d\u2019une collaboration avec l\u2019\u00e9quipe de l\u2019International Centre for Brewing &amp; Distilling de l\u2019Universit\u00e9 Herriot Watt \u00e0 \u00c9dimbourg \u2013 r\u00e9unissant l\u2019expertise de notre distillateur en chef tout en aidant \u00e0 nourrir une nouvelle g\u00e9n\u00e9ration d\u2019innovateurs en mati\u00e8re de gin.<\/p>\n<p>Le point culminant de ce projet est un gin extraordinaire qui a une douceur fra\u00eeche au nez, caract\u00e9ris\u00e9e par une salinit\u00e9 douce et des notes herbac\u00e9es et herbeuses en bouche, suivies d\u2019une finale propre.<\/p>\n<p>Accompagner d\u2019un tonique ou d\u2019un shake comme un martini\u2026 nous appr\u00e9cions le n\u00f4tre avec une tranche de pamplemousse ou avec un brin de salicorne croustillante et sal\u00e9e.<\/p>","protected":false},"featured_media":12435,"comment_status":"open","ping_status":"open","template":"","meta":[],"product_cat":[279],"product_tag":[],"class_list":{"0":"post-9037","1":"product","2":"type-product","3":"status-publish","4":"has-post-thumbnail","6":"product_cat-gin","7":"pa_country-ecosse","8":"pa_volume-70-cl","9":"_wholesalex wsx-wholesalex-product","11":"first","12":"instock","13":"taxable","14":"shipping-taxable","15":"purchasable","16":"product-type-simple"},"_links":{"self":[{"href":"https:\/\/petitecave.ch\/de\/wp-json\/wp\/v2\/product\/9037","targetHints":{"allow":["GET"]}}],"collection":[{"href":"https:\/\/petitecave.ch\/de\/wp-json\/wp\/v2\/product"}],"about":[{"href":"https:\/\/petitecave.ch\/de\/wp-json\/wp\/v2\/types\/product"}],"replies":[{"embeddable":true,"href":"https:\/\/petitecave.ch\/de\/wp-json\/wp\/v2\/comments?post=9037"}],"wp:featuredmedia":[{"embeddable":true,"href":"https:\/\/petitecave.ch\/de\/wp-json\/wp\/v2\/media\/12435"}],"wp:attachment":[{"href":"https:\/\/petitecave.ch\/de\/wp-json\/wp\/v2\/media?parent=9037"}],"wp:term":[{"taxonomy":"product_cat","embeddable":true,"href":"https:\/\/petitecave.ch\/de\/wp-json\/wp\/v2\/product_cat?post=9037"},{"taxonomy":"product_tag","embeddable":true,"href":"https:\/\/petitecave.ch\/de\/wp-json\/wp\/v2\/product_tag?post=9037"}],"curies":[{"name":"wp","href":"https:\/\/api.w.org\/{rel}","templated":true}]}}