{"id":9036,"date":"2025-10-28T10:37:00","date_gmt":"2025-10-28T10:37:00","guid":{"rendered":""},"modified":"2026-02-20T15:47:35","modified_gmt":"2026-02-20T14:47:35","slug":"gin-deux-fr-res-50cl","status":"publish","type":"product","link":"https:\/\/petitecave.ch\/de\/product\/gin-deux-fr-res-50cl\/","title":{"rendered":"Gin Deux Fr\u00e8res 50cl"},"content":{"rendered":"<p><strong>Go\u00fbt :<\/strong> Fruit\u00e9, avec des notes de baies de geni\u00e8vre la finale est longue<\/p>","protected":false},"excerpt":{"rendered":"<p><b>Gin Deux Fr\u00e8res &#8211; Deux Fr\u00e8res &#8211; Z\u00fcrich<\/b><\/p>\n<p>\u00a0<\/p>\n<p><i>Le gin, qui est aujourd&rsquo;hui fabriqu\u00e9 dans la maison Deux Fr\u00e8res, \u00e9tait au d\u00e9but produit dans un petit laboratoire maison dans le centre de Zurich, distill\u00e9 avec 11 plantes en lot de seulement 2,5 litres. Apr\u00e8s un an et demi, la recette a \u00e9t\u00e9 modifi\u00e9e pour contenir 25 plantes et comprend aujourd&rsquo;hui des baies de geni\u00e8vre biologiques, des zestes de citrons biologiques, des p\u00e9tales de rose, des fleurs de lavande et de l&rsquo;arnica. La derni\u00e8re des 25 plantes est gard\u00e9e secr\u00e8te et est ajout\u00e9e dans le processus final de mac\u00e9ration \u2013 de retour \u00e0 Zurich. Gr\u00e2ce aux anthocyanines naturelles et photosensibles, le Dry Gin de Deux Fr\u00e8res peut passer du bleu au violet jusqu\u2019au rose selon le m\u00e9lange.<\/i><\/p>","protected":false},"featured_media":12434,"comment_status":"open","ping_status":"open","template":"","meta":[],"product_cat":[279],"product_tag":[],"class_list":{"0":"post-9036","1":"product","2":"type-product","3":"status-publish","4":"has-post-thumbnail","6":"product_cat-gin","7":"pa_country-suisse","8":"pa_volume-50cl","9":"_wholesalex wsx-wholesalex-product","11":"first","12":"instock","13":"taxable","14":"shipping-taxable","15":"purchasable","16":"product-type-simple"},"_links":{"self":[{"href":"https:\/\/petitecave.ch\/de\/wp-json\/wp\/v2\/product\/9036","targetHints":{"allow":["GET"]}}],"collection":[{"href":"https:\/\/petitecave.ch\/de\/wp-json\/wp\/v2\/product"}],"about":[{"href":"https:\/\/petitecave.ch\/de\/wp-json\/wp\/v2\/types\/product"}],"replies":[{"embeddable":true,"href":"https:\/\/petitecave.ch\/de\/wp-json\/wp\/v2\/comments?post=9036"}],"wp:featuredmedia":[{"embeddable":true,"href":"https:\/\/petitecave.ch\/de\/wp-json\/wp\/v2\/media\/12434"}],"wp:attachment":[{"href":"https:\/\/petitecave.ch\/de\/wp-json\/wp\/v2\/media?parent=9036"}],"wp:term":[{"taxonomy":"product_cat","embeddable":true,"href":"https:\/\/petitecave.ch\/de\/wp-json\/wp\/v2\/product_cat?post=9036"},{"taxonomy":"product_tag","embeddable":true,"href":"https:\/\/petitecave.ch\/de\/wp-json\/wp\/v2\/product_tag?post=9036"}],"curies":[{"name":"wp","href":"https:\/\/api.w.org\/{rel}","templated":true}]}}