{"id":9033,"date":"2025-10-28T10:36:57","date_gmt":"2025-10-28T10:36:57","guid":{"rendered":""},"modified":"2026-02-20T15:46:49","modified_gmt":"2026-02-20T14:46:49","slug":"gin-chase-seville-marmelade-70cl","status":"publish","type":"product","link":"https:\/\/petitecave.ch\/de\/product\/gin-chase-seville-marmelade-70cl\/","title":{"rendered":"Gin Chase Seville Marmelade 70cl"},"content":{"rendered":"<p><strong>Nez :<\/strong> Les oranges de S\u00e9ville sont assez lourdes sans d\u00e9guiser les autres ar\u00f4mes de gen\u00e9vrier, de racines terreuses et d&rsquo;herbes douces<\/p>\n<p><strong>Go\u00fbt :<\/strong> Un picotement en bouche de la peau d\u2019orange de S\u00e9ville suivi d\u2019un gen\u00e9vrier floral puis d\u2019un jus d\u2019orange fra\u00eechement press\u00e9<\/p>","protected":false},"excerpt":{"rendered":"<p>Gin Chase Seville Marmelade &#8211; Chase Distillery &#8211;\u00a0Herefordshire<\/p>\n<\/p>\n<p>Chase est une distillerie ind\u00e9pendante fond\u00e9e par William Chase en 2008. Gr\u00e2ce \u00e0 un \u00ab\u00a0Charge-Top\u00a0\u00bb en cuivre, fabriqu\u00e9 \u00e0 la main, la famille distille la vodka Chase.<\/p>","protected":false},"featured_media":12431,"comment_status":"open","ping_status":"open","template":"","meta":[],"product_cat":[279],"product_tag":[],"class_list":{"0":"post-9033","1":"product","2":"type-product","3":"status-publish","4":"has-post-thumbnail","6":"product_cat-gin","7":"pa_country-angleterre","8":"pa_volume-70-cl","9":"_wholesalex wsx-wholesalex-product","11":"first","12":"instock","13":"taxable","14":"shipping-taxable","15":"purchasable","16":"product-type-simple"},"_links":{"self":[{"href":"https:\/\/petitecave.ch\/de\/wp-json\/wp\/v2\/product\/9033","targetHints":{"allow":["GET"]}}],"collection":[{"href":"https:\/\/petitecave.ch\/de\/wp-json\/wp\/v2\/product"}],"about":[{"href":"https:\/\/petitecave.ch\/de\/wp-json\/wp\/v2\/types\/product"}],"replies":[{"embeddable":true,"href":"https:\/\/petitecave.ch\/de\/wp-json\/wp\/v2\/comments?post=9033"}],"wp:featuredmedia":[{"embeddable":true,"href":"https:\/\/petitecave.ch\/de\/wp-json\/wp\/v2\/media\/12431"}],"wp:attachment":[{"href":"https:\/\/petitecave.ch\/de\/wp-json\/wp\/v2\/media?parent=9033"}],"wp:term":[{"taxonomy":"product_cat","embeddable":true,"href":"https:\/\/petitecave.ch\/de\/wp-json\/wp\/v2\/product_cat?post=9033"},{"taxonomy":"product_tag","embeddable":true,"href":"https:\/\/petitecave.ch\/de\/wp-json\/wp\/v2\/product_tag?post=9033"}],"curies":[{"name":"wp","href":"https:\/\/api.w.org\/{rel}","templated":true}]}}