{"id":9032,"date":"2025-10-28T10:36:56","date_gmt":"2025-10-28T10:36:56","guid":{"rendered":""},"modified":"2026-02-20T15:46:48","modified_gmt":"2026-02-20T14:46:48","slug":"bulldog-london-dry-gin-70cl","status":"publish","type":"product","link":"https:\/\/petitecave.ch\/de\/product\/bulldog-london-dry-gin-70cl\/","title":{"rendered":"Bulldog &#8211; London Dry Gin 70cl"},"content":{"rendered":"<p><strong>Go\u00fbt :<\/strong> Complexe avec des notes classiques de gin, provenant du geni\u00e8vre, d&rsquo;agrumes et de coriandre, ainsi que des nuances florales exotiques<\/p>","protected":false},"excerpt":{"rendered":"<p>Bulldog &#8211; London Dry Gin &#8211; G&amp;J Distillers<\/p>\n<\/p>\n<p>Cette recette comporte douze plantes. Afin de bien pr\u00e9senter ce gin, une bouteille sp\u00e9ciale a \u00e9t\u00e9 con\u00e7ue, qui ne correspond pas du tout aux gins classiques. Le bl\u00e9 pour l&rsquo;alcool de base de ce gin est r\u00e9colt\u00e9 dans l&rsquo;est de l&rsquo;Angleterre. Apr\u00e8s la fermentation, s\u2019ensuit une distillation en quatre \u00e9tapes dans des alambics traditionnels en cuivre. Ensuite, les plantes sont ajout\u00e9es. En plus de quelques plantes classiques, telles que le gen\u00e9vrier, les agrumes et la coriandre, on trouve dans la recette des plantes exotiques, telles que les graines de pavot turc, les fruits du Dragon Eye (longanes) et les feuilles de lotus.<\/p>","protected":false},"featured_media":12430,"comment_status":"open","ping_status":"open","template":"","meta":[],"product_cat":[279],"product_tag":[],"class_list":{"0":"post-9032","1":"product","2":"type-product","3":"status-publish","4":"has-post-thumbnail","6":"product_cat-gin","7":"pa_country-angleterre","8":"pa_volume-70-cl","9":"_wholesalex wsx-wholesalex-product","11":"first","12":"instock","13":"taxable","14":"shipping-taxable","15":"purchasable","16":"product-type-simple"},"yoast_head":"<!-- This site is optimized with the Yoast SEO plugin v27.4 - https:\/\/yoast.com\/product\/yoast-seo-wordpress\/ -->\n<title>Bulldog - London Dry Gin 70cl | La Petite Cave du Chablais<\/title>\n<meta name=\"robots\" content=\"index, follow, max-snippet:-1, max-image-preview:large, max-video-preview:-1\" \/>\n<link rel=\"canonical\" href=\"https:\/\/petitecave.ch\/de\/product\/bulldog-london-dry-gin-70cl\/\" \/>\n<meta property=\"og:locale\" content=\"de_DE\" \/>\n<meta property=\"og:type\" content=\"article\" \/>\n<meta property=\"og:title\" content=\"Bulldog - London Dry Gin 70cl | La Petite Cave du Chablais\" \/>\n<meta property=\"og:description\" content=\"Bulldog - London Dry Gin - G&amp;J Distillers Cette recette comporte douze plantes. Afin de bien pr\u00e9senter ce gin, une bouteille sp\u00e9ciale a \u00e9t\u00e9 con\u00e7ue, qui ne correspond pas du tout aux gins classiques. Le bl\u00e9 pour l&#039;alcool de base de ce gin est r\u00e9colt\u00e9 dans l&#039;est de l&#039;Angleterre. Apr\u00e8s la fermentation, s\u2019ensuit une distillation en quatre \u00e9tapes dans des alambics traditionnels en cuivre. Ensuite, les plantes sont ajout\u00e9es. En plus de quelques plantes classiques, telles que le gen\u00e9vrier, les agrumes et la coriandre, on trouve dans la recette des plantes exotiques, telles que les graines de pavot turc, les fruits du Dragon Eye (longanes) et les feuilles de lotus.\" \/>\n<meta property=\"og:url\" content=\"https:\/\/petitecave.ch\/de\/product\/bulldog-london-dry-gin-70cl\/\" \/>\n<meta property=\"og:site_name\" content=\"La Petite Cave du Chablais\" \/>\n<meta property=\"article:publisher\" content=\"https:\/\/www.facebook.com\/LaPetiteCaveDuChablais\" \/>\n<meta property=\"article:modified_time\" content=\"2026-02-20T14:46:48+00:00\" \/>\n<meta property=\"og:image\" content=\"https:\/\/petitecave.ch\/wp-content\/uploads\/2025\/10\/9032_5327_cover.jpg\" \/>\n\t<meta property=\"og:image:width\" content=\"1000\" \/>\n\t<meta property=\"og:image:height\" content=\"1700\" \/>\n\t<meta property=\"og:image:type\" content=\"image\/jpeg\" \/>\n<meta name=\"twitter:card\" content=\"summary_large_image\" \/>\n<script type=\"application\/ld+json\" class=\"yoast-schema-graph\">{\"@context\":\"https:\\\/\\\/schema.org\",\"@graph\":[{\"@type\":\"WebPage\",\"@id\":\"https:\\\/\\\/petitecave.ch\\\/de\\\/product\\\/bulldog-london-dry-gin-70cl\\\/\",\"url\":\"https:\\\/\\\/petitecave.ch\\\/de\\\/product\\\/bulldog-london-dry-gin-70cl\\\/\",\"name\":\"Bulldog - London Dry Gin 70cl | La Petite Cave du Chablais\",\"isPartOf\":{\"@id\":\"https:\\\/\\\/petitecave.ch\\\/de\\\/#website\"},\"primaryImageOfPage\":{\"@id\":\"https:\\\/\\\/petitecave.ch\\\/de\\\/product\\\/bulldog-london-dry-gin-70cl\\\/#primaryimage\"},\"image\":{\"@id\":\"https:\\\/\\\/petitecave.ch\\\/de\\\/product\\\/bulldog-london-dry-gin-70cl\\\/#primaryimage\"},\"thumbnailUrl\":\"https:\\\/\\\/petitecave.ch\\\/wp-content\\\/uploads\\\/2025\\\/10\\\/9032_5327_cover.jpg\",\"datePublished\":\"2025-10-28T10:36:56+00:00\",\"dateModified\":\"2026-02-20T14:46:48+00:00\",\"breadcrumb\":{\"@id\":\"https:\\\/\\\/petitecave.ch\\\/de\\\/product\\\/bulldog-london-dry-gin-70cl\\\/#breadcrumb\"},\"inLanguage\":\"de-CH\",\"potentialAction\":[{\"@type\":\"ReadAction\",\"target\":[\"https:\\\/\\\/petitecave.ch\\\/de\\\/product\\\/bulldog-london-dry-gin-70cl\\\/\"]}]},{\"@type\":\"ImageObject\",\"inLanguage\":\"de-CH\",\"@id\":\"https:\\\/\\\/petitecave.ch\\\/de\\\/product\\\/bulldog-london-dry-gin-70cl\\\/#primaryimage\",\"url\":\"https:\\\/\\\/petitecave.ch\\\/wp-content\\\/uploads\\\/2025\\\/10\\\/9032_5327_cover.jpg\",\"contentUrl\":\"https:\\\/\\\/petitecave.ch\\\/wp-content\\\/uploads\\\/2025\\\/10\\\/9032_5327_cover.jpg\",\"width\":1000,\"height\":1700},{\"@type\":\"BreadcrumbList\",\"@id\":\"https:\\\/\\\/petitecave.ch\\\/de\\\/product\\\/bulldog-london-dry-gin-70cl\\\/#breadcrumb\",\"itemListElement\":[{\"@type\":\"ListItem\",\"position\":1,\"name\":\"Accueil\",\"item\":\"https:\\\/\\\/petitecave.ch\\\/\"},{\"@type\":\"ListItem\",\"position\":2,\"name\":\"Produkte\",\"item\":\"https:\\\/\\\/petitecave.ch\\\/de\\\/shop\\\/\"},{\"@type\":\"ListItem\",\"position\":3,\"name\":\"Bulldog &#8211; London Dry Gin 70cl\"}]},{\"@type\":\"WebSite\",\"@id\":\"https:\\\/\\\/petitecave.ch\\\/de\\\/#website\",\"url\":\"https:\\\/\\\/petitecave.ch\\\/de\\\/\",\"name\":\"La Petite Cave du Chablais\",\"description\":\"Vins, bi\u00e8res et spiritueux en ligne !\",\"publisher\":{\"@id\":\"https:\\\/\\\/petitecave.ch\\\/de\\\/#organization\"},\"alternateName\":\"La Petite Cave\",\"potentialAction\":[{\"@type\":\"SearchAction\",\"target\":{\"@type\":\"EntryPoint\",\"urlTemplate\":\"https:\\\/\\\/petitecave.ch\\\/de\\\/?s={search_term_string}\"},\"query-input\":{\"@type\":\"PropertyValueSpecification\",\"valueRequired\":true,\"valueName\":\"search_term_string\"}}],\"inLanguage\":\"de-CH\"},{\"@type\":\"Organization\",\"@id\":\"https:\\\/\\\/petitecave.ch\\\/de\\\/#organization\",\"name\":\"La Petite Cave du Chablais S\u00e0rl\",\"url\":\"https:\\\/\\\/petitecave.ch\\\/de\\\/\",\"logo\":{\"@type\":\"ImageObject\",\"inLanguage\":\"de-CH\",\"@id\":\"https:\\\/\\\/petitecave.ch\\\/de\\\/#\\\/schema\\\/logo\\\/image\\\/\",\"url\":\"https:\\\/\\\/petitecave.ch\\\/wp-content\\\/uploads\\\/2025\\\/10\\\/petitecavelogo-removebg-preview.png\",\"contentUrl\":\"https:\\\/\\\/petitecave.ch\\\/wp-content\\\/uploads\\\/2025\\\/10\\\/petitecavelogo-removebg-preview.png\",\"width\":800,\"height\":200,\"caption\":\"La Petite Cave du Chablais S\u00e0rl\"},\"image\":{\"@id\":\"https:\\\/\\\/petitecave.ch\\\/de\\\/#\\\/schema\\\/logo\\\/image\\\/\"},\"sameAs\":[\"https:\\\/\\\/www.facebook.com\\\/LaPetiteCaveDuChablais\",\"https:\\\/\\\/www.instagram.com\\\/lapetitecaveduchablais\",\"https:\\\/\\\/www.linkedin.com\\\/company\\\/la-petite-cave-du-chablais\"]}]}<\/script>\n<!-- \/ Yoast SEO plugin. -->","yoast_head_json":{"title":"Bulldog - London Dry Gin 70cl | La Petite Cave du Chablais","robots":{"index":"index","follow":"follow","max-snippet":"max-snippet:-1","max-image-preview":"max-image-preview:large","max-video-preview":"max-video-preview:-1"},"canonical":"https:\/\/petitecave.ch\/de\/product\/bulldog-london-dry-gin-70cl\/","og_locale":"de_DE","og_type":"article","og_title":"Bulldog - London Dry Gin 70cl | La Petite Cave du Chablais","og_description":"Bulldog - London Dry Gin - G&amp;J Distillers Cette recette comporte douze plantes. Afin de bien pr\u00e9senter ce gin, une bouteille sp\u00e9ciale a \u00e9t\u00e9 con\u00e7ue, qui ne correspond pas du tout aux gins classiques. Le bl\u00e9 pour l'alcool de base de ce gin est r\u00e9colt\u00e9 dans l'est de l'Angleterre. Apr\u00e8s la fermentation, s\u2019ensuit une distillation en quatre \u00e9tapes dans des alambics traditionnels en cuivre. Ensuite, les plantes sont ajout\u00e9es. En plus de quelques plantes classiques, telles que le gen\u00e9vrier, les agrumes et la coriandre, on trouve dans la recette des plantes exotiques, telles que les graines de pavot turc, les fruits du Dragon Eye (longanes) et les feuilles de lotus.","og_url":"https:\/\/petitecave.ch\/de\/product\/bulldog-london-dry-gin-70cl\/","og_site_name":"La Petite Cave du Chablais","article_publisher":"https:\/\/www.facebook.com\/LaPetiteCaveDuChablais","article_modified_time":"2026-02-20T14:46:48+00:00","og_image":[{"width":1000,"height":1700,"url":"https:\/\/petitecave.ch\/wp-content\/uploads\/2025\/10\/9032_5327_cover.jpg","type":"image\/jpeg"}],"twitter_card":"summary_large_image","schema":{"@context":"https:\/\/schema.org","@graph":[{"@type":"WebPage","@id":"https:\/\/petitecave.ch\/de\/product\/bulldog-london-dry-gin-70cl\/","url":"https:\/\/petitecave.ch\/de\/product\/bulldog-london-dry-gin-70cl\/","name":"Bulldog - London Dry Gin 70cl | La Petite Cave du Chablais","isPartOf":{"@id":"https:\/\/petitecave.ch\/de\/#website"},"primaryImageOfPage":{"@id":"https:\/\/petitecave.ch\/de\/product\/bulldog-london-dry-gin-70cl\/#primaryimage"},"image":{"@id":"https:\/\/petitecave.ch\/de\/product\/bulldog-london-dry-gin-70cl\/#primaryimage"},"thumbnailUrl":"https:\/\/petitecave.ch\/wp-content\/uploads\/2025\/10\/9032_5327_cover.jpg","datePublished":"2025-10-28T10:36:56+00:00","dateModified":"2026-02-20T14:46:48+00:00","breadcrumb":{"@id":"https:\/\/petitecave.ch\/de\/product\/bulldog-london-dry-gin-70cl\/#breadcrumb"},"inLanguage":"de-CH","potentialAction":[{"@type":"ReadAction","target":["https:\/\/petitecave.ch\/de\/product\/bulldog-london-dry-gin-70cl\/"]}]},{"@type":"ImageObject","inLanguage":"de-CH","@id":"https:\/\/petitecave.ch\/de\/product\/bulldog-london-dry-gin-70cl\/#primaryimage","url":"https:\/\/petitecave.ch\/wp-content\/uploads\/2025\/10\/9032_5327_cover.jpg","contentUrl":"https:\/\/petitecave.ch\/wp-content\/uploads\/2025\/10\/9032_5327_cover.jpg","width":1000,"height":1700},{"@type":"BreadcrumbList","@id":"https:\/\/petitecave.ch\/de\/product\/bulldog-london-dry-gin-70cl\/#breadcrumb","itemListElement":[{"@type":"ListItem","position":1,"name":"Accueil","item":"https:\/\/petitecave.ch\/"},{"@type":"ListItem","position":2,"name":"Produkte","item":"https:\/\/petitecave.ch\/de\/shop\/"},{"@type":"ListItem","position":3,"name":"Bulldog &#8211; London Dry Gin 70cl"}]},{"@type":"WebSite","@id":"https:\/\/petitecave.ch\/de\/#website","url":"https:\/\/petitecave.ch\/de\/","name":"Die kleine Keller des Chablais","description":"Vins, bi\u00e8res et spiritueux en ligne !","publisher":{"@id":"https:\/\/petitecave.ch\/de\/#organization"},"alternateName":"La Petite Cave","potentialAction":[{"@type":"SearchAction","target":{"@type":"EntryPoint","urlTemplate":"https:\/\/petitecave.ch\/de\/?s={search_term_string}"},"query-input":{"@type":"PropertyValueSpecification","valueRequired":true,"valueName":"search_term_string"}}],"inLanguage":"de-CH"},{"@type":"Organization","@id":"https:\/\/petitecave.ch\/de\/#organization","name":"La Petite Cave du Chablais S\u00e0rl","url":"https:\/\/petitecave.ch\/de\/","logo":{"@type":"ImageObject","inLanguage":"de-CH","@id":"https:\/\/petitecave.ch\/de\/#\/schema\/logo\/image\/","url":"https:\/\/petitecave.ch\/wp-content\/uploads\/2025\/10\/petitecavelogo-removebg-preview.png","contentUrl":"https:\/\/petitecave.ch\/wp-content\/uploads\/2025\/10\/petitecavelogo-removebg-preview.png","width":800,"height":200,"caption":"La Petite Cave du Chablais S\u00e0rl"},"image":{"@id":"https:\/\/petitecave.ch\/de\/#\/schema\/logo\/image\/"},"sameAs":["https:\/\/www.facebook.com\/LaPetiteCaveDuChablais","https:\/\/www.instagram.com\/lapetitecaveduchablais","https:\/\/www.linkedin.com\/company\/la-petite-cave-du-chablais"]}]}},"_links":{"self":[{"href":"https:\/\/petitecave.ch\/de\/wp-json\/wp\/v2\/product\/9032","targetHints":{"allow":["GET"]}}],"collection":[{"href":"https:\/\/petitecave.ch\/de\/wp-json\/wp\/v2\/product"}],"about":[{"href":"https:\/\/petitecave.ch\/de\/wp-json\/wp\/v2\/types\/product"}],"replies":[{"embeddable":true,"href":"https:\/\/petitecave.ch\/de\/wp-json\/wp\/v2\/comments?post=9032"}],"wp:featuredmedia":[{"embeddable":true,"href":"https:\/\/petitecave.ch\/de\/wp-json\/wp\/v2\/media\/12430"}],"wp:attachment":[{"href":"https:\/\/petitecave.ch\/de\/wp-json\/wp\/v2\/media?parent=9032"}],"wp:term":[{"taxonomy":"product_cat","embeddable":true,"href":"https:\/\/petitecave.ch\/de\/wp-json\/wp\/v2\/product_cat?post=9032"},{"taxonomy":"product_tag","embeddable":true,"href":"https:\/\/petitecave.ch\/de\/wp-json\/wp\/v2\/product_tag?post=9032"}],"curies":[{"name":"wp","href":"https:\/\/api.w.org\/{rel}","templated":true}]}}