{"id":9031,"date":"2025-10-28T10:36:55","date_gmt":"2025-10-28T10:36:55","guid":{"rendered":""},"modified":"2026-02-20T15:42:37","modified_gmt":"2026-02-20T14:42:37","slug":"brockmans-premium-gin-70cl","status":"publish","type":"product","link":"https:\/\/petitecave.ch\/de\/product\/brockmans-premium-gin-70cl\/","title":{"rendered":"Brockmans Premium Gin 70cl"},"content":{"rendered":"<p><strong>Go\u00fbt :<\/strong> Fruit\u00e9 avec des notes reconnaissables de baies, d&rsquo;orange, de coriandre et de gingembre, puis avec une fine touche herbac\u00e9e et \u00e9pic\u00e9e-s\u00e8che<\/p>","protected":false},"excerpt":{"rendered":"<p>Brockmans Premium Gin &#8211;\u00a0Brockmans Gin Ltd.<\/p>\n<\/p>\n<p>Le Brockmans Gin est une cr\u00e9ation de Davis, Bob, Neil et Matthew, dont le but \u00e9tait de cr\u00e9er un nouveau spiritueux. Apr\u00e8s que le groupe d&rsquo;amis ait analys\u00e9 et essay\u00e9 des centaines de vieilles recettes, ils se sont d\u00e9cid\u00e9s sur un m\u00e9lange de onze plantes, afin de cr\u00e9er l\u2019Original Brockmans Gin. Aux c\u00f4t\u00e9s des ingr\u00e9dients classiques, tels que la racine d\u2019ang\u00e9lique, les zestes d&rsquo;orange et les graines de coriandre, on trouve \u00e9galement des myrtilles et des m\u00fbres dans la liste, qui ne concurrencent pas le r\u00f4le des \u00e9pices et des herbes. Apr\u00e8s la mac\u00e9ration dans de l&rsquo;alcool de grain neutre et la combustion dans un alambic en cuivre de plus de 100 ans, un gin se forme dans lequel le geni\u00e8vre et les agrumes se marient parfaitement avec les baies sombres.<\/p>","protected":false},"featured_media":12429,"comment_status":"open","ping_status":"open","template":"","meta":[],"product_cat":[279],"product_tag":[],"class_list":{"0":"post-9031","1":"product","2":"type-product","3":"status-publish","4":"has-post-thumbnail","6":"product_cat-gin","7":"pa_country-angleterre","8":"pa_volume-70-cl","9":"_wholesalex wsx-wholesalex-product","11":"first","12":"instock","13":"taxable","14":"shipping-taxable","15":"purchasable","16":"product-type-simple"},"_links":{"self":[{"href":"https:\/\/petitecave.ch\/de\/wp-json\/wp\/v2\/product\/9031","targetHints":{"allow":["GET"]}}],"collection":[{"href":"https:\/\/petitecave.ch\/de\/wp-json\/wp\/v2\/product"}],"about":[{"href":"https:\/\/petitecave.ch\/de\/wp-json\/wp\/v2\/types\/product"}],"replies":[{"embeddable":true,"href":"https:\/\/petitecave.ch\/de\/wp-json\/wp\/v2\/comments?post=9031"}],"wp:featuredmedia":[{"embeddable":true,"href":"https:\/\/petitecave.ch\/de\/wp-json\/wp\/v2\/media\/12429"}],"wp:attachment":[{"href":"https:\/\/petitecave.ch\/de\/wp-json\/wp\/v2\/media?parent=9031"}],"wp:term":[{"taxonomy":"product_cat","embeddable":true,"href":"https:\/\/petitecave.ch\/de\/wp-json\/wp\/v2\/product_cat?post=9031"},{"taxonomy":"product_tag","embeddable":true,"href":"https:\/\/petitecave.ch\/de\/wp-json\/wp\/v2\/product_tag?post=9031"}],"curies":[{"name":"wp","href":"https:\/\/api.w.org\/{rel}","templated":true}]}}