{"id":9028,"date":"2025-10-28T10:36:53","date_gmt":"2025-10-28T10:36:53","guid":{"rendered":""},"modified":"2026-02-20T15:52:36","modified_gmt":"2026-02-20T14:52:36","slug":"bluecoat-american-dry-gin-70cl","status":"publish","type":"product","link":"https:\/\/petitecave.ch\/de\/product\/bluecoat-american-dry-gin-70cl\/","title":{"rendered":"Bluecoat &#8211; American Dry Gin 70cl"},"content":{"rendered":"<p><strong>Nez :<\/strong> Parfums doux et rafra\u00eechissants c\u00e8dent la place \u00e0 des notes douces et terreuses de geni\u00e8vre<\/p>\n<p><strong>Go\u00fbt :<\/strong> La bouche est fra\u00eeche et citrique, le corps est intens\u00e9ment sucr\u00e9 avec une complexit\u00e9 de saveurs qui, enfin, montrent sucr\u00e9 et sal\u00e9 en m\u00eame temps<\/p>","protected":false},"excerpt":{"rendered":"<p>Bluecoat &#8211; American Dry Gin<\/p>\n<\/p>\n<p>Bluecoat American Dry Gin a \u00e9t\u00e9 lanc\u00e9 en 2006 au tout d\u00e9but de cette nouvelle \u00e8re. Un gin Premium 100% bio, fabriqu\u00e9 \u00e0 Philadelphie, aux \u00c9tats-Unis, par Philadelphia Distilling, LLC. fond\u00e9 par Andrew Auwerda et Timothy Yarnall, sous la devise \u00ab United We Create \u00bb qui rend hommage aux personnes qui font bouger les choses dans ce monde. Bluecoat est le r\u00e9sultat d&rsquo;une quintuple distillation dans un pot still en cuivre \u00e0 partir de baies de geni\u00e8vre bio. Les profondes saveurs d&rsquo;agrumes proviennent de l&rsquo;ajout de zestes d&rsquo;agrumes que l&rsquo;on ne retrouve pas habituellement dans les American Dry Gins.<\/p>","protected":false},"featured_media":12426,"comment_status":"open","ping_status":"open","template":"","meta":[],"product_cat":[279],"product_tag":[],"class_list":{"0":"post-9028","1":"product","2":"type-product","3":"status-publish","4":"has-post-thumbnail","6":"product_cat-gin","7":"pa_country-usa","8":"pa_volume-70-cl","9":"_wholesalex wsx-wholesalex-product","11":"first","12":"instock","13":"taxable","14":"shipping-taxable","15":"purchasable","16":"product-type-simple"},"_links":{"self":[{"href":"https:\/\/petitecave.ch\/de\/wp-json\/wp\/v2\/product\/9028","targetHints":{"allow":["GET"]}}],"collection":[{"href":"https:\/\/petitecave.ch\/de\/wp-json\/wp\/v2\/product"}],"about":[{"href":"https:\/\/petitecave.ch\/de\/wp-json\/wp\/v2\/types\/product"}],"replies":[{"embeddable":true,"href":"https:\/\/petitecave.ch\/de\/wp-json\/wp\/v2\/comments?post=9028"}],"wp:featuredmedia":[{"embeddable":true,"href":"https:\/\/petitecave.ch\/de\/wp-json\/wp\/v2\/media\/12426"}],"wp:attachment":[{"href":"https:\/\/petitecave.ch\/de\/wp-json\/wp\/v2\/media?parent=9028"}],"wp:term":[{"taxonomy":"product_cat","embeddable":true,"href":"https:\/\/petitecave.ch\/de\/wp-json\/wp\/v2\/product_cat?post=9028"},{"taxonomy":"product_tag","embeddable":true,"href":"https:\/\/petitecave.ch\/de\/wp-json\/wp\/v2\/product_tag?post=9028"}],"curies":[{"name":"wp","href":"https:\/\/api.w.org\/{rel}","templated":true}]}}