{"id":9026,"date":"2025-10-28T10:36:51","date_gmt":"2025-10-28T10:36:51","guid":{"rendered":""},"modified":"2026-02-20T15:52:36","modified_gmt":"2026-02-20T14:52:36","slug":"gin-bisbino-ginger-dry-50cl","status":"publish","type":"product","link":"https:\/\/petitecave.ch\/de\/product\/gin-bisbino-ginger-dry-50cl\/","title":{"rendered":"Gin Bisbino Ginger Dry 50cl"},"content":{"rendered":"","protected":false},"excerpt":{"rendered":"<p>Gin Bisbino Ginger Dry &#8211; Ticino\u00a0<\/p>\n<p>Gr\u00e2ce \u00e0 la d\u00e9couverte des ar\u00f4mes intrigants de gingembre cultiv\u00e9s dans les jardins de Sagno au pied du Mont Bisbino,\u00a0il a trouv\u00e9 la bonne recette pour fournir la version la plus s\u00e8che de son Gin bio et naturel. Il s\u2019appelle \u00ab Ginger Dry \u00bb et est un gin plus sec, moins herbac\u00e9 que le classique, particuli\u00e8rement doux et avec des notes finales \u00e9pic\u00e9es captivantes.<\/p>","protected":false},"featured_media":12424,"comment_status":"open","ping_status":"open","template":"","meta":[],"product_cat":[279],"product_tag":[],"class_list":{"0":"post-9026","1":"product","2":"type-product","3":"status-publish","4":"has-post-thumbnail","6":"product_cat-gin","7":"pa_country-suisse","8":"pa_volume-50cl","9":"_wholesalex wsx-wholesalex-product","11":"first","12":"instock","13":"taxable","14":"shipping-taxable","15":"purchasable","16":"product-type-simple"},"_links":{"self":[{"href":"https:\/\/petitecave.ch\/de\/wp-json\/wp\/v2\/product\/9026","targetHints":{"allow":["GET"]}}],"collection":[{"href":"https:\/\/petitecave.ch\/de\/wp-json\/wp\/v2\/product"}],"about":[{"href":"https:\/\/petitecave.ch\/de\/wp-json\/wp\/v2\/types\/product"}],"replies":[{"embeddable":true,"href":"https:\/\/petitecave.ch\/de\/wp-json\/wp\/v2\/comments?post=9026"}],"wp:featuredmedia":[{"embeddable":true,"href":"https:\/\/petitecave.ch\/de\/wp-json\/wp\/v2\/media\/12424"}],"wp:attachment":[{"href":"https:\/\/petitecave.ch\/de\/wp-json\/wp\/v2\/media?parent=9026"}],"wp:term":[{"taxonomy":"product_cat","embeddable":true,"href":"https:\/\/petitecave.ch\/de\/wp-json\/wp\/v2\/product_cat?post=9026"},{"taxonomy":"product_tag","embeddable":true,"href":"https:\/\/petitecave.ch\/de\/wp-json\/wp\/v2\/product_tag?post=9026"}],"curies":[{"name":"wp","href":"https:\/\/api.w.org\/{rel}","templated":true}]}}