{"id":9022,"date":"2025-10-28T10:36:48","date_gmt":"2025-10-28T10:36:48","guid":{"rendered":""},"modified":"2026-02-20T13:18:53","modified_gmt":"2026-02-20T12:18:53","slug":"gin-beefeater-24-london-dry-gin-70cl","status":"publish","type":"product","link":"https:\/\/petitecave.ch\/de\/product\/gin-beefeater-24-london-dry-gin-70cl\/","title":{"rendered":"Gin Beefeater 24 &#8211; London Dry Gin 70cl"},"content":{"rendered":"<p><strong>Nez :<\/strong> Ar\u00f4mes de th\u00e9 et des notes de geni\u00e8vre et d&rsquo;agrumes. Nuances \u00e9pic\u00e9es de graines de coriandre et d&rsquo;ang\u00e9lique.\u00a0<\/p>\n<p><strong>Go\u00fbt :<\/strong> De nouveau des ar\u00f4mes de th\u00e9, de gen\u00e9vrier et d\u2019\u00e9pices.<\/p>","protected":false},"excerpt":{"rendered":"<p><b>Gin Beefeater 24 &#8211;\u00a0London Dry Gin &#8211; Beefeater Distillery\u00a0<\/b><\/p>\n<p><i>Un gin avec du th\u00e9 japonais Sencha et du th\u00e9 vert chinois. Le nom de ce \u00ab\u00a0Beefeater\u00a0\u00bb vient du processus de mac\u00e9ration qui dure 24 heures.<\/i><\/p>","protected":false},"featured_media":12420,"comment_status":"open","ping_status":"open","template":"","meta":[],"product_cat":[279],"product_tag":[],"class_list":{"0":"post-9022","1":"product","2":"type-product","3":"status-publish","4":"has-post-thumbnail","6":"product_cat-gin","7":"pa_country-angleterre","8":"pa_volume-70-cl","9":"_wholesalex wsx-wholesalex-product","11":"first","12":"instock","13":"taxable","14":"shipping-taxable","15":"purchasable","16":"product-type-simple"},"_links":{"self":[{"href":"https:\/\/petitecave.ch\/de\/wp-json\/wp\/v2\/product\/9022","targetHints":{"allow":["GET"]}}],"collection":[{"href":"https:\/\/petitecave.ch\/de\/wp-json\/wp\/v2\/product"}],"about":[{"href":"https:\/\/petitecave.ch\/de\/wp-json\/wp\/v2\/types\/product"}],"replies":[{"embeddable":true,"href":"https:\/\/petitecave.ch\/de\/wp-json\/wp\/v2\/comments?post=9022"}],"wp:featuredmedia":[{"embeddable":true,"href":"https:\/\/petitecave.ch\/de\/wp-json\/wp\/v2\/media\/12420"}],"wp:attachment":[{"href":"https:\/\/petitecave.ch\/de\/wp-json\/wp\/v2\/media?parent=9022"}],"wp:term":[{"taxonomy":"product_cat","embeddable":true,"href":"https:\/\/petitecave.ch\/de\/wp-json\/wp\/v2\/product_cat?post=9022"},{"taxonomy":"product_tag","embeddable":true,"href":"https:\/\/petitecave.ch\/de\/wp-json\/wp\/v2\/product_tag?post=9022"}],"curies":[{"name":"wp","href":"https:\/\/api.w.org\/{rel}","templated":true}]}}