{"id":9017,"date":"2025-10-28T10:36:43","date_gmt":"2025-10-28T10:36:43","guid":{"rendered":""},"modified":"2026-02-20T15:44:14","modified_gmt":"2026-02-20T14:44:14","slug":"gin-amuerte-black-coca-leaf-gin-70cl","status":"publish","type":"product","link":"https:\/\/petitecave.ch\/de\/product\/gin-amuerte-black-coca-leaf-gin-70cl\/","title":{"rendered":"Gin Amuerte Black &#8211; Coca Leaf Gin 70cl"},"content":{"rendered":"<p><strong>Nez :\u00a0<\/strong>La tomate arbustive (ou tamarillo), le fruit du dragon et la papaye conf\u00e8rent au gin des nuances exotiques<\/p>\n<p><strong>Go\u00fbt :\u00a0<\/strong>D&rsquo;amer \u00e0 l\u00e9g\u00e8rement sucr\u00e9, Amuerte-Gin offre un profil aromatique complexe qui, avec la saveur de la feuille de coca, fait voyager dans la jungle sud-am\u00e9ricaine<\/p>","protected":false},"excerpt":{"rendered":"<p><strong>Gin Amuerte Black Edition\u00a0<\/strong><\/p>\n<\/p>\n<p><em>Amuerte Black Gin red\u00e9finit les normes. Un distillat \u00e0 partir de plantes classiques de gin qui sont raffin\u00e9es avec des feuilles de coca p\u00e9ruvien, du fruit du dragon, du tamarillo, de la papaye, du Physalis Peruviana et du zeste d&rsquo;orange. Tout cela est contenu dans nos bouteilles con\u00e7ues \u00e0 la main et finies avec une v\u00e9ritable feuille d&rsquo;or de 24 carats . Il s&rsquo;agit probablement de la bouteille la plus exclusive qu&rsquo;un v\u00e9ritable amateur de gin puisse poss\u00e9der.<\/em><\/p>","protected":false},"featured_media":12415,"comment_status":"open","ping_status":"open","template":"","meta":[],"product_cat":[279],"product_tag":[],"class_list":{"0":"post-9017","1":"product","2":"type-product","3":"status-publish","4":"has-post-thumbnail","6":"product_cat-gin","7":"pa_country-belgique","8":"pa_volume-70-cl","9":"_wholesalex wsx-wholesalex-product","11":"first","12":"instock","13":"taxable","14":"shipping-taxable","15":"purchasable","16":"product-type-simple"},"_links":{"self":[{"href":"https:\/\/petitecave.ch\/de\/wp-json\/wp\/v2\/product\/9017","targetHints":{"allow":["GET"]}}],"collection":[{"href":"https:\/\/petitecave.ch\/de\/wp-json\/wp\/v2\/product"}],"about":[{"href":"https:\/\/petitecave.ch\/de\/wp-json\/wp\/v2\/types\/product"}],"replies":[{"embeddable":true,"href":"https:\/\/petitecave.ch\/de\/wp-json\/wp\/v2\/comments?post=9017"}],"wp:featuredmedia":[{"embeddable":true,"href":"https:\/\/petitecave.ch\/de\/wp-json\/wp\/v2\/media\/12415"}],"wp:attachment":[{"href":"https:\/\/petitecave.ch\/de\/wp-json\/wp\/v2\/media?parent=9017"}],"wp:term":[{"taxonomy":"product_cat","embeddable":true,"href":"https:\/\/petitecave.ch\/de\/wp-json\/wp\/v2\/product_cat?post=9017"},{"taxonomy":"product_tag","embeddable":true,"href":"https:\/\/petitecave.ch\/de\/wp-json\/wp\/v2\/product_tag?post=9017"}],"curies":[{"name":"wp","href":"https:\/\/api.w.org\/{rel}","templated":true}]}}