{"id":9015,"date":"2025-10-28T10:36:42","date_gmt":"2025-10-28T10:36:42","guid":{"rendered":""},"modified":"2026-02-20T14:40:18","modified_gmt":"2026-02-20T13:40:18","slug":"vecchia-romagna-70cl","status":"publish","type":"product","link":"https:\/\/petitecave.ch\/de\/product\/vecchia-romagna-70cl\/","title":{"rendered":"Vecchia Romagna 70cl"},"content":{"rendered":"<p><b>Nez :<\/b> Notes l\u00e9g\u00e8res de ch\u00eane et d\u2019amande, en plus de la vanille et du caramel<\/p>\n<p><b>Bouche :<\/b> Notes de fruits sucr\u00e9s, de bois de ch\u00eane acidul\u00e9 et des amandes caram\u00e9lis\u00e9es<\/p>","protected":false},"excerpt":{"rendered":"<p><b>Vecchia Romagna &#8211;\u00a0Gruppo Mont\u00e9n\u00e9gro<\/b><\/p>\n<p>\u00a0<\/p>\n<p class=\"text-sm md:text-base mb-4 md:mb-10 tracking-tight\"><i>Depuis de nombreuses d\u00e9cennies, Vecchia Romagna est fabriqu\u00e9 \u00e0 partir de raisins locaux Trebbiano.<\/i><\/p>\n<div class=\"mb-4\"><i>L\u2019emplacement de la r\u00e9gion \u00c9milie-Romagne se lit comme une publicit\u00e9 pour des voyages en Italie: au nord, il borde le fleuve P\u00f4 et la Lombardie, \u00e0 l\u2019est, il occupe une partie de la c\u00f4te adriatique, au sud, il se confond avec la Toscane et \u00e0 l\u2019ouest, il rejoint la Ligurie m\u00e9diterran\u00e9enne. De l\u00e0 viennent le c\u00e9l\u00e8bre jambon de Parme, l\u2019original Aceto balsamico di Modena et le parmesan. Mais le vin est \u00e9galement cultiv\u00e9 dans la r\u00e9gion riche, de sorte que la Veccia Romagna \u00e0 base de raisins Trebbiano est un produit local complet. Apr\u00e8s une double distillation et un stockage de trois ans dans Fran\u00e7ais ch\u00eane limousin, l\u2019eau-de-vie arrive sur le march\u00e9 dans la bouteille aux formes \u00e9tranges. La Vecchia Romagna est \u00e0 d\u00e9guster dans un large verre pivotant \u00e0 temp\u00e9rature ambiante. Il est \u00e9galement id\u00e9al comme compl\u00e9ment aux boissons chaudes au caf\u00e9 et au cacao. En fin de compte, l\u2019eau-de-vie abordable convient \u00e9galement comme digestif et ingr\u00e9dient de cocktail.<\/i><\/div>\n<div class=\"flex justify-between items-end mb-6\">\n<div class=\"mr-2\">\u00a0<\/div>\n<\/div>","protected":false},"featured_media":12413,"comment_status":"open","ping_status":"open","template":"","meta":[],"product_cat":[274,270],"product_tag":[],"class_list":{"0":"post-9015","1":"product","2":"type-product","3":"status-publish","4":"has-post-thumbnail","6":"product_cat-cognac","7":"product_cat-eau-de-vie","8":"pa_country-italie","9":"pa_volume-70-cl","10":"_wholesalex wsx-wholesalex-product","12":"first","13":"instock","14":"taxable","15":"shipping-taxable","16":"purchasable","17":"product-type-simple"},"yoast_head":"<!-- This site is optimized with the Yoast SEO plugin v27.4 - https:\/\/yoast.com\/product\/yoast-seo-wordpress\/ -->\n<title>Vecchia Romagna 70cl | La Petite Cave du Chablais<\/title>\n<meta name=\"robots\" content=\"index, follow, max-snippet:-1, max-image-preview:large, max-video-preview:-1\" \/>\n<link rel=\"canonical\" href=\"https:\/\/petitecave.ch\/de\/product\/vecchia-romagna-70cl\/\" \/>\n<meta property=\"og:locale\" content=\"de_DE\" \/>\n<meta property=\"og:type\" content=\"article\" \/>\n<meta property=\"og:title\" content=\"Vecchia Romagna 70cl | La Petite Cave du Chablais\" \/>\n<meta property=\"og:description\" content=\"Vecchia Romagna -\u00a0Gruppo Mont\u00e9n\u00e9gro \u00a0 Depuis de nombreuses d\u00e9cennies, Vecchia Romagna est fabriqu\u00e9 \u00e0 partir de raisins locaux Trebbiano. L\u2019emplacement de la r\u00e9gion \u00c9milie-Romagne se lit comme une publicit\u00e9 pour des voyages en Italie: au nord, il borde le fleuve P\u00f4 et la Lombardie, \u00e0 l\u2019est, il occupe une partie de la c\u00f4te adriatique, au sud, il se confond avec la Toscane et \u00e0 l\u2019ouest, il rejoint la Ligurie m\u00e9diterran\u00e9enne. De l\u00e0 viennent le c\u00e9l\u00e8bre jambon de Parme, l\u2019original Aceto balsamico di Modena et le parmesan. Mais le vin est \u00e9galement cultiv\u00e9 dans la r\u00e9gion riche, de sorte que la Veccia Romagna \u00e0 base de raisins Trebbiano est un produit local complet. Apr\u00e8s une double distillation et un stockage de trois ans dans Fran\u00e7ais ch\u00eane limousin, l\u2019eau-de-vie arrive sur le march\u00e9 dans la bouteille aux formes \u00e9tranges. La Vecchia Romagna est \u00e0 d\u00e9guster dans un large verre pivotant \u00e0 temp\u00e9rature ambiante. Il est \u00e9galement id\u00e9al comme compl\u00e9ment aux boissons chaudes au caf\u00e9 et au cacao. En fin de compte, l\u2019eau-de-vie abordable convient \u00e9galement comme digestif et ingr\u00e9dient de cocktail. \u00a0\" \/>\n<meta property=\"og:url\" content=\"https:\/\/petitecave.ch\/de\/product\/vecchia-romagna-70cl\/\" \/>\n<meta property=\"og:site_name\" content=\"La Petite Cave du Chablais\" \/>\n<meta property=\"article:publisher\" content=\"https:\/\/www.facebook.com\/LaPetiteCaveDuChablais\" \/>\n<meta property=\"article:modified_time\" content=\"2026-02-20T13:40:18+00:00\" \/>\n<meta property=\"og:image\" content=\"https:\/\/petitecave.ch\/wp-content\/uploads\/2025\/10\/9015_5668_cover.jpg\" \/>\n\t<meta property=\"og:image:width\" content=\"1000\" \/>\n\t<meta property=\"og:image:height\" content=\"1700\" \/>\n\t<meta property=\"og:image:type\" content=\"image\/jpeg\" \/>\n<meta name=\"twitter:card\" content=\"summary_large_image\" \/>\n<script type=\"application\/ld+json\" class=\"yoast-schema-graph\">{\"@context\":\"https:\\\/\\\/schema.org\",\"@graph\":[{\"@type\":\"WebPage\",\"@id\":\"https:\\\/\\\/petitecave.ch\\\/product\\\/vecchia-romagna-70cl\\\/\",\"url\":\"https:\\\/\\\/petitecave.ch\\\/product\\\/vecchia-romagna-70cl\\\/\",\"name\":\"Vecchia Romagna 70cl | La Petite Cave du Chablais\",\"isPartOf\":{\"@id\":\"https:\\\/\\\/petitecave.ch\\\/de\\\/#website\"},\"primaryImageOfPage\":{\"@id\":\"https:\\\/\\\/petitecave.ch\\\/product\\\/vecchia-romagna-70cl\\\/#primaryimage\"},\"image\":{\"@id\":\"https:\\\/\\\/petitecave.ch\\\/product\\\/vecchia-romagna-70cl\\\/#primaryimage\"},\"thumbnailUrl\":\"https:\\\/\\\/petitecave.ch\\\/wp-content\\\/uploads\\\/2025\\\/10\\\/9015_5668_cover.jpg\",\"datePublished\":\"2025-10-28T10:36:42+00:00\",\"dateModified\":\"2026-02-20T13:40:18+00:00\",\"breadcrumb\":{\"@id\":\"https:\\\/\\\/petitecave.ch\\\/product\\\/vecchia-romagna-70cl\\\/#breadcrumb\"},\"inLanguage\":\"de-CH\",\"potentialAction\":[{\"@type\":\"ReadAction\",\"target\":[\"https:\\\/\\\/petitecave.ch\\\/product\\\/vecchia-romagna-70cl\\\/\"]}]},{\"@type\":\"ImageObject\",\"inLanguage\":\"de-CH\",\"@id\":\"https:\\\/\\\/petitecave.ch\\\/product\\\/vecchia-romagna-70cl\\\/#primaryimage\",\"url\":\"https:\\\/\\\/petitecave.ch\\\/wp-content\\\/uploads\\\/2025\\\/10\\\/9015_5668_cover.jpg\",\"contentUrl\":\"https:\\\/\\\/petitecave.ch\\\/wp-content\\\/uploads\\\/2025\\\/10\\\/9015_5668_cover.jpg\",\"width\":1000,\"height\":1700},{\"@type\":\"BreadcrumbList\",\"@id\":\"https:\\\/\\\/petitecave.ch\\\/product\\\/vecchia-romagna-70cl\\\/#breadcrumb\",\"itemListElement\":[{\"@type\":\"ListItem\",\"position\":1,\"name\":\"Accueil\",\"item\":\"https:\\\/\\\/petitecave.ch\\\/\"},{\"@type\":\"ListItem\",\"position\":2,\"name\":\"Produkte\",\"item\":\"https:\\\/\\\/petitecave.ch\\\/de\\\/shop\\\/\"},{\"@type\":\"ListItem\",\"position\":3,\"name\":\"Vecchia Romagna 70cl\"}]},{\"@type\":\"WebSite\",\"@id\":\"https:\\\/\\\/petitecave.ch\\\/de\\\/#website\",\"url\":\"https:\\\/\\\/petitecave.ch\\\/de\\\/\",\"name\":\"La Petite Cave du Chablais\",\"description\":\"Vins, bi\u00e8res et spiritueux en ligne !\",\"publisher\":{\"@id\":\"https:\\\/\\\/petitecave.ch\\\/de\\\/#organization\"},\"alternateName\":\"La Petite Cave\",\"potentialAction\":[{\"@type\":\"SearchAction\",\"target\":{\"@type\":\"EntryPoint\",\"urlTemplate\":\"https:\\\/\\\/petitecave.ch\\\/de\\\/?s={search_term_string}\"},\"query-input\":{\"@type\":\"PropertyValueSpecification\",\"valueRequired\":true,\"valueName\":\"search_term_string\"}}],\"inLanguage\":\"de-CH\"},{\"@type\":\"Organization\",\"@id\":\"https:\\\/\\\/petitecave.ch\\\/de\\\/#organization\",\"name\":\"La Petite Cave du Chablais S\u00e0rl\",\"url\":\"https:\\\/\\\/petitecave.ch\\\/de\\\/\",\"logo\":{\"@type\":\"ImageObject\",\"inLanguage\":\"de-CH\",\"@id\":\"https:\\\/\\\/petitecave.ch\\\/de\\\/#\\\/schema\\\/logo\\\/image\\\/\",\"url\":\"https:\\\/\\\/petitecave.ch\\\/wp-content\\\/uploads\\\/2025\\\/10\\\/petitecavelogo-removebg-preview.png\",\"contentUrl\":\"https:\\\/\\\/petitecave.ch\\\/wp-content\\\/uploads\\\/2025\\\/10\\\/petitecavelogo-removebg-preview.png\",\"width\":800,\"height\":200,\"caption\":\"La Petite Cave du Chablais S\u00e0rl\"},\"image\":{\"@id\":\"https:\\\/\\\/petitecave.ch\\\/de\\\/#\\\/schema\\\/logo\\\/image\\\/\"},\"sameAs\":[\"https:\\\/\\\/www.facebook.com\\\/LaPetiteCaveDuChablais\",\"https:\\\/\\\/www.instagram.com\\\/lapetitecaveduchablais\",\"https:\\\/\\\/www.linkedin.com\\\/company\\\/la-petite-cave-du-chablais\"]}]}<\/script>\n<!-- \/ Yoast SEO plugin. -->","yoast_head_json":{"title":"Vecchia Romagna 70cl | La Petite Cave du Chablais","robots":{"index":"index","follow":"follow","max-snippet":"max-snippet:-1","max-image-preview":"max-image-preview:large","max-video-preview":"max-video-preview:-1"},"canonical":"https:\/\/petitecave.ch\/de\/product\/vecchia-romagna-70cl\/","og_locale":"de_DE","og_type":"article","og_title":"Vecchia Romagna 70cl | La Petite Cave du Chablais","og_description":"Vecchia Romagna -\u00a0Gruppo Mont\u00e9n\u00e9gro \u00a0 Depuis de nombreuses d\u00e9cennies, Vecchia Romagna est fabriqu\u00e9 \u00e0 partir de raisins locaux Trebbiano. L\u2019emplacement de la r\u00e9gion \u00c9milie-Romagne se lit comme une publicit\u00e9 pour des voyages en Italie: au nord, il borde le fleuve P\u00f4 et la Lombardie, \u00e0 l\u2019est, il occupe une partie de la c\u00f4te adriatique, au sud, il se confond avec la Toscane et \u00e0 l\u2019ouest, il rejoint la Ligurie m\u00e9diterran\u00e9enne. De l\u00e0 viennent le c\u00e9l\u00e8bre jambon de Parme, l\u2019original Aceto balsamico di Modena et le parmesan. Mais le vin est \u00e9galement cultiv\u00e9 dans la r\u00e9gion riche, de sorte que la Veccia Romagna \u00e0 base de raisins Trebbiano est un produit local complet. Apr\u00e8s une double distillation et un stockage de trois ans dans Fran\u00e7ais ch\u00eane limousin, l\u2019eau-de-vie arrive sur le march\u00e9 dans la bouteille aux formes \u00e9tranges. La Vecchia Romagna est \u00e0 d\u00e9guster dans un large verre pivotant \u00e0 temp\u00e9rature ambiante. Il est \u00e9galement id\u00e9al comme compl\u00e9ment aux boissons chaudes au caf\u00e9 et au cacao. En fin de compte, l\u2019eau-de-vie abordable convient \u00e9galement comme digestif et ingr\u00e9dient de cocktail. \u00a0","og_url":"https:\/\/petitecave.ch\/de\/product\/vecchia-romagna-70cl\/","og_site_name":"La Petite Cave du Chablais","article_publisher":"https:\/\/www.facebook.com\/LaPetiteCaveDuChablais","article_modified_time":"2026-02-20T13:40:18+00:00","og_image":[{"width":1000,"height":1700,"url":"https:\/\/petitecave.ch\/wp-content\/uploads\/2025\/10\/9015_5668_cover.jpg","type":"image\/jpeg"}],"twitter_card":"summary_large_image","schema":{"@context":"https:\/\/schema.org","@graph":[{"@type":"WebPage","@id":"https:\/\/petitecave.ch\/product\/vecchia-romagna-70cl\/","url":"https:\/\/petitecave.ch\/product\/vecchia-romagna-70cl\/","name":"Vecchia Romagna 70cl | La Petite Cave du Chablais","isPartOf":{"@id":"https:\/\/petitecave.ch\/de\/#website"},"primaryImageOfPage":{"@id":"https:\/\/petitecave.ch\/product\/vecchia-romagna-70cl\/#primaryimage"},"image":{"@id":"https:\/\/petitecave.ch\/product\/vecchia-romagna-70cl\/#primaryimage"},"thumbnailUrl":"https:\/\/petitecave.ch\/wp-content\/uploads\/2025\/10\/9015_5668_cover.jpg","datePublished":"2025-10-28T10:36:42+00:00","dateModified":"2026-02-20T13:40:18+00:00","breadcrumb":{"@id":"https:\/\/petitecave.ch\/product\/vecchia-romagna-70cl\/#breadcrumb"},"inLanguage":"de-CH","potentialAction":[{"@type":"ReadAction","target":["https:\/\/petitecave.ch\/product\/vecchia-romagna-70cl\/"]}]},{"@type":"ImageObject","inLanguage":"de-CH","@id":"https:\/\/petitecave.ch\/product\/vecchia-romagna-70cl\/#primaryimage","url":"https:\/\/petitecave.ch\/wp-content\/uploads\/2025\/10\/9015_5668_cover.jpg","contentUrl":"https:\/\/petitecave.ch\/wp-content\/uploads\/2025\/10\/9015_5668_cover.jpg","width":1000,"height":1700},{"@type":"BreadcrumbList","@id":"https:\/\/petitecave.ch\/product\/vecchia-romagna-70cl\/#breadcrumb","itemListElement":[{"@type":"ListItem","position":1,"name":"Accueil","item":"https:\/\/petitecave.ch\/"},{"@type":"ListItem","position":2,"name":"Produkte","item":"https:\/\/petitecave.ch\/de\/shop\/"},{"@type":"ListItem","position":3,"name":"Vecchia Romagna 70cl"}]},{"@type":"WebSite","@id":"https:\/\/petitecave.ch\/de\/#website","url":"https:\/\/petitecave.ch\/de\/","name":"Die kleine Keller des Chablais","description":"Vins, bi\u00e8res et spiritueux en ligne !","publisher":{"@id":"https:\/\/petitecave.ch\/de\/#organization"},"alternateName":"La Petite Cave","potentialAction":[{"@type":"SearchAction","target":{"@type":"EntryPoint","urlTemplate":"https:\/\/petitecave.ch\/de\/?s={search_term_string}"},"query-input":{"@type":"PropertyValueSpecification","valueRequired":true,"valueName":"search_term_string"}}],"inLanguage":"de-CH"},{"@type":"Organization","@id":"https:\/\/petitecave.ch\/de\/#organization","name":"La Petite Cave du Chablais S\u00e0rl","url":"https:\/\/petitecave.ch\/de\/","logo":{"@type":"ImageObject","inLanguage":"de-CH","@id":"https:\/\/petitecave.ch\/de\/#\/schema\/logo\/image\/","url":"https:\/\/petitecave.ch\/wp-content\/uploads\/2025\/10\/petitecavelogo-removebg-preview.png","contentUrl":"https:\/\/petitecave.ch\/wp-content\/uploads\/2025\/10\/petitecavelogo-removebg-preview.png","width":800,"height":200,"caption":"La Petite Cave du Chablais S\u00e0rl"},"image":{"@id":"https:\/\/petitecave.ch\/de\/#\/schema\/logo\/image\/"},"sameAs":["https:\/\/www.facebook.com\/LaPetiteCaveDuChablais","https:\/\/www.instagram.com\/lapetitecaveduchablais","https:\/\/www.linkedin.com\/company\/la-petite-cave-du-chablais"]}]}},"_links":{"self":[{"href":"https:\/\/petitecave.ch\/de\/wp-json\/wp\/v2\/product\/9015","targetHints":{"allow":["GET"]}}],"collection":[{"href":"https:\/\/petitecave.ch\/de\/wp-json\/wp\/v2\/product"}],"about":[{"href":"https:\/\/petitecave.ch\/de\/wp-json\/wp\/v2\/types\/product"}],"replies":[{"embeddable":true,"href":"https:\/\/petitecave.ch\/de\/wp-json\/wp\/v2\/comments?post=9015"}],"wp:featuredmedia":[{"embeddable":true,"href":"https:\/\/petitecave.ch\/de\/wp-json\/wp\/v2\/media\/12413"}],"wp:attachment":[{"href":"https:\/\/petitecave.ch\/de\/wp-json\/wp\/v2\/media?parent=9015"}],"wp:term":[{"taxonomy":"product_cat","embeddable":true,"href":"https:\/\/petitecave.ch\/de\/wp-json\/wp\/v2\/product_cat?post=9015"},{"taxonomy":"product_tag","embeddable":true,"href":"https:\/\/petitecave.ch\/de\/wp-json\/wp\/v2\/product_tag?post=9015"}],"curies":[{"name":"wp","href":"https:\/\/api.w.org\/{rel}","templated":true}]}}