{"id":9014,"date":"2025-10-28T10:36:41","date_gmt":"2025-10-28T10:36:41","guid":{"rendered":""},"modified":"2026-02-20T14:39:25","modified_gmt":"2026-02-20T13:39:25","slug":"fine-champagne-cognac-r-my-martin-vsop-70cl","status":"publish","type":"product","link":"https:\/\/petitecave.ch\/de\/product\/fine-champagne-cognac-r-my-martin-vsop-70cl\/","title":{"rendered":"Fine Champagne Cognac R\u00e9my Martin VSOP 70cl"},"content":{"rendered":"<p>R\u00e9my Martin VSOP incarne la parfaite harmonie d&rsquo;<strong>ar\u00f4mes puissants et \u00e9l\u00e9gants<\/strong>. Il est le symbole de l&rsquo;art de l&rsquo;assemblage du ma\u00eetre de cave. Une parfaite harmonie entre le <strong>caract\u00e8re ferme des fruits m\u00fbrs et des notes subtiles de r\u00e9glisse<\/strong>, offrant une <strong>grande complexit\u00e9 d&rsquo;ar\u00f4mes \u00e9l\u00e9gants et puissants. <\/strong><\/p>\n<p>R\u00e9my Martin VSOP est extr\u00eamement polyvalent, vous pouvez donc l&rsquo;appr\u00e9cier pur ou en cocktails. Nous vous recommandons de boire R\u00e9my Martin VSOP avec du ginger ale.<\/p>","protected":false},"excerpt":{"rendered":"<p><strong>Fine Champagne Cognac R\u00e9my Martin VSOP<\/strong><\/p>","protected":false},"featured_media":12412,"comment_status":"open","ping_status":"open","template":"","meta":[],"product_cat":[274],"product_tag":[],"class_list":{"0":"post-9014","1":"product","2":"type-product","3":"status-publish","4":"has-post-thumbnail","6":"product_cat-cognac","7":"pa_country-france","8":"pa_volume-70-cl","9":"_wholesalex wsx-wholesalex-product","11":"first","12":"instock","13":"taxable","14":"shipping-taxable","15":"purchasable","16":"product-type-simple"},"_links":{"self":[{"href":"https:\/\/petitecave.ch\/de\/wp-json\/wp\/v2\/product\/9014","targetHints":{"allow":["GET"]}}],"collection":[{"href":"https:\/\/petitecave.ch\/de\/wp-json\/wp\/v2\/product"}],"about":[{"href":"https:\/\/petitecave.ch\/de\/wp-json\/wp\/v2\/types\/product"}],"replies":[{"embeddable":true,"href":"https:\/\/petitecave.ch\/de\/wp-json\/wp\/v2\/comments?post=9014"}],"wp:featuredmedia":[{"embeddable":true,"href":"https:\/\/petitecave.ch\/de\/wp-json\/wp\/v2\/media\/12412"}],"wp:attachment":[{"href":"https:\/\/petitecave.ch\/de\/wp-json\/wp\/v2\/media?parent=9014"}],"wp:term":[{"taxonomy":"product_cat","embeddable":true,"href":"https:\/\/petitecave.ch\/de\/wp-json\/wp\/v2\/product_cat?post=9014"},{"taxonomy":"product_tag","embeddable":true,"href":"https:\/\/petitecave.ch\/de\/wp-json\/wp\/v2\/product_tag?post=9014"}],"curies":[{"name":"wp","href":"https:\/\/api.w.org\/{rel}","templated":true}]}}