{"id":9013,"date":"2025-10-28T10:36:40","date_gmt":"2025-10-28T10:36:40","guid":{"rendered":""},"modified":"2026-02-20T14:40:57","modified_gmt":"2026-02-20T13:40:57","slug":"cognac-martell-vs-70cl","status":"publish","type":"product","link":"https:\/\/petitecave.ch\/de\/product\/cognac-martell-vs-70cl\/","title":{"rendered":"Cognac Martell VS 70cl"},"content":{"rendered":"<p><strong>Nez :\u00a0<\/strong>Parfums de fruits et d&rsquo;\u00e9pices avec une noble note safran<\/p>\n<p><strong>Bouche :\u00a0<\/strong>Ar\u00f4mes bois\u00e9s et \u00e9pic\u00e9s avec une texture fra\u00eeche et velout\u00e9e<\/p>","protected":false},"excerpt":{"rendered":"<p><strong>Cognac Martell VS<\/strong><\/p>\n<p>\u00a0<\/p>\n<p><em>La distillerie \u00e0 \u00e9t\u00e9 fond\u00e9e en 1715 par Jean Martell alors \u00e2g\u00e9 de 21 ans. Aujourd&rsquo;hui elle fait partie des plus grandes et des plus anciennes de la r\u00e9gion de Cognac. La maison est mantenant dirig\u00e9 par la neuvi\u00e8me g\u00e9n\u00e9ration de la famille Martell.\u00a0<\/em><\/p>\n<p><em>Ce Cognac \u00e0 \u00e9t\u00e9 cr\u00e9\u00e9 il y a environs 150 ans sous le nom de \u00ab\u00a0Martell***\u00a0\u00bb et est maintenant mondialement connu. Ce Cognac, avec sa composition harmonieuse et \u00e9quilibr\u00e9e, est simplement id\u00e9ale pour les cocktails et les long drinks.\u00a0<\/em><\/p>","protected":false},"featured_media":12411,"comment_status":"open","ping_status":"open","template":"","meta":[],"product_cat":[274],"product_tag":[],"class_list":{"0":"post-9013","1":"product","2":"type-product","3":"status-publish","4":"has-post-thumbnail","6":"product_cat-cognac","7":"pa_country-france","8":"pa_volume-70-cl","9":"_wholesalex wsx-wholesalex-product","11":"first","12":"instock","13":"taxable","14":"shipping-taxable","15":"purchasable","16":"product-type-simple"},"_links":{"self":[{"href":"https:\/\/petitecave.ch\/de\/wp-json\/wp\/v2\/product\/9013","targetHints":{"allow":["GET"]}}],"collection":[{"href":"https:\/\/petitecave.ch\/de\/wp-json\/wp\/v2\/product"}],"about":[{"href":"https:\/\/petitecave.ch\/de\/wp-json\/wp\/v2\/types\/product"}],"replies":[{"embeddable":true,"href":"https:\/\/petitecave.ch\/de\/wp-json\/wp\/v2\/comments?post=9013"}],"wp:featuredmedia":[{"embeddable":true,"href":"https:\/\/petitecave.ch\/de\/wp-json\/wp\/v2\/media\/12411"}],"wp:attachment":[{"href":"https:\/\/petitecave.ch\/de\/wp-json\/wp\/v2\/media?parent=9013"}],"wp:term":[{"taxonomy":"product_cat","embeddable":true,"href":"https:\/\/petitecave.ch\/de\/wp-json\/wp\/v2\/product_cat?post=9013"},{"taxonomy":"product_tag","embeddable":true,"href":"https:\/\/petitecave.ch\/de\/wp-json\/wp\/v2\/product_tag?post=9013"}],"curies":[{"name":"wp","href":"https:\/\/api.w.org\/{rel}","templated":true}]}}