{"id":9011,"date":"2025-10-28T10:36:38","date_gmt":"2025-10-28T10:36:38","guid":{"rendered":""},"modified":"2026-02-20T14:41:36","modified_gmt":"2026-02-20T13:41:36","slug":"brandy-de-jerez-fundador-100cl","status":"publish","type":"product","link":"https:\/\/petitecave.ch\/de\/product\/brandy-de-jerez-fundador-100cl\/","title":{"rendered":"Brandy De Jerez &#8211; Fundador 100cl"},"content":{"rendered":"<p><strong>Visuel :<\/strong> Couleur ambre fonc\u00e9<\/p>\n<p><strong>Nez :<\/strong> Ar\u00f4mes fruit\u00e9s et frais<\/p>\n<p><strong>Go\u00fbt :\u00a0<\/strong>Saveurs de caramel, de vanille, de ch\u00eane avec un soup\u00e7on de noix de muscade, la finale est \u00e9quilibr\u00e9e sur une texture cr\u00e9meuse<\/p>","protected":false},"excerpt":{"rendered":"<p><strong>Brandy De Jerez &#8211; Fundador Solera &#8211; Pedro Domecq\u00a0<\/strong><\/p>\n<\/p>\n<p><em>Fundador est le premier Brandy espagnol du XIX\u00e8me si\u00e8cle. C&rsquo;est un pur distillat de vins de sherry (x\u00e9r\u00e8s) scrupuleusement s\u00e9lectionn\u00e9s soigneusement vieillis par le syst\u00e8me solera dans des f\u00fbts de ch\u00eane am\u00e9ricain.\u00a0<\/em><\/p>","protected":false},"featured_media":12409,"comment_status":"open","ping_status":"open","template":"","meta":[],"product_cat":[274],"product_tag":[],"class_list":{"0":"post-9011","1":"product","2":"type-product","3":"status-publish","4":"has-post-thumbnail","6":"product_cat-cognac","7":"pa_country-espagne","8":"_wholesalex wsx-wholesalex-product","10":"first","11":"instock","12":"taxable","13":"shipping-taxable","14":"purchasable","15":"product-type-simple"},"_links":{"self":[{"href":"https:\/\/petitecave.ch\/de\/wp-json\/wp\/v2\/product\/9011","targetHints":{"allow":["GET"]}}],"collection":[{"href":"https:\/\/petitecave.ch\/de\/wp-json\/wp\/v2\/product"}],"about":[{"href":"https:\/\/petitecave.ch\/de\/wp-json\/wp\/v2\/types\/product"}],"replies":[{"embeddable":true,"href":"https:\/\/petitecave.ch\/de\/wp-json\/wp\/v2\/comments?post=9011"}],"wp:featuredmedia":[{"embeddable":true,"href":"https:\/\/petitecave.ch\/de\/wp-json\/wp\/v2\/media\/12409"}],"wp:attachment":[{"href":"https:\/\/petitecave.ch\/de\/wp-json\/wp\/v2\/media?parent=9011"}],"wp:term":[{"taxonomy":"product_cat","embeddable":true,"href":"https:\/\/petitecave.ch\/de\/wp-json\/wp\/v2\/product_cat?post=9011"},{"taxonomy":"product_tag","embeddable":true,"href":"https:\/\/petitecave.ch\/de\/wp-json\/wp\/v2\/product_tag?post=9011"}],"curies":[{"name":"wp","href":"https:\/\/api.w.org\/{rel}","templated":true}]}}