{"id":9010,"date":"2025-10-28T10:36:38","date_gmt":"2025-10-28T10:36:38","guid":{"rendered":""},"modified":"2026-02-20T16:29:55","modified_gmt":"2026-02-20T15:29:55","slug":"zekilla-70cl","status":"publish","type":"product","link":"https:\/\/petitecave.ch\/de\/product\/zekilla-70cl\/","title":{"rendered":"Zekilla 70cl"},"content":{"rendered":"","protected":false},"excerpt":{"rendered":"<p><strong>Zekilla\u00a0<\/strong><\/p>\n<\/p>\n<p><i>Zekilla est une liqueur de tequila et de cannelle au piment, forte, \u00e9pic\u00e9e et ardente. Un go\u00fbt unique gr\u00e2ce \u00e0 l&rsquo;\u00e9quilibre entre douceur et piquant.<\/i><\/p>","protected":false},"featured_media":12408,"comment_status":"open","ping_status":"open","template":"","meta":[],"product_cat":[269],"product_tag":[],"class_list":{"0":"post-9010","1":"product","2":"type-product","3":"status-publish","4":"has-post-thumbnail","6":"product_cat-liqueurs","7":"pa_country-allemagne","8":"pa_volume-70-cl","9":"_wholesalex wsx-wholesalex-product","11":"first","12":"instock","13":"taxable","14":"shipping-taxable","15":"purchasable","16":"product-type-simple"},"_links":{"self":[{"href":"https:\/\/petitecave.ch\/de\/wp-json\/wp\/v2\/product\/9010","targetHints":{"allow":["GET"]}}],"collection":[{"href":"https:\/\/petitecave.ch\/de\/wp-json\/wp\/v2\/product"}],"about":[{"href":"https:\/\/petitecave.ch\/de\/wp-json\/wp\/v2\/types\/product"}],"replies":[{"embeddable":true,"href":"https:\/\/petitecave.ch\/de\/wp-json\/wp\/v2\/comments?post=9010"}],"wp:featuredmedia":[{"embeddable":true,"href":"https:\/\/petitecave.ch\/de\/wp-json\/wp\/v2\/media\/12408"}],"wp:attachment":[{"href":"https:\/\/petitecave.ch\/de\/wp-json\/wp\/v2\/media?parent=9010"}],"wp:term":[{"taxonomy":"product_cat","embeddable":true,"href":"https:\/\/petitecave.ch\/de\/wp-json\/wp\/v2\/product_cat?post=9010"},{"taxonomy":"product_tag","embeddable":true,"href":"https:\/\/petitecave.ch\/de\/wp-json\/wp\/v2\/product_tag?post=9010"}],"curies":[{"name":"wp","href":"https:\/\/api.w.org\/{rel}","templated":true}]}}