{"id":9007,"date":"2026-02-04T14:36:35","date_gmt":"2026-02-04T13:36:35","guid":{"rendered":""},"modified":"2026-02-12T16:05:24","modified_gmt":"2026-02-12T15:05:24","slug":"tequila-sierra-reposado-70cl","status":"publish","type":"product","link":"https:\/\/petitecave.ch\/de\/product\/tequila-sierra-reposado-70cl\/","title":{"rendered":"Sierra Tequila Reposado 70cl"},"content":{"rendered":"<p><span style=\"color: #000000;\">La <strong>Sierra Tequila Reposado<\/strong>, vieillie <strong>au moins 60 jours en f\u00fbts de ch\u00eane<\/strong>, d\u00e9veloppe de d\u00e9licates <strong>notes de vanille et de toffee<\/strong>, avec des ar\u00f4mes complexes de <strong>sucre de canne, agave, cannelle, chili et coriandre<\/strong>, offrant une d\u00e9gustation <strong>riche, \u00e9pic\u00e9e et parfaitement \u00e9quilibr\u00e9e<\/strong>.<\/span><\/p>","protected":false},"excerpt":{"rendered":"<p>La Sierra Tequila Reposado, vieillie au moins 60 jours en f\u00fbts de ch\u00eane, d\u00e9veloppe de d\u00e9licates notes de vanille et de toffee, avec des ar\u00f4mes complexes de sucre de canne, agave, cannelle, chili et coriandre, offrant une d\u00e9gustation riche, \u00e9pic\u00e9e et parfaitement \u00e9quilibr\u00e9e.<\/p>","protected":false},"featured_media":18634,"comment_status":"open","ping_status":"closed","template":"","meta":[],"product_cat":[285],"product_tag":[],"class_list":{"0":"post-9007","1":"product","2":"type-product","3":"status-publish","4":"has-post-thumbnail","6":"product_cat-tequila","7":"pa_country-mexique","8":"pa_volume-70-cl","9":"_wholesalex wsx-wholesalex-product","11":"first","12":"instock","13":"taxable","14":"shipping-taxable","15":"purchasable","16":"product-type-simple"},"_links":{"self":[{"href":"https:\/\/petitecave.ch\/de\/wp-json\/wp\/v2\/product\/9007","targetHints":{"allow":["GET"]}}],"collection":[{"href":"https:\/\/petitecave.ch\/de\/wp-json\/wp\/v2\/product"}],"about":[{"href":"https:\/\/petitecave.ch\/de\/wp-json\/wp\/v2\/types\/product"}],"replies":[{"embeddable":true,"href":"https:\/\/petitecave.ch\/de\/wp-json\/wp\/v2\/comments?post=9007"}],"wp:featuredmedia":[{"embeddable":true,"href":"https:\/\/petitecave.ch\/de\/wp-json\/wp\/v2\/media\/18634"}],"wp:attachment":[{"href":"https:\/\/petitecave.ch\/de\/wp-json\/wp\/v2\/media?parent=9007"}],"wp:term":[{"taxonomy":"product_cat","embeddable":true,"href":"https:\/\/petitecave.ch\/de\/wp-json\/wp\/v2\/product_cat?post=9007"},{"taxonomy":"product_tag","embeddable":true,"href":"https:\/\/petitecave.ch\/de\/wp-json\/wp\/v2\/product_tag?post=9007"}],"curies":[{"name":"wp","href":"https:\/\/api.w.org\/{rel}","templated":true}]}}