{"id":9004,"date":"2026-02-04T14:36:32","date_gmt":"2026-02-04T13:36:32","guid":{"rendered":""},"modified":"2026-02-12T16:05:24","modified_gmt":"2026-02-12T15:05:24","slug":"tequila-patron-reposado-70cl","status":"publish","type":"product","link":"https:\/\/petitecave.ch\/de\/product\/tequila-patron-reposado-70cl\/","title":{"rendered":"Tequila Patr\u00f3n Reposado 70cl"},"content":{"rendered":"<p><span style=\"color: #000000;\">Le <strong>Patr\u00f3n Reposado<\/strong> est une <strong>tequila premium<\/strong> \u00e9l\u00e9gante, patiemment <strong>vieillie plus de deux mois en f\u00fbts de ch\u00eane<\/strong>, afin de d\u00e9velopper une <strong>robe claire<\/strong> et une subtile touche <strong>bois\u00e9e<\/strong>. Parfait \u00e9quilibre entre la vivacit\u00e9 du <strong>Patr\u00f3n Silver<\/strong> et la rondeur des tequilas plus \u00e2g\u00e9es, ce <strong>Reposado<\/strong> offre une d\u00e9gustation <strong>fra\u00eeche et harmonieuse<\/strong>. En bouche, il r\u00e9v\u00e8le de d\u00e9licates <strong>notes de miel et de vanille<\/strong>, avec une finale douce et raffin\u00e9e. Une <strong>tequila Reposado<\/strong> id\u00e9ale \u00e0 savourer pure, sur glace ou en cocktail premium.<\/span><\/p>\n<p>&nbsp;<\/p>","protected":false},"excerpt":{"rendered":"<p>Le Patr\u00f3n Reposado est une tequila premium \u00e9l\u00e9gante, patiemment vieillie plus de deux mois en f\u00fbts de ch\u00eane, afin de d\u00e9velopper une robe claire et une subtile touche bois\u00e9e. Parfait \u00e9quilibre entre la vivacit\u00e9 du Patr\u00f3n Silver et la rondeur des tequilas plus \u00e2g\u00e9es, ce Reposado offre une d\u00e9gustation fra\u00eeche et harmonieuse. En bouche, il [&hellip;]<\/p>\n","protected":false},"featured_media":18639,"comment_status":"open","ping_status":"closed","template":"","meta":[],"product_cat":[285],"product_tag":[],"class_list":{"0":"post-9004","1":"product","2":"type-product","3":"status-publish","4":"has-post-thumbnail","6":"product_cat-tequila","7":"pa_country-mexique","8":"pa_volume-70-cl","9":"_wholesalex wsx-wholesalex-product","11":"first","12":"instock","13":"taxable","14":"shipping-taxable","15":"purchasable","16":"product-type-simple"},"_links":{"self":[{"href":"https:\/\/petitecave.ch\/de\/wp-json\/wp\/v2\/product\/9004","targetHints":{"allow":["GET"]}}],"collection":[{"href":"https:\/\/petitecave.ch\/de\/wp-json\/wp\/v2\/product"}],"about":[{"href":"https:\/\/petitecave.ch\/de\/wp-json\/wp\/v2\/types\/product"}],"replies":[{"embeddable":true,"href":"https:\/\/petitecave.ch\/de\/wp-json\/wp\/v2\/comments?post=9004"}],"wp:featuredmedia":[{"embeddable":true,"href":"https:\/\/petitecave.ch\/de\/wp-json\/wp\/v2\/media\/18639"}],"wp:attachment":[{"href":"https:\/\/petitecave.ch\/de\/wp-json\/wp\/v2\/media?parent=9004"}],"wp:term":[{"taxonomy":"product_cat","embeddable":true,"href":"https:\/\/petitecave.ch\/de\/wp-json\/wp\/v2\/product_cat?post=9004"},{"taxonomy":"product_tag","embeddable":true,"href":"https:\/\/petitecave.ch\/de\/wp-json\/wp\/v2\/product_tag?post=9004"}],"curies":[{"name":"wp","href":"https:\/\/api.w.org\/{rel}","templated":true}]}}