{"id":9001,"date":"2026-02-04T15:36:30","date_gmt":"2026-02-04T14:36:30","guid":{"rendered":""},"modified":"2026-02-12T17:28:21","modified_gmt":"2026-02-12T16:28:21","slug":"tequila-jose-cuervo-especial-reposado-70cl","status":"publish","type":"product","link":"https:\/\/petitecave.ch\/de\/product\/tequila-jose-cuervo-especial-reposado-70cl\/","title":{"rendered":"Jose Cuervo Especial Tequila Reposado 70cl"},"content":{"rendered":"<p><span style=\"color: #000000;\"><strong>Au nez<\/strong>, cette tequila d\u00e9voile une belle intensit\u00e9 d\u2019<strong>agave<\/strong>, relev\u00e9e par une <strong>fum\u00e9e subtile<\/strong> et \u00e9l\u00e9gante. <strong>En bouche<\/strong>, l\u2019\u00e9quilibre est parfaitement ma\u00eetris\u00e9 : une attaque <strong>douce et l\u00e9g\u00e8rement fum\u00e9e<\/strong>, suivie de <strong>notes fruit\u00e9es<\/strong> gourmandes, avec une touche de <strong>terre min\u00e9rale<\/strong> qui apporte profondeur et caract\u00e8re. Une d\u00e9gustation \u00e0 la fois <strong>expressive, authentique et terriblement addictive<\/strong>.<\/span><\/p>","protected":false},"excerpt":{"rendered":"<p>Au nez, cette tequila d\u00e9voile une belle intensit\u00e9 d\u2019agave, relev\u00e9e par une fum\u00e9e subtile et \u00e9l\u00e9gante. En bouche, l\u2019\u00e9quilibre est parfaitement ma\u00eetris\u00e9 : une attaque douce et l\u00e9g\u00e8rement fum\u00e9e, suivie de notes fruit\u00e9es gourmandes, avec une touche de terre min\u00e9rale qui apporte profondeur et caract\u00e8re. Une d\u00e9gustation \u00e0 la fois expressive, authentique et terriblement addictive.<\/p>","protected":false},"featured_media":18648,"comment_status":"open","ping_status":"closed","template":"","meta":[],"product_cat":[285],"product_tag":[],"class_list":{"0":"post-9001","1":"product","2":"type-product","3":"status-publish","4":"has-post-thumbnail","6":"product_cat-tequila","7":"pa_country-mexique","8":"pa_volume-70-cl","9":"_wholesalex wsx-wholesalex-product","11":"first","12":"instock","13":"taxable","14":"shipping-taxable","15":"purchasable","16":"product-type-simple"},"_links":{"self":[{"href":"https:\/\/petitecave.ch\/de\/wp-json\/wp\/v2\/product\/9001","targetHints":{"allow":["GET"]}}],"collection":[{"href":"https:\/\/petitecave.ch\/de\/wp-json\/wp\/v2\/product"}],"about":[{"href":"https:\/\/petitecave.ch\/de\/wp-json\/wp\/v2\/types\/product"}],"replies":[{"embeddable":true,"href":"https:\/\/petitecave.ch\/de\/wp-json\/wp\/v2\/comments?post=9001"}],"wp:featuredmedia":[{"embeddable":true,"href":"https:\/\/petitecave.ch\/de\/wp-json\/wp\/v2\/media\/18648"}],"wp:attachment":[{"href":"https:\/\/petitecave.ch\/de\/wp-json\/wp\/v2\/media?parent=9001"}],"wp:term":[{"taxonomy":"product_cat","embeddable":true,"href":"https:\/\/petitecave.ch\/de\/wp-json\/wp\/v2\/product_cat?post=9001"},{"taxonomy":"product_tag","embeddable":true,"href":"https:\/\/petitecave.ch\/de\/wp-json\/wp\/v2\/product_tag?post=9001"}],"curies":[{"name":"wp","href":"https:\/\/api.w.org\/{rel}","templated":true}]}}