{"id":9000,"date":"2026-02-04T15:36:29","date_gmt":"2026-02-04T14:36:29","guid":{"rendered":""},"modified":"2026-02-12T16:05:24","modified_gmt":"2026-02-12T15:05:24","slug":"tequila-jose-cuervo-especial-blanche-70cl","status":"publish","type":"product","link":"https:\/\/petitecave.ch\/de\/product\/tequila-jose-cuervo-especial-blanche-70cl\/","title":{"rendered":"Jose Cuervo Especial Tequila Silver 70cl"},"content":{"rendered":"<p><span style=\"color: #000000;\">Parfaitement <strong>\u00e9quilibr\u00e9<\/strong>, ce spiritueux d\u00e9voile une palette aromatique <strong>v\u00e9g\u00e9tale et \u00e9pic\u00e9e<\/strong>, relev\u00e9e par de belles <strong>notes d\u2019agrumes<\/strong>. En bouche, l\u2019ensemble est <strong>frais, expressif et harmonieux<\/strong>, avec une finale vive et \u00e9l\u00e9gante qui donne envie d\u2019y revenir.<\/span><\/p>","protected":false},"excerpt":{"rendered":"<p>Parfaitement \u00e9quilibr\u00e9, ce spiritueux d\u00e9voile une palette aromatique v\u00e9g\u00e9tale et \u00e9pic\u00e9e, relev\u00e9e par de belles notes d\u2019agrumes. En bouche, l\u2019ensemble est frais, expressif et harmonieux, avec une finale vive et \u00e9l\u00e9gante qui donne envie d\u2019y revenir.<\/p>","protected":false},"featured_media":18651,"comment_status":"open","ping_status":"closed","template":"","meta":[],"product_cat":[285],"product_tag":[],"class_list":{"0":"post-9000","1":"product","2":"type-product","3":"status-publish","4":"has-post-thumbnail","6":"product_cat-tequila","7":"pa_country-mexique","8":"pa_volume-70-cl","9":"_wholesalex wsx-wholesalex-product","11":"first","12":"instock","13":"taxable","14":"shipping-taxable","15":"purchasable","16":"product-type-simple"},"_links":{"self":[{"href":"https:\/\/petitecave.ch\/de\/wp-json\/wp\/v2\/product\/9000","targetHints":{"allow":["GET"]}}],"collection":[{"href":"https:\/\/petitecave.ch\/de\/wp-json\/wp\/v2\/product"}],"about":[{"href":"https:\/\/petitecave.ch\/de\/wp-json\/wp\/v2\/types\/product"}],"replies":[{"embeddable":true,"href":"https:\/\/petitecave.ch\/de\/wp-json\/wp\/v2\/comments?post=9000"}],"wp:featuredmedia":[{"embeddable":true,"href":"https:\/\/petitecave.ch\/de\/wp-json\/wp\/v2\/media\/18651"}],"wp:attachment":[{"href":"https:\/\/petitecave.ch\/de\/wp-json\/wp\/v2\/media?parent=9000"}],"wp:term":[{"taxonomy":"product_cat","embeddable":true,"href":"https:\/\/petitecave.ch\/de\/wp-json\/wp\/v2\/product_cat?post=9000"},{"taxonomy":"product_tag","embeddable":true,"href":"https:\/\/petitecave.ch\/de\/wp-json\/wp\/v2\/product_tag?post=9000"}],"curies":[{"name":"wp","href":"https:\/\/api.w.org\/{rel}","templated":true}]}}