{"id":8999,"date":"2026-02-04T15:36:28","date_gmt":"2026-02-04T14:36:28","guid":{"rendered":""},"modified":"2026-02-12T16:05:24","modified_gmt":"2026-02-12T15:05:24","slug":"tequila-espolon-reposado-70cl","status":"publish","type":"product","link":"https:\/\/petitecave.ch\/de\/product\/tequila-espolon-reposado-70cl\/","title":{"rendered":"Espol\u00f2n Tequila Reposado 70cl"},"content":{"rendered":"<p>\u00c9labor\u00e9e \u00e0 partir de <strong>100% d\u2019agave Blue Weber<\/strong>, cette <strong>Tequila Reposado<\/strong> est <strong>vieillie au minimum deux mois en f\u00fbts de ch\u00eane am\u00e9ricain<\/strong>, pour offrir un \u00e9quilibre parfait entre fra\u00eecheur et rondeur. \u00c0 la d\u00e9gustation, elle r\u00e9v\u00e8le une belle douceur bois\u00e9e et une texture harmonieuse, id\u00e9ale \u00e0 partager entre amis : <strong>pure<\/strong>, <strong>sur glace<\/strong> ou en <strong>cocktail<\/strong> au moment magique de la <strong>golden hour<\/strong>. Et entre nous\u2026 c\u2019est clairement <strong>l\u2019une des meilleures tequilas pour une Margarita<\/strong> r\u00e9ussie, intense, gourmande et ultra rafra\u00eechissante.<\/p>","protected":false},"excerpt":{"rendered":"<p>\u00c9labor\u00e9e \u00e0 partir de 100% d\u2019agave Blue Weber, cette Tequila Reposado est vieillie au minimum deux mois en f\u00fbts de ch\u00eane am\u00e9ricain, pour offrir un \u00e9quilibre parfait entre fra\u00eecheur et rondeur. \u00c0 la d\u00e9gustation, elle r\u00e9v\u00e8le une belle douceur bois\u00e9e et une texture harmonieuse, id\u00e9ale \u00e0 partager entre amis : pure, sur glace ou en [&hellip;]<\/p>\n","protected":false},"featured_media":18654,"comment_status":"open","ping_status":"closed","template":"","meta":[],"product_cat":[285],"product_tag":[],"class_list":{"0":"post-8999","1":"product","2":"type-product","3":"status-publish","4":"has-post-thumbnail","6":"product_cat-tequila","7":"pa_country-mexique","8":"pa_volume-70-cl","9":"_wholesalex wsx-wholesalex-product","11":"first","12":"instock","13":"taxable","14":"shipping-taxable","15":"purchasable","16":"product-type-simple"},"_links":{"self":[{"href":"https:\/\/petitecave.ch\/de\/wp-json\/wp\/v2\/product\/8999","targetHints":{"allow":["GET"]}}],"collection":[{"href":"https:\/\/petitecave.ch\/de\/wp-json\/wp\/v2\/product"}],"about":[{"href":"https:\/\/petitecave.ch\/de\/wp-json\/wp\/v2\/types\/product"}],"replies":[{"embeddable":true,"href":"https:\/\/petitecave.ch\/de\/wp-json\/wp\/v2\/comments?post=8999"}],"wp:featuredmedia":[{"embeddable":true,"href":"https:\/\/petitecave.ch\/de\/wp-json\/wp\/v2\/media\/18654"}],"wp:attachment":[{"href":"https:\/\/petitecave.ch\/de\/wp-json\/wp\/v2\/media?parent=8999"}],"wp:term":[{"taxonomy":"product_cat","embeddable":true,"href":"https:\/\/petitecave.ch\/de\/wp-json\/wp\/v2\/product_cat?post=8999"},{"taxonomy":"product_tag","embeddable":true,"href":"https:\/\/petitecave.ch\/de\/wp-json\/wp\/v2\/product_tag?post=8999"}],"curies":[{"name":"wp","href":"https:\/\/api.w.org\/{rel}","templated":true}]}}