{"id":8998,"date":"2026-02-04T15:36:27","date_gmt":"2026-02-04T14:36:27","guid":{"rendered":""},"modified":"2026-02-12T16:05:24","modified_gmt":"2026-02-12T15:05:24","slug":"tequila-espolon-blanco-70cl","status":"publish","type":"product","link":"https:\/\/petitecave.ch\/de\/product\/tequila-espolon-blanco-70cl\/","title":{"rendered":"Espol\u00f3n Tequila Blanco 70cl"},"content":{"rendered":"<p>La <strong>Tequila Blanco<\/strong> (non vieillie) est \u00e9labor\u00e9e \u00e0 partir de <strong>100% d\u2019agave Blue Weber<\/strong>, pour exprimer toute la fra\u00eecheur et la puret\u00e9 de l\u2019agave. Sans passage en f\u00fbt, elle offre un profil <strong>parfaitement lisse, \u00e9quilibr\u00e9 et ultra net<\/strong>, avec une belle vivacit\u00e9 en bouche. \u00c0 d\u00e9guster <strong>pure<\/strong>, <strong>shak\u00e9e sur glace<\/strong> ou dans ton <strong>cocktail pr\u00e9f\u00e9r\u00e9<\/strong> (Margarita, Paloma, Tequila Sunrise\u2026), c\u2019est la tequila id\u00e9ale pour des cr\u00e9ations fra\u00eeches, pr\u00e9cises et pleines de caract\u00e8re.<\/p>","protected":false},"excerpt":{"rendered":"<p>La Tequila Blanco (non vieillie) est \u00e9labor\u00e9e \u00e0 partir de 100% d\u2019agave Blue Weber, pour exprimer toute la fra\u00eecheur et la puret\u00e9 de l\u2019agave. Sans passage en f\u00fbt, elle offre un profil parfaitement lisse, \u00e9quilibr\u00e9 et ultra net, avec une belle vivacit\u00e9 en bouche. \u00c0 d\u00e9guster pure, shak\u00e9e sur glace ou dans ton cocktail pr\u00e9f\u00e9r\u00e9 [&hellip;]<\/p>\n","protected":false},"featured_media":18657,"comment_status":"open","ping_status":"closed","template":"","meta":[],"product_cat":[285],"product_tag":[],"class_list":{"0":"post-8998","1":"product","2":"type-product","3":"status-publish","4":"has-post-thumbnail","6":"product_cat-tequila","7":"pa_country-mexique","8":"pa_volume-70-cl","9":"_wholesalex wsx-wholesalex-product","11":"first","12":"instock","13":"taxable","14":"shipping-taxable","15":"purchasable","16":"product-type-simple"},"_links":{"self":[{"href":"https:\/\/petitecave.ch\/de\/wp-json\/wp\/v2\/product\/8998","targetHints":{"allow":["GET"]}}],"collection":[{"href":"https:\/\/petitecave.ch\/de\/wp-json\/wp\/v2\/product"}],"about":[{"href":"https:\/\/petitecave.ch\/de\/wp-json\/wp\/v2\/types\/product"}],"replies":[{"embeddable":true,"href":"https:\/\/petitecave.ch\/de\/wp-json\/wp\/v2\/comments?post=8998"}],"wp:featuredmedia":[{"embeddable":true,"href":"https:\/\/petitecave.ch\/de\/wp-json\/wp\/v2\/media\/18657"}],"wp:attachment":[{"href":"https:\/\/petitecave.ch\/de\/wp-json\/wp\/v2\/media?parent=8998"}],"wp:term":[{"taxonomy":"product_cat","embeddable":true,"href":"https:\/\/petitecave.ch\/de\/wp-json\/wp\/v2\/product_cat?post=8998"},{"taxonomy":"product_tag","embeddable":true,"href":"https:\/\/petitecave.ch\/de\/wp-json\/wp\/v2\/product_tag?post=8998"}],"curies":[{"name":"wp","href":"https:\/\/api.w.org\/{rel}","templated":true}]}}