{"id":8996,"date":"2026-02-04T16:36:26","date_gmt":"2026-02-04T15:36:26","guid":{"rendered":""},"modified":"2026-02-12T16:05:23","modified_gmt":"2026-02-12T15:05:23","slug":"tequila-cazadores-blanco-70cl","status":"publish","type":"product","link":"https:\/\/petitecave.ch\/de\/product\/tequila-cazadores-blanco-70cl\/","title":{"rendered":"Cazadores Tequila Blanco 70cl"},"content":{"rendered":"<p>La <strong>Tequila CAZADORES Blanco<\/strong>, non vieillie et \u00e9labor\u00e9e \u00e0 <strong>100% d\u2019agave Blue Weber<\/strong>, r\u00e9v\u00e8le une expression pure et intense de l\u2019agave, aux <strong>notes d\u2019agrumes et d\u2019herbes aromatiques<\/strong>, avec une <strong>finale douce<\/strong>, parfaite <strong>pure<\/strong> ou en cocktail (Paloma, Margarita\u2026).<\/p>","protected":false},"excerpt":{"rendered":"<p>La Tequila CAZADORES Blanco, non vieillie et \u00e9labor\u00e9e \u00e0 100% d\u2019agave Blue Weber, r\u00e9v\u00e8le une expression pure et intense de l\u2019agave, aux notes d\u2019agrumes et d\u2019herbes aromatiques, avec une finale douce, parfaite pure ou en cocktail (Paloma, Margarita\u2026).<\/p>","protected":false},"featured_media":18660,"comment_status":"open","ping_status":"closed","template":"","meta":[],"product_cat":[285],"product_tag":[],"class_list":{"0":"post-8996","1":"product","2":"type-product","3":"status-publish","4":"has-post-thumbnail","6":"product_cat-tequila","7":"pa_country-mexique","8":"pa_volume-70-cl","9":"_wholesalex wsx-wholesalex-product","11":"first","12":"instock","13":"taxable","14":"shipping-taxable","15":"purchasable","16":"product-type-simple"},"_links":{"self":[{"href":"https:\/\/petitecave.ch\/de\/wp-json\/wp\/v2\/product\/8996","targetHints":{"allow":["GET"]}}],"collection":[{"href":"https:\/\/petitecave.ch\/de\/wp-json\/wp\/v2\/product"}],"about":[{"href":"https:\/\/petitecave.ch\/de\/wp-json\/wp\/v2\/types\/product"}],"replies":[{"embeddable":true,"href":"https:\/\/petitecave.ch\/de\/wp-json\/wp\/v2\/comments?post=8996"}],"wp:featuredmedia":[{"embeddable":true,"href":"https:\/\/petitecave.ch\/de\/wp-json\/wp\/v2\/media\/18660"}],"wp:attachment":[{"href":"https:\/\/petitecave.ch\/de\/wp-json\/wp\/v2\/media?parent=8996"}],"wp:term":[{"taxonomy":"product_cat","embeddable":true,"href":"https:\/\/petitecave.ch\/de\/wp-json\/wp\/v2\/product_cat?post=8996"},{"taxonomy":"product_tag","embeddable":true,"href":"https:\/\/petitecave.ch\/de\/wp-json\/wp\/v2\/product_tag?post=8996"}],"curies":[{"name":"wp","href":"https:\/\/api.w.org\/{rel}","templated":true}]}}