{"id":8995,"date":"2025-10-28T10:36:25","date_gmt":"2025-10-28T10:36:25","guid":{"rendered":""},"modified":"2026-02-20T14:32:19","modified_gmt":"2026-02-20T13:32:19","slug":"suze-1-5l","status":"publish","type":"product","link":"https:\/\/petitecave.ch\/de\/product\/suze-1-5l\/","title":{"rendered":"Suze 150cl"},"content":{"rendered":"<p>Go\u00fbt sucr\u00e9 avec des notes de gentiane et d&rsquo;herbes.<\/p>","protected":false},"excerpt":{"rendered":"<p><b>Suze &#8211; Maison Pernod\u00a0<\/b><\/p>\n<p>\u00a0<\/p>\n<p class=\"text-sm md:text-base mb-4 md:mb-10 tracking-tight\"><i>Liqueur fran\u00e7aise \u00e0 base de racine de gentiane comme ingr\u00e9dient principal. La bouteille a \u00e9t\u00e9 con\u00e7ue par Henri Porte et n&rsquo;est disponible qu&rsquo;en \u00e9dition limit\u00e9e.<\/i><\/p>\n<div class=\"mb-4\"><i>L&rsquo;origine de la liqueur d\u2019herbes \u00ab\u00a0Suze\u00a0\u00bb n&rsquo;est pas tout \u00e0 fait claire. Il y a beaucoup d&rsquo;indications que ses racines se trouvent en Suisse, plus pr\u00e9cis\u00e9ment dans le Jura bernois \u2013 en effet, l&rsquo;un des principaux ingr\u00e9dients (la gentiane jaune) y pousse et il y a m\u00eame une rivi\u00e8re appel\u00e9e Suze. L&rsquo;inventeur Hans Kappeler aurait oubli\u00e9 de breveter sa recette et aurait d\u00fb la vendre \u00e0 un Fran\u00e7ais pour des raisons financi\u00e8res. Une autre source rapporte que \u00ab\u00a0Suze\u00a0\u00bb a \u00e9t\u00e9 invent\u00e9e par le Fran\u00e7ais Fernand Moureaux, qui a donn\u00e9 \u00e0 la liqueur \u00e0 base de plantes le surnom de sa belle-s\u0153ur, Suze. Quoi qu\u2019il en soit, Suze est aujourd&rsquo;hui produite par le Groupe Pernod Ricard en France, selon l&rsquo;ancienne recette traditionnelle. La marque a toujours eu un lien particulier avec divers artistes. Picasso avait commenc\u00e9 une repr\u00e9sentation d\u2019une bouteille de Suze en 1912, et depuis 2001, un certain nombre d&rsquo;artistes renomm\u00e9s ont pu proposer leur propre interpr\u00e9tation de la liqueur, qui est ensuite disponible en \u00e9ditions limit\u00e9es.<\/i><\/div>","protected":false},"featured_media":12393,"comment_status":"open","ping_status":"open","template":"","meta":[],"product_cat":[271],"product_tag":[],"class_list":{"0":"post-8995","1":"product","2":"type-product","3":"status-publish","4":"has-post-thumbnail","6":"product_cat-aperitif","7":"pa_country-france","8":"_wholesalex wsx-wholesalex-product","10":"first","11":"instock","12":"taxable","13":"shipping-taxable","14":"purchasable","15":"product-type-simple"},"_links":{"self":[{"href":"https:\/\/petitecave.ch\/de\/wp-json\/wp\/v2\/product\/8995","targetHints":{"allow":["GET"]}}],"collection":[{"href":"https:\/\/petitecave.ch\/de\/wp-json\/wp\/v2\/product"}],"about":[{"href":"https:\/\/petitecave.ch\/de\/wp-json\/wp\/v2\/types\/product"}],"replies":[{"embeddable":true,"href":"https:\/\/petitecave.ch\/de\/wp-json\/wp\/v2\/comments?post=8995"}],"wp:featuredmedia":[{"embeddable":true,"href":"https:\/\/petitecave.ch\/de\/wp-json\/wp\/v2\/media\/12393"}],"wp:attachment":[{"href":"https:\/\/petitecave.ch\/de\/wp-json\/wp\/v2\/media?parent=8995"}],"wp:term":[{"taxonomy":"product_cat","embeddable":true,"href":"https:\/\/petitecave.ch\/de\/wp-json\/wp\/v2\/product_cat?post=8995"},{"taxonomy":"product_tag","embeddable":true,"href":"https:\/\/petitecave.ch\/de\/wp-json\/wp\/v2\/product_tag?post=8995"}],"curies":[{"name":"wp","href":"https:\/\/api.w.org\/{rel}","templated":true}]}}